{"id":11216,"date":"2026-02-16T12:28:26","date_gmt":"2026-02-16T12:28:26","guid":{"rendered":"https:\/\/engitech.az\/?post_type=product&#038;p=11216"},"modified":"2026-02-16T12:28:26","modified_gmt":"2026-02-16T12:28:26","slug":"smartec-fire-doors","status":"publish","type":"product","link":"https:\/\/engitech.az\/en\/product\/smartec-fire-doors\/","title":{"rendered":"SMARTec Fire Doors"},"content":{"rendered":"<p>\u2022 <strong data-start=\"202\" data-end=\"210\">Type:<\/strong> Fire-Rated Door (Yan\u011f\u0131na davaml\u0131 qap\u0131)<br data-start=\"249\" data-end=\"252\" \/>\u2022 <strong data-start=\"254\" data-end=\"264\">Model:<\/strong> SMARTec Fire Doors<br data-start=\"283\" data-end=\"286\" \/>\u2022 <strong data-start=\"288\" data-end=\"298\">Marka:<\/strong> ASSA ABLOY<br data-start=\"309\" data-end=\"312\" \/>\u2022 <strong data-start=\"314\" data-end=\"327\">Function:<\/strong> Yan\u011f\u0131n zaman\u0131 alovu v\u0259 t\u00fcst\u00fcn\u00fc ke\u00e7irm\u0259y\u0259n qap\u0131 sistemi<br data-start=\"382\" data-end=\"385\" \/>\u2022 <strong data-start=\"387\" data-end=\"399\">Reytinq:<\/strong> FD60 \/ FD90 v\u0259 dig\u0259r yan\u011f\u0131n sinifl\u0259rin\u0259 uy\u011fun<br data-start=\"445\" data-end=\"448\" \/>\u2022 <strong data-start=\"450\" data-end=\"463\">Material:<\/strong> Polad \/ izolyasiya materiallar\u0131 il\u0259 m\u00f6hk\u0259ml\u0259ndirilmi\u015f<br data-start=\"517\" data-end=\"520\" \/>\u2022 <strong data-start=\"522\" data-end=\"532\">Additional:<\/strong> Smoke seal v\u0259 fire door hardware d\u0259st\u0259yi<\/p>","protected":false},"excerpt":{"rendered":"<p>\u2022 N\u00f6v: Fire-Rated Door (Yan\u011f\u0131na davaml\u0131 qap\u0131)\u2022 Model: SMARTec Fire  [&#8230;]<\/p>","protected":false},"featured_media":11217,"comment_status":"open","ping_status":"closed","template":"","meta":[],"product_brand":[],"product_cat":[357],"product_tag":[],"class_list":{"0":"post-11216","1":"product","2":"type-product","3":"status-publish","4":"has-post-thumbnail","6":"product_cat-assa-abloy","7":"pa_mehsul-tipi-fire-doors","9":"first","10":"instock","11":"sold-individually","12":"shipping-taxable","13":"purchasable","14":"product-type-simple"},"_links":{"self":[{"href":"https:\/\/engitech.az\/en\/wp-json\/wp\/v2\/product\/11216","targetHints":{"allow":["GET"]}}],"collection":[{"href":"https:\/\/engitech.az\/en\/wp-json\/wp\/v2\/product"}],"about":[{"href":"https:\/\/engitech.az\/en\/wp-json\/wp\/v2\/types\/product"}],"replies":[{"embeddable":true,"href":"https:\/\/engitech.az\/en\/wp-json\/wp\/v2\/comments?post=11216"}],"wp:featuredmedia":[{"embeddable":true,"href":"https:\/\/engitech.az\/en\/wp-json\/wp\/v2\/media\/11217"}],"wp:attachment":[{"href":"https:\/\/engitech.az\/en\/wp-json\/wp\/v2\/media?parent=11216"}],"wp:term":[{"taxonomy":"product_brand","embeddable":true,"href":"https:\/\/engitech.az\/en\/wp-json\/wp\/v2\/product_brand?post=11216"},{"taxonomy":"product_cat","embeddable":true,"href":"https:\/\/engitech.az\/en\/wp-json\/wp\/v2\/product_cat?post=11216"},{"taxonomy":"product_tag","embeddable":true,"href":"https:\/\/engitech.az\/en\/wp-json\/wp\/v2\/product_tag?post=11216"}],"curies":[{"name":"wp","href":"https:\/\/api.w.org\/{rel}","templated":true}]}}