{"id":11218,"date":"2026-02-16T13:21:20","date_gmt":"2026-02-16T13:21:20","guid":{"rendered":"https:\/\/engitech.az\/?post_type=product&#038;p=11218"},"modified":"2026-02-16T13:21:20","modified_gmt":"2026-02-16T13:21:20","slug":"indoor-led-clock-style-10","status":"publish","type":"product","link":"https:\/\/engitech.az\/en\/product\/indoor-led-clock-style-10\/","title":{"rendered":"Indoor LED clock &#8211; Style 10"},"content":{"rendered":"<p data-start=\"72\" data-end=\"272\">\u2022 <strong data-start=\"74\" data-end=\"82\">Type:<\/strong> Indoor LED Clock<br data-start=\"99\" data-end=\"102\" \/>\u2022 <strong data-start=\"104\" data-end=\"114\">Model:<\/strong> Style 10<br data-start=\"123\" data-end=\"126\" \/>\u2022 <strong data-start=\"128\" data-end=\"141\">Function:<\/strong> Daxili m\u0259kan \u00fc\u00e7\u00fcn LED saat<br data-start=\"168\" data-end=\"171\" \/>\u2022 <strong data-start=\"173\" data-end=\"183\">Screen:<\/strong> LED g\u00f6st\u0259rici<br data-start=\"197\" data-end=\"200\" \/>\u2022 <strong data-start=\"202\" data-end=\"213\">Assembly:<\/strong> Divar \u00fcz\u0259rin\u0259<br data-start=\"227\" data-end=\"230\" \/>\u2022 <strong data-start=\"232\" data-end=\"242\">Additional:<\/strong> Ayd\u0131n g\u00f6r\u00fcn\u0259n r\u0259q\u0259msal saat<\/p>","protected":false},"excerpt":{"rendered":"<p>\u2022 N\u00f6v: Indoor LED Clock\u2022 Model: Style 10\u2022 Funksiya: Daxili  [&#8230;]<\/p>","protected":false},"featured_media":11226,"comment_status":"open","ping_status":"closed","template":"","meta":[],"product_brand":[],"product_cat":[204],"product_tag":[],"class_list":{"0":"post-11218","1":"product","2":"type-product","3":"status-publish","4":"has-post-thumbnail","6":"product_cat-bodet-time","7":"pa_mehsul-tipi-indoor-led-clocks","9":"first","10":"instock","11":"sold-individually","12":"shipping-taxable","13":"purchasable","14":"product-type-simple"},"_links":{"self":[{"href":"https:\/\/engitech.az\/en\/wp-json\/wp\/v2\/product\/11218","targetHints":{"allow":["GET"]}}],"collection":[{"href":"https:\/\/engitech.az\/en\/wp-json\/wp\/v2\/product"}],"about":[{"href":"https:\/\/engitech.az\/en\/wp-json\/wp\/v2\/types\/product"}],"replies":[{"embeddable":true,"href":"https:\/\/engitech.az\/en\/wp-json\/wp\/v2\/comments?post=11218"}],"wp:featuredmedia":[{"embeddable":true,"href":"https:\/\/engitech.az\/en\/wp-json\/wp\/v2\/media\/11226"}],"wp:attachment":[{"href":"https:\/\/engitech.az\/en\/wp-json\/wp\/v2\/media?parent=11218"}],"wp:term":[{"taxonomy":"product_brand","embeddable":true,"href":"https:\/\/engitech.az\/en\/wp-json\/wp\/v2\/product_brand?post=11218"},{"taxonomy":"product_cat","embeddable":true,"href":"https:\/\/engitech.az\/en\/wp-json\/wp\/v2\/product_cat?post=11218"},{"taxonomy":"product_tag","embeddable":true,"href":"https:\/\/engitech.az\/en\/wp-json\/wp\/v2\/product_tag?post=11218"}],"curies":[{"name":"wp","href":"https:\/\/api.w.org\/{rel}","templated":true}]}}