{"id":11229,"date":"2026-02-16T13:24:06","date_gmt":"2026-02-16T13:24:06","guid":{"rendered":"https:\/\/engitech.az\/?post_type=product&#038;p=11229"},"modified":"2026-02-16T13:24:06","modified_gmt":"2026-02-16T13:24:06","slug":"indoor-led-clock-style-10d","status":"publish","type":"product","link":"https:\/\/engitech.az\/en\/product\/indoor-led-clock-style-10d\/","title":{"rendered":"Indoor LED clock &#8211; Style 10D"},"content":{"rendered":"<p>\u2022 <strong data-start=\"75\" data-end=\"83\">Type:<\/strong> Indoor LED Clock<br data-start=\"100\" data-end=\"103\" \/>\u2022 <strong data-start=\"105\" data-end=\"115\">Model:<\/strong> Style 10D<br data-start=\"125\" data-end=\"128\" \/>\u2022 <strong data-start=\"130\" data-end=\"140\">Marka:<\/strong> <strong data-start=\"141\" data-end=\"155\">Bodet Time<\/strong><br data-start=\"155\" data-end=\"158\" \/>\u2022 <strong data-start=\"160\" data-end=\"173\">Function:<\/strong> Daxili m\u0259kan \u00fc\u00e7\u00fcn LED r\u0259q\u0259msal saat<br data-start=\"209\" data-end=\"212\" \/>\u2022 <strong data-start=\"214\" data-end=\"224\">Screen:<\/strong> LED g\u00f6st\u0259rici<br data-start=\"238\" data-end=\"241\" \/>\u2022 <strong data-start=\"243\" data-end=\"254\">Assembly:<\/strong> Divar \u00fcz\u0259rin\u0259<br data-start=\"268\" data-end=\"271\" \/>\u2022 <strong data-start=\"273\" data-end=\"283\">Additional:<\/strong> Ayd\u0131n r\u0259q\u0259ml\u0259r, ictimai yerl\u0259r \u00fc\u00e7\u00fcn uy\u011fundur<\/p>","protected":false},"excerpt":{"rendered":"<p>\u2022 N\u00f6v: Indoor LED Clock\u2022 Model: Style 10D\u2022 Marka: Bodet  [&#8230;]<\/p>","protected":false},"featured_media":11230,"comment_status":"open","ping_status":"closed","template":"","meta":[],"product_brand":[],"product_cat":[204],"product_tag":[],"class_list":{"0":"post-11229","1":"product","2":"type-product","3":"status-publish","4":"has-post-thumbnail","6":"product_cat-bodet-time","7":"pa_mehsul-tipi-indoor-led-clocks","9":"first","10":"instock","11":"sold-individually","12":"shipping-taxable","13":"purchasable","14":"product-type-simple"},"_links":{"self":[{"href":"https:\/\/engitech.az\/en\/wp-json\/wp\/v2\/product\/11229","targetHints":{"allow":["GET"]}}],"collection":[{"href":"https:\/\/engitech.az\/en\/wp-json\/wp\/v2\/product"}],"about":[{"href":"https:\/\/engitech.az\/en\/wp-json\/wp\/v2\/types\/product"}],"replies":[{"embeddable":true,"href":"https:\/\/engitech.az\/en\/wp-json\/wp\/v2\/comments?post=11229"}],"wp:featuredmedia":[{"embeddable":true,"href":"https:\/\/engitech.az\/en\/wp-json\/wp\/v2\/media\/11230"}],"wp:attachment":[{"href":"https:\/\/engitech.az\/en\/wp-json\/wp\/v2\/media?parent=11229"}],"wp:term":[{"taxonomy":"product_brand","embeddable":true,"href":"https:\/\/engitech.az\/en\/wp-json\/wp\/v2\/product_brand?post=11229"},{"taxonomy":"product_cat","embeddable":true,"href":"https:\/\/engitech.az\/en\/wp-json\/wp\/v2\/product_cat?post=11229"},{"taxonomy":"product_tag","embeddable":true,"href":"https:\/\/engitech.az\/en\/wp-json\/wp\/v2\/product_tag?post=11229"}],"curies":[{"name":"wp","href":"https:\/\/api.w.org\/{rel}","templated":true}]}}