{"id":11231,"date":"2026-02-17T05:11:49","date_gmt":"2026-02-17T05:11:49","guid":{"rendered":"https:\/\/engitech.az\/?post_type=product&#038;p=11231"},"modified":"2026-02-17T05:11:49","modified_gmt":"2026-02-17T05:11:49","slug":"indoor-led-clock-style-10-sd","status":"publish","type":"product","link":"https:\/\/engitech.az\/en\/product\/indoor-led-clock-style-10-sd\/","title":{"rendered":"Indoor LED clock &#8211; Style 10 SD"},"content":{"rendered":"<p data-start=\"75\" data-end=\"345\">\u2022 <strong data-start=\"77\" data-end=\"85\">Type:<\/strong> Indoor LED Clock<br data-start=\"102\" data-end=\"105\" \/>\u2022 <strong data-start=\"107\" data-end=\"117\">Model:<\/strong> Style 10 SD<br data-start=\"129\" data-end=\"132\" \/>\u2022 <strong data-start=\"134\" data-end=\"144\">Marka:<\/strong> <strong data-start=\"145\" data-end=\"159\">Bodet Time<\/strong><br data-start=\"159\" data-end=\"162\" \/>\u2022 <strong data-start=\"164\" data-end=\"177\">Function:<\/strong> Daxili m\u0259kan \u00fc\u00e7\u00fcn LED r\u0259q\u0259msal saat<br data-start=\"213\" data-end=\"216\" \/>\u2022 <strong data-start=\"218\" data-end=\"228\">Screen:<\/strong> LED g\u00f6st\u0259rici<br data-start=\"242\" data-end=\"245\" \/>\u2022 <strong data-start=\"247\" data-end=\"258\">Assembly:<\/strong> Divar \u00fcz\u0259rin\u0259<br data-start=\"272\" data-end=\"275\" \/>\u2022 <strong data-start=\"277\" data-end=\"287\">Additional:<\/strong> Ayd\u0131n r\u0259q\u0259ml\u0259r, ictimai yerl\u0259r v\u0259 ofisl\u0259r \u00fc\u00e7\u00fcn uy\u011fundur<\/p>","protected":false},"excerpt":{"rendered":"<p>\u2022 N\u00f6v: Indoor LED Clock\u2022 Model: Style 10 SD\u2022 Marka:  [&#8230;]<\/p>","protected":false},"featured_media":11232,"comment_status":"open","ping_status":"closed","template":"","meta":[],"product_brand":[],"product_cat":[204],"product_tag":[],"class_list":{"0":"post-11231","1":"product","2":"type-product","3":"status-publish","4":"has-post-thumbnail","6":"product_cat-bodet-time","7":"pa_mehsul-tipi-indoor-led-clocks","9":"first","10":"instock","11":"sold-individually","12":"shipping-taxable","13":"purchasable","14":"product-type-simple"},"_links":{"self":[{"href":"https:\/\/engitech.az\/en\/wp-json\/wp\/v2\/product\/11231","targetHints":{"allow":["GET"]}}],"collection":[{"href":"https:\/\/engitech.az\/en\/wp-json\/wp\/v2\/product"}],"about":[{"href":"https:\/\/engitech.az\/en\/wp-json\/wp\/v2\/types\/product"}],"replies":[{"embeddable":true,"href":"https:\/\/engitech.az\/en\/wp-json\/wp\/v2\/comments?post=11231"}],"wp:featuredmedia":[{"embeddable":true,"href":"https:\/\/engitech.az\/en\/wp-json\/wp\/v2\/media\/11232"}],"wp:attachment":[{"href":"https:\/\/engitech.az\/en\/wp-json\/wp\/v2\/media?parent=11231"}],"wp:term":[{"taxonomy":"product_brand","embeddable":true,"href":"https:\/\/engitech.az\/en\/wp-json\/wp\/v2\/product_brand?post=11231"},{"taxonomy":"product_cat","embeddable":true,"href":"https:\/\/engitech.az\/en\/wp-json\/wp\/v2\/product_cat?post=11231"},{"taxonomy":"product_tag","embeddable":true,"href":"https:\/\/engitech.az\/en\/wp-json\/wp\/v2\/product_tag?post=11231"}],"curies":[{"name":"wp","href":"https:\/\/api.w.org\/{rel}","templated":true}]}}