{"id":11233,"date":"2026-02-17T05:14:11","date_gmt":"2026-02-17T05:14:11","guid":{"rendered":"https:\/\/engitech.az\/?post_type=product&#038;p=11233"},"modified":"2026-02-17T05:14:11","modified_gmt":"2026-02-17T05:14:11","slug":"indoor-led-clock-style-7s","status":"publish","type":"product","link":"https:\/\/engitech.az\/en\/product\/indoor-led-clock-style-7s\/","title":{"rendered":"Indoor LED clock- Style 7S"},"content":{"rendered":"<p>\u2022 <strong data-start=\"74\" data-end=\"82\">Type:<\/strong> Indoor LED Clock<br data-start=\"99\" data-end=\"102\" \/>\u2022 <strong data-start=\"104\" data-end=\"114\">Model:<\/strong> Style 7S<br data-start=\"123\" data-end=\"126\" \/>\u2022 <strong data-start=\"128\" data-end=\"138\">Marka:<\/strong> <strong data-start=\"139\" data-end=\"153\">Bodet Time<\/strong><br data-start=\"153\" data-end=\"156\" \/>\u2022 <strong data-start=\"158\" data-end=\"171\">Function:<\/strong> Daxili m\u0259kan \u00fc\u00e7\u00fcn LED r\u0259q\u0259msal saat<br data-start=\"207\" data-end=\"210\" \/>\u2022 <strong data-start=\"212\" data-end=\"222\">Screen:<\/strong> LED g\u00f6st\u0259rici<br data-start=\"236\" data-end=\"239\" \/>\u2022 <strong data-start=\"241\" data-end=\"252\">Assembly:<\/strong> Divar \u00fcz\u0259rin\u0259<br data-start=\"266\" data-end=\"269\" \/>\u2022 <strong data-start=\"271\" data-end=\"281\">Additional:<\/strong> Ayd\u0131n g\u00f6r\u00fcn\u00fc\u015f, ofis v\u0259 ictimai yerl\u0259r \u00fc\u00e7\u00fcn uy\u011fundur<\/p>","protected":false},"excerpt":{"rendered":"<p>\u2022 N\u00f6v: Indoor LED Clock\u2022 Model: Style 7S\u2022 Marka: Bodet  [&#8230;]<\/p>","protected":false},"featured_media":11234,"comment_status":"open","ping_status":"closed","template":"","meta":[],"product_brand":[],"product_cat":[204],"product_tag":[],"class_list":{"0":"post-11233","1":"product","2":"type-product","3":"status-publish","4":"has-post-thumbnail","6":"product_cat-bodet-time","7":"pa_mehsul-tipi-indoor-led-clocks","9":"first","10":"instock","11":"sold-individually","12":"shipping-taxable","13":"purchasable","14":"product-type-simple"},"_links":{"self":[{"href":"https:\/\/engitech.az\/en\/wp-json\/wp\/v2\/product\/11233","targetHints":{"allow":["GET"]}}],"collection":[{"href":"https:\/\/engitech.az\/en\/wp-json\/wp\/v2\/product"}],"about":[{"href":"https:\/\/engitech.az\/en\/wp-json\/wp\/v2\/types\/product"}],"replies":[{"embeddable":true,"href":"https:\/\/engitech.az\/en\/wp-json\/wp\/v2\/comments?post=11233"}],"wp:featuredmedia":[{"embeddable":true,"href":"https:\/\/engitech.az\/en\/wp-json\/wp\/v2\/media\/11234"}],"wp:attachment":[{"href":"https:\/\/engitech.az\/en\/wp-json\/wp\/v2\/media?parent=11233"}],"wp:term":[{"taxonomy":"product_brand","embeddable":true,"href":"https:\/\/engitech.az\/en\/wp-json\/wp\/v2\/product_brand?post=11233"},{"taxonomy":"product_cat","embeddable":true,"href":"https:\/\/engitech.az\/en\/wp-json\/wp\/v2\/product_cat?post=11233"},{"taxonomy":"product_tag","embeddable":true,"href":"https:\/\/engitech.az\/en\/wp-json\/wp\/v2\/product_tag?post=11233"}],"curies":[{"name":"wp","href":"https:\/\/api.w.org\/{rel}","templated":true}]}}