{"id":11235,"date":"2026-02-17T05:15:48","date_gmt":"2026-02-17T05:15:48","guid":{"rendered":"https:\/\/engitech.az\/?post_type=product&#038;p=11235"},"modified":"2026-02-17T05:15:48","modified_gmt":"2026-02-17T05:15:48","slug":"indoor-led-clock-style-7","status":"publish","type":"product","link":"https:\/\/engitech.az\/en\/product\/indoor-led-clock-style-7\/","title":{"rendered":"Indoor LED clock- Style 7"},"content":{"rendered":"<p>\u2022 <strong data-start=\"73\" data-end=\"81\">Type:<\/strong> Indoor LED Clock<br data-start=\"98\" data-end=\"101\" \/>\u2022 <strong data-start=\"103\" data-end=\"113\">Model:<\/strong> Style 7<br data-start=\"121\" data-end=\"124\" \/>\u2022 <strong data-start=\"126\" data-end=\"136\">Marka:<\/strong> <strong data-start=\"137\" data-end=\"151\">Bodet Time<\/strong><br data-start=\"151\" data-end=\"154\" \/>\u2022 <strong data-start=\"156\" data-end=\"169\">Function:<\/strong> Daxili m\u0259kan \u00fc\u00e7\u00fcn LED r\u0259q\u0259msal saat<br data-start=\"205\" data-end=\"208\" \/>\u2022 <strong data-start=\"210\" data-end=\"220\">Screen:<\/strong> LED g\u00f6st\u0259rici<br data-start=\"234\" data-end=\"237\" \/>\u2022 <strong data-start=\"239\" data-end=\"250\">Assembly:<\/strong> Divar \u00fcz\u0259rin\u0259<br data-start=\"264\" data-end=\"267\" \/>\u2022 <strong data-start=\"269\" data-end=\"279\">Additional:<\/strong> Ayd\u0131n g\u00f6r\u00fcn\u00fc\u015f, ofis v\u0259 ictimai yerl\u0259r \u00fc\u00e7\u00fcn uy\u011fundur<\/p>","protected":false},"excerpt":{"rendered":"<p>\u2022 N\u00f6v: Indoor LED Clock\u2022 Model: Style 7\u2022 Marka: Bodet  [&#8230;]<\/p>","protected":false},"featured_media":11236,"comment_status":"open","ping_status":"closed","template":"","meta":[],"product_brand":[],"product_cat":[204],"product_tag":[],"class_list":{"0":"post-11235","1":"product","2":"type-product","3":"status-publish","4":"has-post-thumbnail","6":"product_cat-bodet-time","7":"pa_mehsul-tipi-indoor-led-clocks","9":"first","10":"instock","11":"sold-individually","12":"shipping-taxable","13":"purchasable","14":"product-type-simple"},"_links":{"self":[{"href":"https:\/\/engitech.az\/en\/wp-json\/wp\/v2\/product\/11235","targetHints":{"allow":["GET"]}}],"collection":[{"href":"https:\/\/engitech.az\/en\/wp-json\/wp\/v2\/product"}],"about":[{"href":"https:\/\/engitech.az\/en\/wp-json\/wp\/v2\/types\/product"}],"replies":[{"embeddable":true,"href":"https:\/\/engitech.az\/en\/wp-json\/wp\/v2\/comments?post=11235"}],"wp:featuredmedia":[{"embeddable":true,"href":"https:\/\/engitech.az\/en\/wp-json\/wp\/v2\/media\/11236"}],"wp:attachment":[{"href":"https:\/\/engitech.az\/en\/wp-json\/wp\/v2\/media?parent=11235"}],"wp:term":[{"taxonomy":"product_brand","embeddable":true,"href":"https:\/\/engitech.az\/en\/wp-json\/wp\/v2\/product_brand?post=11235"},{"taxonomy":"product_cat","embeddable":true,"href":"https:\/\/engitech.az\/en\/wp-json\/wp\/v2\/product_cat?post=11235"},{"taxonomy":"product_tag","embeddable":true,"href":"https:\/\/engitech.az\/en\/wp-json\/wp\/v2\/product_tag?post=11235"}],"curies":[{"name":"wp","href":"https:\/\/api.w.org\/{rel}","templated":true}]}}