{"id":11240,"date":"2026-02-17T05:21:37","date_gmt":"2026-02-17T05:21:37","guid":{"rendered":"https:\/\/engitech.az\/?post_type=product&#038;p=11240"},"modified":"2026-02-17T05:21:38","modified_gmt":"2026-02-17T05:21:38","slug":"indoor-led-clock-style-7-ellipse","status":"publish","type":"product","link":"https:\/\/engitech.az\/en\/product\/indoor-led-clock-style-7-ellipse\/","title":{"rendered":"Indoor LED clock &#8211; Style 7 Ellipse"},"content":{"rendered":"<p>\u2022 <strong data-start=\"81\" data-end=\"89\">Type:<\/strong> Indoor LED Clock<br data-start=\"106\" data-end=\"109\" \/>\u2022 <strong data-start=\"111\" data-end=\"121\">Model:<\/strong> Style 7 Ellipse<br data-start=\"137\" data-end=\"140\" \/>\u2022 <strong data-start=\"142\" data-end=\"152\">Marka:<\/strong> <strong data-start=\"153\" data-end=\"167\">Bodet Time<\/strong><br data-start=\"167\" data-end=\"170\" \/>\u2022 <strong data-start=\"172\" data-end=\"185\">Function:<\/strong> Daxili m\u0259kan \u00fc\u00e7\u00fcn LED r\u0259q\u0259msal saat<br data-start=\"221\" data-end=\"224\" \/>\u2022 <strong data-start=\"226\" data-end=\"236\">Screen:<\/strong> LED g\u00f6st\u0259rici<br data-start=\"250\" data-end=\"253\" \/>\u2022 <strong data-start=\"255\" data-end=\"266\">Assembly:<\/strong> Divar \u00fcz\u0259rin\u0259<br data-start=\"280\" data-end=\"283\" \/>\u2022 <strong data-start=\"285\" data-end=\"295\">Additional:<\/strong> Elliptik (oval) dizayn, ayd\u0131n g\u00f6r\u00fcn\u00fc\u015f, ofis v\u0259 ictimai yerl\u0259r \u00fc\u00e7\u00fcn<\/p>","protected":false},"excerpt":{"rendered":"<p>\u2022 N\u00f6v: Indoor LED Clock\u2022 Model: Style 7 Ellipse\u2022 Marka:  [&#8230;]<\/p>","protected":false},"featured_media":11241,"comment_status":"open","ping_status":"closed","template":"","meta":[],"product_brand":[],"product_cat":[204],"product_tag":[],"class_list":{"0":"post-11240","1":"product","2":"type-product","3":"status-publish","4":"has-post-thumbnail","6":"product_cat-bodet-time","7":"pa_mehsul-tipi-indoor-led-clocks","9":"first","10":"instock","11":"sold-individually","12":"shipping-taxable","13":"purchasable","14":"product-type-simple"},"_links":{"self":[{"href":"https:\/\/engitech.az\/en\/wp-json\/wp\/v2\/product\/11240","targetHints":{"allow":["GET"]}}],"collection":[{"href":"https:\/\/engitech.az\/en\/wp-json\/wp\/v2\/product"}],"about":[{"href":"https:\/\/engitech.az\/en\/wp-json\/wp\/v2\/types\/product"}],"replies":[{"embeddable":true,"href":"https:\/\/engitech.az\/en\/wp-json\/wp\/v2\/comments?post=11240"}],"wp:featuredmedia":[{"embeddable":true,"href":"https:\/\/engitech.az\/en\/wp-json\/wp\/v2\/media\/11241"}],"wp:attachment":[{"href":"https:\/\/engitech.az\/en\/wp-json\/wp\/v2\/media?parent=11240"}],"wp:term":[{"taxonomy":"product_brand","embeddable":true,"href":"https:\/\/engitech.az\/en\/wp-json\/wp\/v2\/product_brand?post=11240"},{"taxonomy":"product_cat","embeddable":true,"href":"https:\/\/engitech.az\/en\/wp-json\/wp\/v2\/product_cat?post=11240"},{"taxonomy":"product_tag","embeddable":true,"href":"https:\/\/engitech.az\/en\/wp-json\/wp\/v2\/product_tag?post=11240"}],"curies":[{"name":"wp","href":"https:\/\/api.w.org\/{rel}","templated":true}]}}