{"id":11246,"date":"2026-02-17T05:40:12","date_gmt":"2026-02-17T05:40:12","guid":{"rendered":"https:\/\/engitech.az\/?post_type=product&#038;p=11246"},"modified":"2026-02-17T05:40:13","modified_gmt":"2026-02-17T05:40:13","slug":"outdoor-led-clock-hmt-led-10","status":"publish","type":"product","link":"https:\/\/engitech.az\/en\/product\/outdoor-led-clock-hmt-led-10\/","title":{"rendered":"Outdoor LED clock &#8211; HMT LED 10"},"content":{"rendered":"<p>\u2022 <strong data-start=\"77\" data-end=\"85\">Type:<\/strong> Outdoor LED Clock<br data-start=\"103\" data-end=\"106\" \/>\u2022 <strong data-start=\"108\" data-end=\"118\">Model:<\/strong> HMT LED 10<br data-start=\"129\" data-end=\"132\" \/>\u2022 <strong data-start=\"134\" data-end=\"144\">Marka:<\/strong> <strong data-start=\"145\" data-end=\"159\">Bodet Time<\/strong><br data-start=\"159\" data-end=\"162\" \/>\u2022 <strong data-start=\"164\" data-end=\"177\">Function:<\/strong> A\u00e7\u0131q hava \u00fc\u00e7\u00fcn LED r\u0259q\u0259msal saat<br data-start=\"210\" data-end=\"213\" \/>\u2022 <strong data-start=\"215\" data-end=\"225\">Screen:<\/strong> Parlaq LED g\u00f6st\u0259rici<br data-start=\"246\" data-end=\"249\" \/>\u2022 <strong data-start=\"251\" data-end=\"262\">Assembly:<\/strong> Divar \/ s\u00fctun \u00fcz\u0259rin\u0259<br data-start=\"284\" data-end=\"287\" \/>\u2022 <strong data-start=\"289\" data-end=\"299\">Additional:<\/strong> Hava \u015f\u0259raitin\u0259 davaml\u0131, ictimai sah\u0259l\u0259r \u00fc\u00e7\u00fcn ideal<\/p>","protected":false},"excerpt":{"rendered":"<p>\u2022 N\u00f6v: Outdoor LED Clock\u2022 Model: HMT LED 10\u2022 Marka:  [&#8230;]<\/p>","protected":false},"featured_media":11252,"comment_status":"open","ping_status":"closed","template":"","meta":[],"product_brand":[],"product_cat":[204],"product_tag":[],"class_list":{"0":"post-11246","1":"product","2":"type-product","3":"status-publish","4":"has-post-thumbnail","6":"product_cat-bodet-time","7":"pa_mehsul-tipi-outdoor-led-clocks","9":"first","10":"instock","11":"sold-individually","12":"shipping-taxable","13":"purchasable","14":"product-type-simple"},"_links":{"self":[{"href":"https:\/\/engitech.az\/en\/wp-json\/wp\/v2\/product\/11246","targetHints":{"allow":["GET"]}}],"collection":[{"href":"https:\/\/engitech.az\/en\/wp-json\/wp\/v2\/product"}],"about":[{"href":"https:\/\/engitech.az\/en\/wp-json\/wp\/v2\/types\/product"}],"replies":[{"embeddable":true,"href":"https:\/\/engitech.az\/en\/wp-json\/wp\/v2\/comments?post=11246"}],"wp:featuredmedia":[{"embeddable":true,"href":"https:\/\/engitech.az\/en\/wp-json\/wp\/v2\/media\/11252"}],"wp:attachment":[{"href":"https:\/\/engitech.az\/en\/wp-json\/wp\/v2\/media?parent=11246"}],"wp:term":[{"taxonomy":"product_brand","embeddable":true,"href":"https:\/\/engitech.az\/en\/wp-json\/wp\/v2\/product_brand?post=11246"},{"taxonomy":"product_cat","embeddable":true,"href":"https:\/\/engitech.az\/en\/wp-json\/wp\/v2\/product_cat?post=11246"},{"taxonomy":"product_tag","embeddable":true,"href":"https:\/\/engitech.az\/en\/wp-json\/wp\/v2\/product_tag?post=11246"}],"curies":[{"name":"wp","href":"https:\/\/api.w.org\/{rel}","templated":true}]}}