{"id":11258,"date":"2026-02-17T13:11:58","date_gmt":"2026-02-17T13:11:58","guid":{"rendered":"https:\/\/engitech.az\/?post_type=product&#038;p=11258"},"modified":"2026-02-17T13:11:59","modified_gmt":"2026-02-17T13:11:59","slug":"outdoor-led-clock-hms-led-10","status":"publish","type":"product","link":"https:\/\/engitech.az\/en\/product\/outdoor-led-clock-hms-led-10\/","title":{"rendered":"Outdoor LED clock &#8211; HMS LED 10"},"content":{"rendered":"<ul>\n<li data-start=\"41\" data-end=\"69\"><strong data-start=\"41\" data-end=\"49\">Type:<\/strong> Outdoor LED Clock<\/li>\n<li data-start=\"72\" data-end=\"95\"><strong data-start=\"72\" data-end=\"82\">Model:<\/strong> HMS LED 10<\/li>\n<li data-start=\"98\" data-end=\"121\"><strong data-start=\"98\" data-end=\"108\">Marka:<\/strong> Bodet Time<\/li>\n<li data-start=\"124\" data-end=\"172\"><strong data-start=\"124\" data-end=\"137\">Function:<\/strong> A\u00e7\u0131q hava \u00fc\u00e7\u00fcn LED r\u0259q\u0259msal saat<\/li>\n<li data-start=\"175\" data-end=\"208\"><strong data-start=\"175\" data-end=\"185\">Screen:<\/strong> Parlaq LED g\u00f6st\u0259rici<\/li>\n<li data-start=\"211\" data-end=\"244\"><strong data-start=\"211\" data-end=\"222\">Assembly:<\/strong> Divar\/s\u00fctun \u00fcz\u0259rin\u0259<\/li>\n<li data-start=\"247\" data-end=\"310\"><strong data-start=\"247\" data-end=\"257\">Additional:<\/strong> Hava \u015f\u0259raitin\u0259 davaml\u0131, ictimai sah\u0259l\u0259r \u00fc\u00e7\u00fcn ideal<\/li>\n<\/ul>","protected":false},"excerpt":{"rendered":"<p>N\u00f6v: Outdoor LED Clock Model: HMS LED 10 Marka: Bodet  [&#8230;]<\/p>","protected":false},"featured_media":11259,"comment_status":"open","ping_status":"closed","template":"","meta":[],"product_brand":[],"product_cat":[204],"product_tag":[],"class_list":{"0":"post-11258","1":"product","2":"type-product","3":"status-publish","4":"has-post-thumbnail","6":"product_cat-bodet-time","7":"pa_mehsul-tipi-outdoor-led-clocks","9":"first","10":"instock","11":"sold-individually","12":"shipping-taxable","13":"purchasable","14":"product-type-simple"},"_links":{"self":[{"href":"https:\/\/engitech.az\/en\/wp-json\/wp\/v2\/product\/11258","targetHints":{"allow":["GET"]}}],"collection":[{"href":"https:\/\/engitech.az\/en\/wp-json\/wp\/v2\/product"}],"about":[{"href":"https:\/\/engitech.az\/en\/wp-json\/wp\/v2\/types\/product"}],"replies":[{"embeddable":true,"href":"https:\/\/engitech.az\/en\/wp-json\/wp\/v2\/comments?post=11258"}],"wp:featuredmedia":[{"embeddable":true,"href":"https:\/\/engitech.az\/en\/wp-json\/wp\/v2\/media\/11259"}],"wp:attachment":[{"href":"https:\/\/engitech.az\/en\/wp-json\/wp\/v2\/media?parent=11258"}],"wp:term":[{"taxonomy":"product_brand","embeddable":true,"href":"https:\/\/engitech.az\/en\/wp-json\/wp\/v2\/product_brand?post=11258"},{"taxonomy":"product_cat","embeddable":true,"href":"https:\/\/engitech.az\/en\/wp-json\/wp\/v2\/product_cat?post=11258"},{"taxonomy":"product_tag","embeddable":true,"href":"https:\/\/engitech.az\/en\/wp-json\/wp\/v2\/product_tag?post=11258"}],"curies":[{"name":"wp","href":"https:\/\/api.w.org\/{rel}","templated":true}]}}