{"id":11260,"date":"2026-02-18T06:18:04","date_gmt":"2026-02-18T06:18:04","guid":{"rendered":"https:\/\/engitech.az\/?post_type=product&#038;p=11260"},"modified":"2026-02-18T06:18:04","modified_gmt":"2026-02-18T06:18:04","slug":"outdoor-led-clock-hms-led-15","status":"publish","type":"product","link":"https:\/\/engitech.az\/en\/product\/outdoor-led-clock-hms-led-15\/","title":{"rendered":"Outdoor LED clock &#8211; HMS LED 15"},"content":{"rendered":"<ul>\n<li data-start=\"33\" data-end=\"61\"><strong data-start=\"33\" data-end=\"41\">Type:<\/strong> Outdoor LED Clock<\/li>\n<li data-start=\"64\" data-end=\"87\"><strong data-start=\"64\" data-end=\"74\">Model:<\/strong> HMS LED 15<\/li>\n<li data-start=\"90\" data-end=\"113\"><strong data-start=\"90\" data-end=\"100\">Marka:<\/strong> Bodet Time<\/li>\n<li data-start=\"116\" data-end=\"164\"><strong data-start=\"116\" data-end=\"129\">Function:<\/strong> A\u00e7\u0131q hava \u00fc\u00e7\u00fcn LED r\u0259q\u0259msal saat<\/li>\n<li data-start=\"167\" data-end=\"200\"><strong data-start=\"167\" data-end=\"177\">Screen:<\/strong> Parlaq LED g\u00f6st\u0259rici<\/li>\n<li data-start=\"203\" data-end=\"236\"><strong data-start=\"203\" data-end=\"214\">Assembly:<\/strong> Divar\/s\u00fctun \u00fcz\u0259rin\u0259<\/li>\n<li data-start=\"239\" data-end=\"325\"><strong data-start=\"239\" data-end=\"249\">Additional:<\/strong> Hava \u015f\u0259raitin\u0259 davaml\u0131, iri r\u0259q\u0259ml\u0259r say\u0259sind\u0259 uzaq m\u0259saf\u0259d\u0259n oxunaql\u0131d\u0131r<\/li>\n<\/ul>","protected":false},"excerpt":{"rendered":"<p>N\u00f6v: Outdoor LED Clock Model: HMS LED 15 Marka: Bodet  [&#8230;]<\/p>","protected":false},"featured_media":11261,"comment_status":"open","ping_status":"closed","template":"","meta":[],"product_brand":[],"product_cat":[204],"product_tag":[],"class_list":{"0":"post-11260","1":"product","2":"type-product","3":"status-publish","4":"has-post-thumbnail","6":"product_cat-bodet-time","7":"pa_mehsul-tipi-outdoor-led-clocks","9":"first","10":"instock","11":"sold-individually","12":"shipping-taxable","13":"purchasable","14":"product-type-simple"},"_links":{"self":[{"href":"https:\/\/engitech.az\/en\/wp-json\/wp\/v2\/product\/11260","targetHints":{"allow":["GET"]}}],"collection":[{"href":"https:\/\/engitech.az\/en\/wp-json\/wp\/v2\/product"}],"about":[{"href":"https:\/\/engitech.az\/en\/wp-json\/wp\/v2\/types\/product"}],"replies":[{"embeddable":true,"href":"https:\/\/engitech.az\/en\/wp-json\/wp\/v2\/comments?post=11260"}],"wp:featuredmedia":[{"embeddable":true,"href":"https:\/\/engitech.az\/en\/wp-json\/wp\/v2\/media\/11261"}],"wp:attachment":[{"href":"https:\/\/engitech.az\/en\/wp-json\/wp\/v2\/media?parent=11260"}],"wp:term":[{"taxonomy":"product_brand","embeddable":true,"href":"https:\/\/engitech.az\/en\/wp-json\/wp\/v2\/product_brand?post=11260"},{"taxonomy":"product_cat","embeddable":true,"href":"https:\/\/engitech.az\/en\/wp-json\/wp\/v2\/product_cat?post=11260"},{"taxonomy":"product_tag","embeddable":true,"href":"https:\/\/engitech.az\/en\/wp-json\/wp\/v2\/product_tag?post=11260"}],"curies":[{"name":"wp","href":"https:\/\/api.w.org\/{rel}","templated":true}]}}