{"id":11262,"date":"2026-02-18T06:20:04","date_gmt":"2026-02-18T06:20:04","guid":{"rendered":"https:\/\/engitech.az\/?post_type=product&#038;p=11262"},"modified":"2026-02-18T06:20:04","modified_gmt":"2026-02-18T06:20:04","slug":"outdoor-led-clock-hms-led-25","status":"publish","type":"product","link":"https:\/\/engitech.az\/en\/product\/outdoor-led-clock-hms-led-25\/","title":{"rendered":"Outdoor LED clock &#8211; HMS LED 25"},"content":{"rendered":"<ul>\n<li data-start=\"25\" data-end=\"53\"><strong data-start=\"25\" data-end=\"33\">Type:<\/strong> Outdoor LED Clock<\/li>\n<li data-start=\"56\" data-end=\"79\"><strong data-start=\"56\" data-end=\"66\">Model:<\/strong> HMS LED 25<\/li>\n<li data-start=\"82\" data-end=\"105\"><strong data-start=\"82\" data-end=\"92\">Marka:<\/strong> Bodet Time<\/li>\n<li data-start=\"108\" data-end=\"156\"><strong data-start=\"108\" data-end=\"121\">Function:<\/strong> A\u00e7\u0131q hava \u00fc\u00e7\u00fcn LED r\u0259q\u0259msal saat<\/li>\n<li data-start=\"159\" data-end=\"192\"><strong data-start=\"159\" data-end=\"169\">Screen:<\/strong> Parlaq LED g\u00f6st\u0259rici<\/li>\n<li data-start=\"195\" data-end=\"228\"><strong data-start=\"195\" data-end=\"206\">Assembly:<\/strong> Divar\/s\u00fctun \u00fcz\u0259rin\u0259<\/li>\n<li data-start=\"231\" data-end=\"327\"><strong data-start=\"231\" data-end=\"241\">Additional:<\/strong> Hava \u015f\u0259raitin\u0259 davaml\u0131, \u00e7ox iri r\u0259q\u0259ml\u0259r say\u0259sind\u0259 uzun m\u0259saf\u0259d\u0259n ayd\u0131n oxunaql\u0131d\u0131r<\/li>\n<\/ul>","protected":false},"excerpt":{"rendered":"<p>N\u00f6v: Outdoor LED Clock Model: HMS LED 25 Marka: Bodet  [&#8230;]<\/p>","protected":false},"featured_media":11263,"comment_status":"open","ping_status":"closed","template":"","meta":[],"product_brand":[],"product_cat":[204],"product_tag":[],"class_list":{"0":"post-11262","1":"product","2":"type-product","3":"status-publish","4":"has-post-thumbnail","6":"product_cat-bodet-time","7":"pa_mehsul-tipi-outdoor-led-clocks","9":"first","10":"instock","11":"sold-individually","12":"shipping-taxable","13":"purchasable","14":"product-type-simple"},"_links":{"self":[{"href":"https:\/\/engitech.az\/en\/wp-json\/wp\/v2\/product\/11262","targetHints":{"allow":["GET"]}}],"collection":[{"href":"https:\/\/engitech.az\/en\/wp-json\/wp\/v2\/product"}],"about":[{"href":"https:\/\/engitech.az\/en\/wp-json\/wp\/v2\/types\/product"}],"replies":[{"embeddable":true,"href":"https:\/\/engitech.az\/en\/wp-json\/wp\/v2\/comments?post=11262"}],"wp:featuredmedia":[{"embeddable":true,"href":"https:\/\/engitech.az\/en\/wp-json\/wp\/v2\/media\/11263"}],"wp:attachment":[{"href":"https:\/\/engitech.az\/en\/wp-json\/wp\/v2\/media?parent=11262"}],"wp:term":[{"taxonomy":"product_brand","embeddable":true,"href":"https:\/\/engitech.az\/en\/wp-json\/wp\/v2\/product_brand?post=11262"},{"taxonomy":"product_cat","embeddable":true,"href":"https:\/\/engitech.az\/en\/wp-json\/wp\/v2\/product_cat?post=11262"},{"taxonomy":"product_tag","embeddable":true,"href":"https:\/\/engitech.az\/en\/wp-json\/wp\/v2\/product_tag?post=11262"}],"curies":[{"name":"wp","href":"https:\/\/api.w.org\/{rel}","templated":true}]}}