{"id":11266,"date":"2026-02-18T06:30:36","date_gmt":"2026-02-18T06:30:36","guid":{"rendered":"https:\/\/engitech.az\/?post_type=product&#038;p=11266"},"modified":"2026-02-18T06:30:36","modified_gmt":"2026-02-18T06:30:36","slug":"indoor-led-clock-world-style","status":"publish","type":"product","link":"https:\/\/engitech.az\/en\/product\/indoor-led-clock-world-style\/","title":{"rendered":"Indoor LED clock &#8211; World Style"},"content":{"rendered":"<ul>\n<li data-start=\"45\" data-end=\"72\"><strong data-start=\"45\" data-end=\"53\">Type:<\/strong> Indoor LED Clock<\/li>\n<li data-start=\"75\" data-end=\"99\"><strong data-start=\"75\" data-end=\"85\">Model:<\/strong> World Style<\/li>\n<li data-start=\"102\" data-end=\"125\"><strong data-start=\"102\" data-end=\"112\">Marka:<\/strong> Bodet Time<\/li>\n<li data-start=\"128\" data-end=\"179\"><strong data-start=\"128\" data-end=\"141\">Function:<\/strong> Daxili m\u0259kan \u00fc\u00e7\u00fcn LED r\u0259q\u0259msal saat<\/li>\n<li data-start=\"182\" data-end=\"205\"><strong data-start=\"182\" data-end=\"192\">Screen:<\/strong> Parlaq LED<\/li>\n<li data-start=\"208\" data-end=\"227\"><strong data-start=\"208\" data-end=\"219\">Assembly:<\/strong> Divar<\/li>\n<li data-start=\"230\" data-end=\"281\"><strong data-start=\"230\" data-end=\"240\">Additional:<\/strong> Ofis v\u0259 ictimai m\u0259kanlar \u00fc\u00e7\u00fcn uy\u011fundur<\/li>\n<\/ul>","protected":false},"excerpt":{"rendered":"<p>N\u00f6v: Indoor LED Clock Model: World Style Marka: Bodet Time  [&#8230;]<\/p>","protected":false},"featured_media":11267,"comment_status":"open","ping_status":"closed","template":"","meta":[],"product_brand":[],"product_cat":[204],"product_tag":[],"class_list":{"0":"post-11266","1":"product","2":"type-product","3":"status-publish","4":"has-post-thumbnail","6":"product_cat-bodet-time","7":"pa_mehsul-tipi-indoor-led-clocks","9":"first","10":"instock","11":"sold-individually","12":"shipping-taxable","13":"purchasable","14":"product-type-simple"},"_links":{"self":[{"href":"https:\/\/engitech.az\/en\/wp-json\/wp\/v2\/product\/11266","targetHints":{"allow":["GET"]}}],"collection":[{"href":"https:\/\/engitech.az\/en\/wp-json\/wp\/v2\/product"}],"about":[{"href":"https:\/\/engitech.az\/en\/wp-json\/wp\/v2\/types\/product"}],"replies":[{"embeddable":true,"href":"https:\/\/engitech.az\/en\/wp-json\/wp\/v2\/comments?post=11266"}],"wp:featuredmedia":[{"embeddable":true,"href":"https:\/\/engitech.az\/en\/wp-json\/wp\/v2\/media\/11267"}],"wp:attachment":[{"href":"https:\/\/engitech.az\/en\/wp-json\/wp\/v2\/media?parent=11266"}],"wp:term":[{"taxonomy":"product_brand","embeddable":true,"href":"https:\/\/engitech.az\/en\/wp-json\/wp\/v2\/product_brand?post=11266"},{"taxonomy":"product_cat","embeddable":true,"href":"https:\/\/engitech.az\/en\/wp-json\/wp\/v2\/product_cat?post=11266"},{"taxonomy":"product_tag","embeddable":true,"href":"https:\/\/engitech.az\/en\/wp-json\/wp\/v2\/product_tag?post=11266"}],"curies":[{"name":"wp","href":"https:\/\/api.w.org\/{rel}","templated":true}]}}