{"id":11272,"date":"2026-02-18T06:42:10","date_gmt":"2026-02-18T06:42:10","guid":{"rendered":"https:\/\/engitech.az\/?post_type=product&#038;p=11272"},"modified":"2026-02-18T06:42:10","modified_gmt":"2026-02-18T06:42:10","slug":"indoor-lcd-clock-cristalys-7","status":"publish","type":"product","link":"https:\/\/engitech.az\/en\/product\/indoor-lcd-clock-cristalys-7\/","title":{"rendered":"Indoor LCD clock &#8211; Cristalys 7"},"content":{"rendered":"<ul>\n<li data-start=\"47\" data-end=\"74\"><strong data-start=\"47\" data-end=\"55\">Type:<\/strong> Indoor LCD Clock<\/li>\n<li data-start=\"77\" data-end=\"101\"><strong data-start=\"77\" data-end=\"87\">Model:<\/strong> Cristalys 7<\/li>\n<li data-start=\"104\" data-end=\"127\"><strong data-start=\"104\" data-end=\"114\">Marka:<\/strong> Bodet Time<\/li>\n<li data-start=\"130\" data-end=\"181\"><strong data-start=\"130\" data-end=\"143\">Function:<\/strong> Daxili m\u0259kan \u00fc\u00e7\u00fcn LCD r\u0259q\u0259msal saat<\/li>\n<li data-start=\"184\" data-end=\"200\"><strong data-start=\"184\" data-end=\"194\">Screen:<\/strong> LCD<\/li>\n<li data-start=\"203\" data-end=\"222\"><strong data-start=\"203\" data-end=\"214\">Assembly:<\/strong> Divar<\/li>\n<li data-start=\"225\" data-end=\"282\"><strong data-start=\"225\" data-end=\"235\">Additional:<\/strong> Sad\u0259 dizayn, ofis v\u0259 m\u0259kt\u0259bl\u0259r \u00fc\u00e7\u00fcn uy\u011fundur<\/li>\n<\/ul>","protected":false},"excerpt":{"rendered":"<p>N\u00f6v: Indoor LCD Clock Model: Cristalys 7 Marka: Bodet Time  [&#8230;]<\/p>","protected":false},"featured_media":11279,"comment_status":"open","ping_status":"closed","template":"","meta":[],"product_brand":[],"product_cat":[204],"product_tag":[],"class_list":{"0":"post-11272","1":"product","2":"type-product","3":"status-publish","4":"has-post-thumbnail","6":"product_cat-bodet-time","7":"pa_mehsul-tipi-lcd-clocks","9":"first","10":"instock","11":"sold-individually","12":"shipping-taxable","13":"purchasable","14":"product-type-simple"},"_links":{"self":[{"href":"https:\/\/engitech.az\/en\/wp-json\/wp\/v2\/product\/11272","targetHints":{"allow":["GET"]}}],"collection":[{"href":"https:\/\/engitech.az\/en\/wp-json\/wp\/v2\/product"}],"about":[{"href":"https:\/\/engitech.az\/en\/wp-json\/wp\/v2\/types\/product"}],"replies":[{"embeddable":true,"href":"https:\/\/engitech.az\/en\/wp-json\/wp\/v2\/comments?post=11272"}],"wp:featuredmedia":[{"embeddable":true,"href":"https:\/\/engitech.az\/en\/wp-json\/wp\/v2\/media\/11279"}],"wp:attachment":[{"href":"https:\/\/engitech.az\/en\/wp-json\/wp\/v2\/media?parent=11272"}],"wp:term":[{"taxonomy":"product_brand","embeddable":true,"href":"https:\/\/engitech.az\/en\/wp-json\/wp\/v2\/product_brand?post=11272"},{"taxonomy":"product_cat","embeddable":true,"href":"https:\/\/engitech.az\/en\/wp-json\/wp\/v2\/product_cat?post=11272"},{"taxonomy":"product_tag","embeddable":true,"href":"https:\/\/engitech.az\/en\/wp-json\/wp\/v2\/product_tag?post=11272"}],"curies":[{"name":"wp","href":"https:\/\/api.w.org\/{rel}","templated":true}]}}