{"id":11280,"date":"2026-02-18T06:43:34","date_gmt":"2026-02-18T06:43:34","guid":{"rendered":"https:\/\/engitech.az\/?post_type=product&#038;p=11280"},"modified":"2026-02-18T06:43:34","modified_gmt":"2026-02-18T06:43:34","slug":"indoor-lcd-clock-cristalys-date","status":"publish","type":"product","link":"https:\/\/engitech.az\/en\/product\/indoor-lcd-clock-cristalys-date\/","title":{"rendered":"Indoor LCD clock &#8211; Cristalys Date"},"content":{"rendered":"<ul>\n<li data-start=\"46\" data-end=\"73\"><strong data-start=\"46\" data-end=\"54\">Type:<\/strong> Indoor LCD Clock<\/li>\n<li data-start=\"76\" data-end=\"103\"><strong data-start=\"76\" data-end=\"86\">Model:<\/strong> Cristalys Date<\/li>\n<li data-start=\"106\" data-end=\"129\"><strong data-start=\"106\" data-end=\"116\">Marka:<\/strong> Bodet Time<\/li>\n<li data-start=\"132\" data-end=\"203\"><strong data-start=\"132\" data-end=\"145\">Function:<\/strong> Daxili m\u0259kan \u00fc\u00e7\u00fcn LCD r\u0259q\u0259msal saat (tarix g\u00f6st\u0259ricili)<\/li>\n<li data-start=\"206\" data-end=\"222\"><strong data-start=\"206\" data-end=\"216\">Screen:<\/strong> LCD<\/li>\n<li data-start=\"225\" data-end=\"244\"><strong data-start=\"225\" data-end=\"236\">Assembly:<\/strong> Divar<\/li>\n<li data-start=\"247\" data-end=\"334\"><strong data-start=\"247\" data-end=\"257\">Additional:<\/strong> Saat v\u0259 tarix eyni anda g\u00f6st\u0259rilir, ofis v\u0259 ictimai m\u0259kanlar \u00fc\u00e7\u00fcn uy\u011fundur<\/li>\n<\/ul>","protected":false},"excerpt":{"rendered":"<p>N\u00f6v: Indoor LCD Clock Model: Cristalys Date Marka: Bodet Time  [&#8230;]<\/p>","protected":false},"featured_media":11281,"comment_status":"open","ping_status":"closed","template":"","meta":[],"product_brand":[],"product_cat":[204],"product_tag":[],"class_list":{"0":"post-11280","1":"product","2":"type-product","3":"status-publish","4":"has-post-thumbnail","6":"product_cat-bodet-time","7":"pa_mehsul-tipi-lcd-clocks","9":"first","10":"instock","11":"sold-individually","12":"shipping-taxable","13":"purchasable","14":"product-type-simple"},"_links":{"self":[{"href":"https:\/\/engitech.az\/en\/wp-json\/wp\/v2\/product\/11280","targetHints":{"allow":["GET"]}}],"collection":[{"href":"https:\/\/engitech.az\/en\/wp-json\/wp\/v2\/product"}],"about":[{"href":"https:\/\/engitech.az\/en\/wp-json\/wp\/v2\/types\/product"}],"replies":[{"embeddable":true,"href":"https:\/\/engitech.az\/en\/wp-json\/wp\/v2\/comments?post=11280"}],"wp:featuredmedia":[{"embeddable":true,"href":"https:\/\/engitech.az\/en\/wp-json\/wp\/v2\/media\/11281"}],"wp:attachment":[{"href":"https:\/\/engitech.az\/en\/wp-json\/wp\/v2\/media?parent=11280"}],"wp:term":[{"taxonomy":"product_brand","embeddable":true,"href":"https:\/\/engitech.az\/en\/wp-json\/wp\/v2\/product_brand?post=11280"},{"taxonomy":"product_cat","embeddable":true,"href":"https:\/\/engitech.az\/en\/wp-json\/wp\/v2\/product_cat?post=11280"},{"taxonomy":"product_tag","embeddable":true,"href":"https:\/\/engitech.az\/en\/wp-json\/wp\/v2\/product_tag?post=11280"}],"curies":[{"name":"wp","href":"https:\/\/api.w.org\/{rel}","templated":true}]}}