{"id":11284,"date":"2026-02-18T06:46:39","date_gmt":"2026-02-18T06:46:39","guid":{"rendered":"https:\/\/engitech.az\/?post_type=product&#038;p=11284"},"modified":"2026-02-18T06:46:39","modified_gmt":"2026-02-18T06:46:39","slug":"indoor-lcd-clock-cristalys-14","status":"publish","type":"product","link":"https:\/\/engitech.az\/en\/product\/indoor-lcd-clock-cristalys-14\/","title":{"rendered":"Indoor LCD clock \u2013 Cristalys 14"},"content":{"rendered":"<ul>\n<li data-start=\"47\" data-end=\"74\"><strong data-start=\"47\" data-end=\"55\">Type:<\/strong> Indoor LCD Clock<\/li>\n<li data-start=\"77\" data-end=\"102\"><strong data-start=\"77\" data-end=\"87\">Model:<\/strong> Cristalys 14<\/li>\n<li data-start=\"105\" data-end=\"128\"><strong data-start=\"105\" data-end=\"115\">Marka:<\/strong> Bodet Time<\/li>\n<li data-start=\"131\" data-end=\"182\"><strong data-start=\"131\" data-end=\"144\">Function:<\/strong> Daxili m\u0259kan \u00fc\u00e7\u00fcn LCD r\u0259q\u0259msal saat<\/li>\n<li data-start=\"185\" data-end=\"201\"><strong data-start=\"185\" data-end=\"195\">Screen:<\/strong> LCD<\/li>\n<li data-start=\"204\" data-end=\"223\"><strong data-start=\"204\" data-end=\"215\">Assembly:<\/strong> Divar<\/li>\n<li data-start=\"226\" data-end=\"318\"><strong data-start=\"226\" data-end=\"236\">Additional:<\/strong> B\u00f6y\u00fck \u00f6l\u00e7\u00fcl\u00fc ekran, uzaqdan oxunaql\u0131d\u0131r, ofis v\u0259 ictimai m\u0259kanlar \u00fc\u00e7\u00fcn uy\u011fundur<\/li>\n<\/ul>","protected":false},"excerpt":{"rendered":"<p>N\u00f6v: Indoor LCD Clock Model: Cristalys 14 Marka: Bodet Time  [&#8230;]<\/p>","protected":false},"featured_media":11285,"comment_status":"open","ping_status":"closed","template":"","meta":[],"product_brand":[],"product_cat":[204],"product_tag":[],"class_list":{"0":"post-11284","1":"product","2":"type-product","3":"status-publish","4":"has-post-thumbnail","6":"product_cat-bodet-time","7":"pa_mehsul-tipi-lcd-clocks","9":"first","10":"instock","11":"sold-individually","12":"shipping-taxable","13":"purchasable","14":"product-type-simple"},"_links":{"self":[{"href":"https:\/\/engitech.az\/en\/wp-json\/wp\/v2\/product\/11284","targetHints":{"allow":["GET"]}}],"collection":[{"href":"https:\/\/engitech.az\/en\/wp-json\/wp\/v2\/product"}],"about":[{"href":"https:\/\/engitech.az\/en\/wp-json\/wp\/v2\/types\/product"}],"replies":[{"embeddable":true,"href":"https:\/\/engitech.az\/en\/wp-json\/wp\/v2\/comments?post=11284"}],"wp:featuredmedia":[{"embeddable":true,"href":"https:\/\/engitech.az\/en\/wp-json\/wp\/v2\/media\/11285"}],"wp:attachment":[{"href":"https:\/\/engitech.az\/en\/wp-json\/wp\/v2\/media?parent=11284"}],"wp:term":[{"taxonomy":"product_brand","embeddable":true,"href":"https:\/\/engitech.az\/en\/wp-json\/wp\/v2\/product_brand?post=11284"},{"taxonomy":"product_cat","embeddable":true,"href":"https:\/\/engitech.az\/en\/wp-json\/wp\/v2\/product_cat?post=11284"},{"taxonomy":"product_tag","embeddable":true,"href":"https:\/\/engitech.az\/en\/wp-json\/wp\/v2\/product_tag?post=11284"}],"curies":[{"name":"wp","href":"https:\/\/api.w.org\/{rel}","templated":true}]}}