{"id":11286,"date":"2026-02-18T06:50:16","date_gmt":"2026-02-18T06:50:16","guid":{"rendered":"https:\/\/engitech.az\/?post_type=product&#038;p=11286"},"modified":"2026-02-18T06:50:16","modified_gmt":"2026-02-18T06:50:16","slug":"backlit-lcd-clock-opalys-7","status":"publish","type":"product","link":"https:\/\/engitech.az\/en\/product\/backlit-lcd-clock-opalys-7\/","title":{"rendered":"Backlit LCD clock &#8211; Opalys 7"},"content":{"rendered":"<ul>\n<li data-start=\"47\" data-end=\"75\"><strong data-start=\"47\" data-end=\"55\">Type:<\/strong> Backlit LCD Clock<\/li>\n<li data-start=\"78\" data-end=\"99\"><strong data-start=\"78\" data-end=\"88\">Model:<\/strong> Opalys 7<\/li>\n<li data-start=\"102\" data-end=\"125\"><strong data-start=\"102\" data-end=\"112\">Marka:<\/strong> Bodet Time<\/li>\n<li data-start=\"128\" data-end=\"191\"><strong data-start=\"128\" data-end=\"141\">Function:<\/strong> Daxili m\u0259kan \u00fc\u00e7\u00fcn arxa i\u015f\u0131ql\u0131 LCD r\u0259q\u0259msal saat<\/li>\n<li data-start=\"194\" data-end=\"218\"><strong data-start=\"194\" data-end=\"204\">Screen:<\/strong> Backlit LCD<\/li>\n<li data-start=\"221\" data-end=\"240\"><strong data-start=\"221\" data-end=\"232\">Assembly:<\/strong> Divar<\/li>\n<li data-start=\"243\" data-end=\"319\"><strong data-start=\"243\" data-end=\"253\">Additional:<\/strong> Arxa i\u015f\u0131q say\u0259sind\u0259 z\u0259if i\u015f\u0131ql\u0131 m\u00fchitl\u0259rd\u0259 d\u0259 ayd\u0131n oxunaql\u0131d\u0131r<\/li>\n<\/ul>","protected":false},"excerpt":{"rendered":"<p>N\u00f6v: Backlit LCD Clock Model: Opalys 7 Marka: Bodet Time  [&#8230;]<\/p>","protected":false},"featured_media":11292,"comment_status":"open","ping_status":"closed","template":"","meta":[],"product_brand":[],"product_cat":[204],"product_tag":[],"class_list":{"0":"post-11286","1":"product","2":"type-product","3":"status-publish","4":"has-post-thumbnail","6":"product_cat-bodet-time","7":"pa_mehsul-tipi-backlit-lcd-clocks","9":"first","10":"instock","11":"sold-individually","12":"shipping-taxable","13":"purchasable","14":"product-type-simple"},"_links":{"self":[{"href":"https:\/\/engitech.az\/en\/wp-json\/wp\/v2\/product\/11286","targetHints":{"allow":["GET"]}}],"collection":[{"href":"https:\/\/engitech.az\/en\/wp-json\/wp\/v2\/product"}],"about":[{"href":"https:\/\/engitech.az\/en\/wp-json\/wp\/v2\/types\/product"}],"replies":[{"embeddable":true,"href":"https:\/\/engitech.az\/en\/wp-json\/wp\/v2\/comments?post=11286"}],"wp:featuredmedia":[{"embeddable":true,"href":"https:\/\/engitech.az\/en\/wp-json\/wp\/v2\/media\/11292"}],"wp:attachment":[{"href":"https:\/\/engitech.az\/en\/wp-json\/wp\/v2\/media?parent=11286"}],"wp:term":[{"taxonomy":"product_brand","embeddable":true,"href":"https:\/\/engitech.az\/en\/wp-json\/wp\/v2\/product_brand?post=11286"},{"taxonomy":"product_cat","embeddable":true,"href":"https:\/\/engitech.az\/en\/wp-json\/wp\/v2\/product_cat?post=11286"},{"taxonomy":"product_tag","embeddable":true,"href":"https:\/\/engitech.az\/en\/wp-json\/wp\/v2\/product_tag?post=11286"}],"curies":[{"name":"wp","href":"https:\/\/api.w.org\/{rel}","templated":true}]}}