{"id":11293,"date":"2026-02-18T06:51:37","date_gmt":"2026-02-18T06:51:37","guid":{"rendered":"https:\/\/engitech.az\/?post_type=product&#038;p=11293"},"modified":"2026-02-18T06:51:37","modified_gmt":"2026-02-18T06:51:37","slug":"backlit-lcd-clock-opalys-date","status":"publish","type":"product","link":"https:\/\/engitech.az\/en\/product\/backlit-lcd-clock-opalys-date\/","title":{"rendered":"Backlit LCD clock &#8211; Opalys Date"},"content":{"rendered":"<ul>\n<li data-start=\"47\" data-end=\"75\"><strong data-start=\"47\" data-end=\"55\">Type:<\/strong> Backlit LCD Clock<\/li>\n<li data-start=\"78\" data-end=\"102\"><strong data-start=\"78\" data-end=\"88\">Model:<\/strong> Opalys Date<\/li>\n<li data-start=\"105\" data-end=\"128\"><strong data-start=\"105\" data-end=\"115\">Marka:<\/strong> Bodet Time<\/li>\n<li data-start=\"131\" data-end=\"214\"><strong data-start=\"131\" data-end=\"144\">Function:<\/strong> Daxili m\u0259kan \u00fc\u00e7\u00fcn arxa i\u015f\u0131ql\u0131 LCD r\u0259q\u0259msal saat (tarix g\u00f6st\u0259ricili)<\/li>\n<li data-start=\"217\" data-end=\"241\"><strong data-start=\"217\" data-end=\"227\">Screen:<\/strong> Backlit LCD<\/li>\n<li data-start=\"244\" data-end=\"263\"><strong data-start=\"244\" data-end=\"255\">Assembly:<\/strong> Divar<\/li>\n<li data-start=\"266\" data-end=\"349\"><strong data-start=\"266\" data-end=\"276\">Additional:<\/strong> Saat v\u0259 tarix eyni anda g\u00f6st\u0259rilir, z\u0259if i\u015f\u0131ql\u0131 m\u00fchitl\u0259r \u00fc\u00e7\u00fcn uy\u011fundur<\/li>\n<\/ul>","protected":false},"excerpt":{"rendered":"<p>N\u00f6v: Backlit LCD Clock Model: Opalys Date Marka: Bodet Time  [&#8230;]<\/p>","protected":false},"featured_media":11294,"comment_status":"open","ping_status":"closed","template":"","meta":[],"product_brand":[],"product_cat":[204],"product_tag":[],"class_list":{"0":"post-11293","1":"product","2":"type-product","3":"status-publish","4":"has-post-thumbnail","6":"product_cat-bodet-time","7":"pa_mehsul-tipi-backlit-lcd-clocks","9":"first","10":"instock","11":"sold-individually","12":"shipping-taxable","13":"purchasable","14":"product-type-simple"},"_links":{"self":[{"href":"https:\/\/engitech.az\/en\/wp-json\/wp\/v2\/product\/11293","targetHints":{"allow":["GET"]}}],"collection":[{"href":"https:\/\/engitech.az\/en\/wp-json\/wp\/v2\/product"}],"about":[{"href":"https:\/\/engitech.az\/en\/wp-json\/wp\/v2\/types\/product"}],"replies":[{"embeddable":true,"href":"https:\/\/engitech.az\/en\/wp-json\/wp\/v2\/comments?post=11293"}],"wp:featuredmedia":[{"embeddable":true,"href":"https:\/\/engitech.az\/en\/wp-json\/wp\/v2\/media\/11294"}],"wp:attachment":[{"href":"https:\/\/engitech.az\/en\/wp-json\/wp\/v2\/media?parent=11293"}],"wp:term":[{"taxonomy":"product_brand","embeddable":true,"href":"https:\/\/engitech.az\/en\/wp-json\/wp\/v2\/product_brand?post=11293"},{"taxonomy":"product_cat","embeddable":true,"href":"https:\/\/engitech.az\/en\/wp-json\/wp\/v2\/product_cat?post=11293"},{"taxonomy":"product_tag","embeddable":true,"href":"https:\/\/engitech.az\/en\/wp-json\/wp\/v2\/product_tag?post=11293"}],"curies":[{"name":"wp","href":"https:\/\/api.w.org\/{rel}","templated":true}]}}