{"id":11295,"date":"2026-02-18T06:53:33","date_gmt":"2026-02-18T06:53:33","guid":{"rendered":"https:\/\/engitech.az\/?post_type=product&#038;p=11295"},"modified":"2026-02-18T06:53:34","modified_gmt":"2026-02-18T06:53:34","slug":"backlit-lcd-clock-opalys-ellipse","status":"publish","type":"product","link":"https:\/\/engitech.az\/en\/product\/backlit-lcd-clock-opalys-ellipse\/","title":{"rendered":"Backlit LCD clock &#8211; Opalys Ellipse"},"content":{"rendered":"<ul>\n<li data-start=\"47\" data-end=\"75\"><strong data-start=\"47\" data-end=\"55\">Type:<\/strong> Backlit LCD Clock<\/li>\n<li data-start=\"78\" data-end=\"105\"><strong data-start=\"78\" data-end=\"88\">Model:<\/strong> Opalys Ellipse<\/li>\n<li data-start=\"108\" data-end=\"131\"><strong data-start=\"108\" data-end=\"118\">Marka:<\/strong> Bodet Time<\/li>\n<li data-start=\"134\" data-end=\"197\"><strong data-start=\"134\" data-end=\"147\">Function:<\/strong> Daxili m\u0259kan \u00fc\u00e7\u00fcn arxa i\u015f\u0131ql\u0131 LCD r\u0259q\u0259msal saat<\/li>\n<li data-start=\"200\" data-end=\"224\"><strong data-start=\"200\" data-end=\"210\">Screen:<\/strong> Backlit LCD<\/li>\n<li data-start=\"227\" data-end=\"246\"><strong data-start=\"227\" data-end=\"238\">Assembly:<\/strong> Divar<\/li>\n<li data-start=\"249\" data-end=\"317\"><strong data-start=\"249\" data-end=\"259\">Additional:<\/strong> Ellips formal\u0131 dizayn, m\u00fcasir interyerl\u0259r \u00fc\u00e7\u00fcn uy\u011fundur<\/li>\n<\/ul>","protected":false},"excerpt":{"rendered":"<p>N\u00f6v: Backlit LCD Clock Model: Opalys Ellipse Marka: Bodet Time  [&#8230;]<\/p>","protected":false},"featured_media":11296,"comment_status":"open","ping_status":"closed","template":"","meta":[],"product_brand":[],"product_cat":[204],"product_tag":[],"class_list":{"0":"post-11295","1":"product","2":"type-product","3":"status-publish","4":"has-post-thumbnail","6":"product_cat-bodet-time","7":"pa_mehsul-tipi-backlit-lcd-clocks","9":"first","10":"instock","11":"sold-individually","12":"shipping-taxable","13":"purchasable","14":"product-type-simple"},"_links":{"self":[{"href":"https:\/\/engitech.az\/en\/wp-json\/wp\/v2\/product\/11295","targetHints":{"allow":["GET"]}}],"collection":[{"href":"https:\/\/engitech.az\/en\/wp-json\/wp\/v2\/product"}],"about":[{"href":"https:\/\/engitech.az\/en\/wp-json\/wp\/v2\/types\/product"}],"replies":[{"embeddable":true,"href":"https:\/\/engitech.az\/en\/wp-json\/wp\/v2\/comments?post=11295"}],"wp:featuredmedia":[{"embeddable":true,"href":"https:\/\/engitech.az\/en\/wp-json\/wp\/v2\/media\/11296"}],"wp:attachment":[{"href":"https:\/\/engitech.az\/en\/wp-json\/wp\/v2\/media?parent=11295"}],"wp:term":[{"taxonomy":"product_brand","embeddable":true,"href":"https:\/\/engitech.az\/en\/wp-json\/wp\/v2\/product_brand?post=11295"},{"taxonomy":"product_cat","embeddable":true,"href":"https:\/\/engitech.az\/en\/wp-json\/wp\/v2\/product_cat?post=11295"},{"taxonomy":"product_tag","embeddable":true,"href":"https:\/\/engitech.az\/en\/wp-json\/wp\/v2\/product_tag?post=11295"}],"curies":[{"name":"wp","href":"https:\/\/api.w.org\/{rel}","templated":true}]}}