{"id":11299,"date":"2026-02-18T08:13:25","date_gmt":"2026-02-18T08:13:25","guid":{"rendered":"https:\/\/engitech.az\/?post_type=product&#038;p=11299"},"modified":"2026-02-18T08:13:25","modified_gmt":"2026-02-18T08:13:25","slug":"firecuda-gaming-dock-4tb","status":"publish","type":"product","link":"https:\/\/engitech.az\/en\/product\/firecuda-gaming-dock-4tb\/","title":{"rendered":"FireCuda Gaming Dock 4TB"},"content":{"rendered":"<ul>\n<li data-start=\"48\" data-end=\"86\"><strong data-start=\"48\" data-end=\"59\">M\u0259hsul:<\/strong> FireCuda Gaming Dock 4TB<\/li>\n<li data-start=\"89\" data-end=\"137\"><strong data-start=\"89\" data-end=\"104\">Category:<\/strong> External Storage \/ Gaming Dock<\/li>\n<li data-start=\"140\" data-end=\"171\"><strong data-start=\"140\" data-end=\"150\">Marka:<\/strong> Seagate (FireCuda)<\/li>\n<li data-start=\"174\" data-end=\"192\"><strong data-start=\"174\" data-end=\"185\">Tutumu:<\/strong> 4 TB<\/li>\n<li data-start=\"195\" data-end=\"267\"><strong data-start=\"195\" data-end=\"208\">Usage:<\/strong> Oyun konsollar\u0131 v\u0259 PC \u00fc\u00e7\u00fcn xarici y\u00fcks\u0259k s\u00fcr\u0259tli saxlama<\/li>\n<li data-start=\"270\" data-end=\"349\"><strong data-start=\"270\" data-end=\"280\">Additional:<\/strong> Expansion + NVMe SSD d\u0259st\u0259k, USB hub, RJ-45 LAN, y\u00fcks\u0259k performans<\/li>\n<\/ul>","protected":false},"excerpt":{"rendered":"<p>M\u0259hsul: FireCuda Gaming Dock 4TB Kateqoriya: External Storage \/ Gaming  [&#8230;]<\/p>","protected":false},"featured_media":11301,"comment_status":"open","ping_status":"closed","template":"","meta":[],"product_brand":[],"product_cat":[62],"product_tag":[],"class_list":{"0":"post-11299","1":"product","2":"type-product","3":"status-publish","4":"has-post-thumbnail","6":"product_cat-seagate","7":"pa_mehsul-tipi-external-hard-drives","9":"first","10":"instock","11":"sold-individually","12":"shipping-taxable","13":"purchasable","14":"product-type-simple"},"_links":{"self":[{"href":"https:\/\/engitech.az\/en\/wp-json\/wp\/v2\/product\/11299","targetHints":{"allow":["GET"]}}],"collection":[{"href":"https:\/\/engitech.az\/en\/wp-json\/wp\/v2\/product"}],"about":[{"href":"https:\/\/engitech.az\/en\/wp-json\/wp\/v2\/types\/product"}],"replies":[{"embeddable":true,"href":"https:\/\/engitech.az\/en\/wp-json\/wp\/v2\/comments?post=11299"}],"wp:featuredmedia":[{"embeddable":true,"href":"https:\/\/engitech.az\/en\/wp-json\/wp\/v2\/media\/11301"}],"wp:attachment":[{"href":"https:\/\/engitech.az\/en\/wp-json\/wp\/v2\/media?parent=11299"}],"wp:term":[{"taxonomy":"product_brand","embeddable":true,"href":"https:\/\/engitech.az\/en\/wp-json\/wp\/v2\/product_brand?post=11299"},{"taxonomy":"product_cat","embeddable":true,"href":"https:\/\/engitech.az\/en\/wp-json\/wp\/v2\/product_cat?post=11299"},{"taxonomy":"product_tag","embeddable":true,"href":"https:\/\/engitech.az\/en\/wp-json\/wp\/v2\/product_tag?post=11299"}],"curies":[{"name":"wp","href":"https:\/\/api.w.org\/{rel}","templated":true}]}}