{"id":11309,"date":"2026-02-18T10:50:15","date_gmt":"2026-02-18T10:50:15","guid":{"rendered":"https:\/\/engitech.az\/?post_type=product&#038;p=11309"},"modified":"2026-02-18T10:50:16","modified_gmt":"2026-02-18T10:50:16","slug":"skyhawk-video-hard-drives","status":"publish","type":"product","link":"https:\/\/engitech.az\/en\/product\/skyhawk-video-hard-drives\/","title":{"rendered":"SkyHawk Video Hard Drives"},"content":{"rendered":"<ul>\n<li data-start=\"41\" data-end=\"80\"><strong data-start=\"41\" data-end=\"52\">M\u0259hsul:<\/strong> SkyHawk Video Hard Drives<\/li>\n<li data-start=\"83\" data-end=\"123\"><strong data-start=\"83\" data-end=\"98\">Category:<\/strong> Video Surveillance HDD<\/li>\n<li data-start=\"126\" data-end=\"165\"><strong data-start=\"126\" data-end=\"136\">Marka:<\/strong> Seagate (SkyHawk seriyas\u0131)<\/li>\n<li data-start=\"168\" data-end=\"215\"><strong data-start=\"168\" data-end=\"179\">Tutumu:<\/strong> M\u00fcxt\u0259lif (m\u0259s\u0259l\u0259n 1TB\u201318TB v\u0259 s.)<\/li>\n<li data-start=\"218\" data-end=\"267\"><strong data-start=\"218\" data-end=\"231\">Usage:<\/strong> Video n\u0259zar\u0259t sisteml\u0259ri \u00fc\u00e7\u00fcn HDD<\/li>\n<\/ul>","protected":false},"excerpt":{"rendered":"<p>M\u0259hsul: SkyHawk Video Hard Drives Kateqoriya: Video Surveillance HDD Marka:  [&#8230;]<\/p>","protected":false},"featured_media":11310,"comment_status":"open","ping_status":"closed","template":"","meta":[],"product_brand":[],"product_cat":[62],"product_tag":[],"class_list":{"0":"post-11309","1":"product","2":"type-product","3":"status-publish","4":"has-post-thumbnail","6":"product_cat-seagate","7":"pa_mehsul-tipi-internal-hard-drives","9":"first","10":"instock","11":"sold-individually","12":"shipping-taxable","13":"purchasable","14":"product-type-simple"},"_links":{"self":[{"href":"https:\/\/engitech.az\/en\/wp-json\/wp\/v2\/product\/11309","targetHints":{"allow":["GET"]}}],"collection":[{"href":"https:\/\/engitech.az\/en\/wp-json\/wp\/v2\/product"}],"about":[{"href":"https:\/\/engitech.az\/en\/wp-json\/wp\/v2\/types\/product"}],"replies":[{"embeddable":true,"href":"https:\/\/engitech.az\/en\/wp-json\/wp\/v2\/comments?post=11309"}],"wp:featuredmedia":[{"embeddable":true,"href":"https:\/\/engitech.az\/en\/wp-json\/wp\/v2\/media\/11310"}],"wp:attachment":[{"href":"https:\/\/engitech.az\/en\/wp-json\/wp\/v2\/media?parent=11309"}],"wp:term":[{"taxonomy":"product_brand","embeddable":true,"href":"https:\/\/engitech.az\/en\/wp-json\/wp\/v2\/product_brand?post=11309"},{"taxonomy":"product_cat","embeddable":true,"href":"https:\/\/engitech.az\/en\/wp-json\/wp\/v2\/product_cat?post=11309"},{"taxonomy":"product_tag","embeddable":true,"href":"https:\/\/engitech.az\/en\/wp-json\/wp\/v2\/product_tag?post=11309"}],"curies":[{"name":"wp","href":"https:\/\/api.w.org\/{rel}","templated":true}]}}