{"id":11311,"date":"2026-02-18T10:52:57","date_gmt":"2026-02-18T10:52:57","guid":{"rendered":"https:\/\/engitech.az\/?post_type=product&#038;p=11311"},"modified":"2026-02-18T10:52:58","modified_gmt":"2026-02-18T10:52:58","slug":"barracuda-3-5-hard-drive-4tb","status":"publish","type":"product","link":"https:\/\/engitech.az\/en\/product\/barracuda-3-5-hard-drive-4tb\/","title":{"rendered":"BarraCuda 3.5&#8243; Hard Drive 4TB"},"content":{"rendered":"<ul>\n<li data-start=\"40\" data-end=\"83\"><strong data-start=\"40\" data-end=\"51\">M\u0259hsul:<\/strong> BarraCuda 3.5&#8243; Hard Drive 4TB<\/li>\n<li data-start=\"86\" data-end=\"134\"><strong data-start=\"86\" data-end=\"101\">Category:<\/strong> 3.5&#8243; Internal Hard Drive (HDD)<\/li>\n<li data-start=\"137\" data-end=\"178\"><strong data-start=\"137\" data-end=\"147\">Marka:<\/strong> Seagate (BarraCuda seriyas\u0131)<\/li>\n<li data-start=\"181\" data-end=\"199\"><strong data-start=\"181\" data-end=\"192\">Tutumu:<\/strong> 4 TB<\/li>\n<li data-start=\"202\" data-end=\"251\"><strong data-start=\"202\" data-end=\"215\">Usage:<\/strong> Masa\u00fcst\u00fc PC v\u0259 \u00fcmumi saxlama \u00fc\u00e7\u00fcn<\/li>\n<\/ul>","protected":false},"excerpt":{"rendered":"<p>M\u0259hsul: BarraCuda 3.5&#8243; Hard Drive 4TB Kateqoriya: 3.5&#8243; Internal Hard  [&#8230;]<\/p>","protected":false},"featured_media":11312,"comment_status":"open","ping_status":"closed","template":"","meta":[],"product_brand":[],"product_cat":[62],"product_tag":[],"class_list":{"0":"post-11311","1":"product","2":"type-product","3":"status-publish","4":"has-post-thumbnail","6":"product_cat-seagate","7":"pa_mehsul-tipi-internal-hard-drives","9":"first","10":"instock","11":"sold-individually","12":"shipping-taxable","13":"purchasable","14":"product-type-simple"},"_links":{"self":[{"href":"https:\/\/engitech.az\/en\/wp-json\/wp\/v2\/product\/11311","targetHints":{"allow":["GET"]}}],"collection":[{"href":"https:\/\/engitech.az\/en\/wp-json\/wp\/v2\/product"}],"about":[{"href":"https:\/\/engitech.az\/en\/wp-json\/wp\/v2\/types\/product"}],"replies":[{"embeddable":true,"href":"https:\/\/engitech.az\/en\/wp-json\/wp\/v2\/comments?post=11311"}],"wp:featuredmedia":[{"embeddable":true,"href":"https:\/\/engitech.az\/en\/wp-json\/wp\/v2\/media\/11312"}],"wp:attachment":[{"href":"https:\/\/engitech.az\/en\/wp-json\/wp\/v2\/media?parent=11311"}],"wp:term":[{"taxonomy":"product_brand","embeddable":true,"href":"https:\/\/engitech.az\/en\/wp-json\/wp\/v2\/product_brand?post=11311"},{"taxonomy":"product_cat","embeddable":true,"href":"https:\/\/engitech.az\/en\/wp-json\/wp\/v2\/product_cat?post=11311"},{"taxonomy":"product_tag","embeddable":true,"href":"https:\/\/engitech.az\/en\/wp-json\/wp\/v2\/product_tag?post=11311"}],"curies":[{"name":"wp","href":"https:\/\/api.w.org\/{rel}","templated":true}]}}