{"id":11313,"date":"2026-02-18T11:13:16","date_gmt":"2026-02-18T11:13:16","guid":{"rendered":"https:\/\/engitech.az\/?post_type=product&#038;p=11313"},"modified":"2026-02-18T11:13:17","modified_gmt":"2026-02-18T11:13:17","slug":"ironwolf-pro-8tb","status":"publish","type":"product","link":"https:\/\/engitech.az\/en\/product\/ironwolf-pro-8tb\/","title":{"rendered":"Ironwolf Pro 8TB"},"content":{"rendered":"<ul>\n<li data-start=\"42\" data-end=\"72\"><strong data-start=\"42\" data-end=\"53\">M\u0259hsul:<\/strong> IronWolf Pro 8TB<\/li>\n<li data-start=\"75\" data-end=\"113\"><strong data-start=\"75\" data-end=\"90\">Category:<\/strong> NAS Hard Drive \/ HDD<\/li>\n<li data-start=\"116\" data-end=\"160\"><strong data-start=\"116\" data-end=\"126\">Marka:<\/strong> Seagate (IronWolf Pro seriyas\u0131)<\/li>\n<li data-start=\"163\" data-end=\"181\"><strong data-start=\"163\" data-end=\"174\">Tutumu:<\/strong> 8 TB<\/li>\n<li data-start=\"184\" data-end=\"239\"><strong data-start=\"184\" data-end=\"197\">Usage:<\/strong> NAS sisteml\u0259ri \u00fc\u00e7\u00fcn etibarl\u0131 performans<\/li>\n<\/ul>","protected":false},"excerpt":{"rendered":"<p>M\u0259hsul: IronWolf Pro 8TB Kateqoriya: NAS Hard Drive \/ HDD  [&#8230;]<\/p>","protected":false},"featured_media":11314,"comment_status":"open","ping_status":"closed","template":"","meta":[],"product_brand":[],"product_cat":[62],"product_tag":[],"class_list":{"0":"post-11313","1":"product","2":"type-product","3":"status-publish","4":"has-post-thumbnail","6":"product_cat-seagate","7":"pa_mehsul-tipi-internal-hard-drives","9":"first","10":"instock","11":"sold-individually","12":"shipping-taxable","13":"purchasable","14":"product-type-simple"},"_links":{"self":[{"href":"https:\/\/engitech.az\/en\/wp-json\/wp\/v2\/product\/11313","targetHints":{"allow":["GET"]}}],"collection":[{"href":"https:\/\/engitech.az\/en\/wp-json\/wp\/v2\/product"}],"about":[{"href":"https:\/\/engitech.az\/en\/wp-json\/wp\/v2\/types\/product"}],"replies":[{"embeddable":true,"href":"https:\/\/engitech.az\/en\/wp-json\/wp\/v2\/comments?post=11313"}],"wp:featuredmedia":[{"embeddable":true,"href":"https:\/\/engitech.az\/en\/wp-json\/wp\/v2\/media\/11314"}],"wp:attachment":[{"href":"https:\/\/engitech.az\/en\/wp-json\/wp\/v2\/media?parent=11313"}],"wp:term":[{"taxonomy":"product_brand","embeddable":true,"href":"https:\/\/engitech.az\/en\/wp-json\/wp\/v2\/product_brand?post=11313"},{"taxonomy":"product_cat","embeddable":true,"href":"https:\/\/engitech.az\/en\/wp-json\/wp\/v2\/product_cat?post=11313"},{"taxonomy":"product_tag","embeddable":true,"href":"https:\/\/engitech.az\/en\/wp-json\/wp\/v2\/product_tag?post=11313"}],"curies":[{"name":"wp","href":"https:\/\/api.w.org\/{rel}","templated":true}]}}