{"id":11315,"date":"2026-02-18T11:20:49","date_gmt":"2026-02-18T11:20:49","guid":{"rendered":"https:\/\/engitech.az\/?post_type=product&#038;p=11315"},"modified":"2026-02-18T11:20:50","modified_gmt":"2026-02-18T11:20:50","slug":"ultra-compact-ssd","status":"publish","type":"product","link":"https:\/\/engitech.az\/en\/product\/ultra-compact-ssd\/","title":{"rendered":"Ultra Compact SSD"},"content":{"rendered":"<ul>\n<li data-start=\"42\" data-end=\"73\"><strong data-start=\"42\" data-end=\"53\">M\u0259hsul:<\/strong> Ultra Compact SSD<\/li>\n<li data-start=\"76\" data-end=\"117\"><strong data-start=\"76\" data-end=\"91\">Category:<\/strong> Solid State Drive (SSD)<\/li>\n<li data-start=\"120\" data-end=\"167\"><strong data-start=\"120\" data-end=\"136\">Form Factor:<\/strong> Ultra compact \/ ki\u00e7ik \u00f6l\u00e7\u00fcl\u00fc<\/li>\n<li data-start=\"170\" data-end=\"237\"><strong data-start=\"170\" data-end=\"181\">Tutumu:<\/strong> M\u00fcxt\u0259lif (m\u0259s\u0259l\u0259n 128 GB, 256 GB, 512 GB, 1 TB v\u0259 s.)<\/li>\n<li data-start=\"240\" data-end=\"309\"><strong data-start=\"240\" data-end=\"253\">Usage:<\/strong> Portativ saxlama v\u0259 y\u00fcks\u0259k s\u00fcr\u0259tli m\u0259lumat \u00f6t\u00fcr\u00fclm\u0259si<\/li>\n<\/ul>","protected":false},"excerpt":{"rendered":"<p>M\u0259hsul: Ultra Compact SSD Kateqoriya: Solid State Drive (SSD) Form  [&#8230;]<\/p>","protected":false},"featured_media":11321,"comment_status":"open","ping_status":"closed","template":"","meta":[],"product_brand":[],"product_cat":[62],"product_tag":[],"class_list":{"0":"post-11315","1":"product","2":"type-product","3":"status-publish","4":"has-post-thumbnail","6":"product_cat-seagate","7":"pa_mehsul-tipi-external-ssds","9":"first","10":"instock","11":"sold-individually","12":"shipping-taxable","13":"purchasable","14":"product-type-simple"},"_links":{"self":[{"href":"https:\/\/engitech.az\/en\/wp-json\/wp\/v2\/product\/11315","targetHints":{"allow":["GET"]}}],"collection":[{"href":"https:\/\/engitech.az\/en\/wp-json\/wp\/v2\/product"}],"about":[{"href":"https:\/\/engitech.az\/en\/wp-json\/wp\/v2\/types\/product"}],"replies":[{"embeddable":true,"href":"https:\/\/engitech.az\/en\/wp-json\/wp\/v2\/comments?post=11315"}],"wp:featuredmedia":[{"embeddable":true,"href":"https:\/\/engitech.az\/en\/wp-json\/wp\/v2\/media\/11321"}],"wp:attachment":[{"href":"https:\/\/engitech.az\/en\/wp-json\/wp\/v2\/media?parent=11315"}],"wp:term":[{"taxonomy":"product_brand","embeddable":true,"href":"https:\/\/engitech.az\/en\/wp-json\/wp\/v2\/product_brand?post=11315"},{"taxonomy":"product_cat","embeddable":true,"href":"https:\/\/engitech.az\/en\/wp-json\/wp\/v2\/product_cat?post=11315"},{"taxonomy":"product_tag","embeddable":true,"href":"https:\/\/engitech.az\/en\/wp-json\/wp\/v2\/product_tag?post=11315"}],"curies":[{"name":"wp","href":"https:\/\/api.w.org\/{rel}","templated":true}]}}