{"id":11322,"date":"2026-02-18T11:24:52","date_gmt":"2026-02-18T11:24:52","guid":{"rendered":"https:\/\/engitech.az\/?post_type=product&#038;p=11322"},"modified":"2026-02-18T11:24:52","modified_gmt":"2026-02-18T11:24:52","slug":"storage-expansion-card-for-xbox-series-xs","status":"publish","type":"product","link":"https:\/\/engitech.az\/en\/product\/storage-expansion-card-for-xbox-series-xs\/","title":{"rendered":"Storage Expansion Card for Xbox Series X|S"},"content":{"rendered":"<ul>\n<li data-start=\"42\" data-end=\"98\"><strong data-start=\"42\" data-end=\"53\">M\u0259hsul:<\/strong> Storage Expansion Card for Xbox Series X|S<\/li>\n<li data-start=\"101\" data-end=\"148\"><strong data-start=\"101\" data-end=\"116\">Category:<\/strong> Konsol Storage Expansion Card<\/li>\n<li data-start=\"151\" data-end=\"204\"><strong data-start=\"151\" data-end=\"161\">Marka:<\/strong> Microsoft \/ Seagate (Certified for Xbox)<\/li>\n<li data-start=\"207\" data-end=\"264\"><strong data-start=\"207\" data-end=\"218\">Tutumu:<\/strong> M\u00fcxt\u0259lif (m\u0259s\u0259l\u0259n 512 GB, 1 TB, 2 TB v\u0259 s.)<\/li>\n<li data-start=\"267\" data-end=\"335\"><strong data-start=\"267\" data-end=\"280\">Usage:<\/strong> <strong data-start=\"281\" data-end=\"300\">Xbox Series X|S<\/strong> konsollar\u0131nda \u0259lav\u0259 saxlama \u00fc\u00e7\u00fcn<\/li>\n<\/ul>","protected":false},"excerpt":{"rendered":"<p>M\u0259hsul: Storage Expansion Card for Xbox Series X|S Kateqoriya: Konsol  [&#8230;]<\/p>","protected":false},"featured_media":11323,"comment_status":"open","ping_status":"closed","template":"","meta":[],"product_brand":[],"product_cat":[62],"product_tag":[],"class_list":{"0":"post-11322","1":"product","2":"type-product","3":"status-publish","4":"has-post-thumbnail","6":"product_cat-seagate","7":"pa_mehsul-tipi-external-ssds","9":"first","10":"instock","11":"sold-individually","12":"shipping-taxable","13":"purchasable","14":"product-type-simple"},"_links":{"self":[{"href":"https:\/\/engitech.az\/en\/wp-json\/wp\/v2\/product\/11322","targetHints":{"allow":["GET"]}}],"collection":[{"href":"https:\/\/engitech.az\/en\/wp-json\/wp\/v2\/product"}],"about":[{"href":"https:\/\/engitech.az\/en\/wp-json\/wp\/v2\/types\/product"}],"replies":[{"embeddable":true,"href":"https:\/\/engitech.az\/en\/wp-json\/wp\/v2\/comments?post=11322"}],"wp:featuredmedia":[{"embeddable":true,"href":"https:\/\/engitech.az\/en\/wp-json\/wp\/v2\/media\/11323"}],"wp:attachment":[{"href":"https:\/\/engitech.az\/en\/wp-json\/wp\/v2\/media?parent=11322"}],"wp:term":[{"taxonomy":"product_brand","embeddable":true,"href":"https:\/\/engitech.az\/en\/wp-json\/wp\/v2\/product_brand?post=11322"},{"taxonomy":"product_cat","embeddable":true,"href":"https:\/\/engitech.az\/en\/wp-json\/wp\/v2\/product_cat?post=11322"},{"taxonomy":"product_tag","embeddable":true,"href":"https:\/\/engitech.az\/en\/wp-json\/wp\/v2\/product_tag?post=11322"}],"curies":[{"name":"wp","href":"https:\/\/api.w.org\/{rel}","templated":true}]}}