{"id":11324,"date":"2026-02-18T11:59:05","date_gmt":"2026-02-18T11:59:05","guid":{"rendered":"https:\/\/engitech.az\/?post_type=product&#038;p=11324"},"modified":"2026-02-18T11:59:05","modified_gmt":"2026-02-18T11:59:05","slug":"one-touch-ssd-2tb","status":"publish","type":"product","link":"https:\/\/engitech.az\/en\/product\/one-touch-ssd-2tb\/","title":{"rendered":"One Touch SSD 2TB"},"content":{"rendered":"<ul>\n<li data-start=\"42\" data-end=\"73\"><strong data-start=\"42\" data-end=\"53\">M\u0259hsul:<\/strong> One Touch SSD 2TB<\/li>\n<li data-start=\"76\" data-end=\"106\"><strong data-start=\"76\" data-end=\"91\">Category:<\/strong> Portable SSD<\/li>\n<li data-start=\"109\" data-end=\"149\"><strong data-start=\"109\" data-end=\"119\">Marka:<\/strong> (m\u0259s\u0259l\u0259n) Seagate One Touch<\/li>\n<li data-start=\"152\" data-end=\"170\"><strong data-start=\"152\" data-end=\"163\">Tutumu:<\/strong> 2 TB<\/li>\n<li data-start=\"173\" data-end=\"242\"><strong data-start=\"173\" data-end=\"186\">Usage:<\/strong> Portativ y\u00fcks\u0259k s\u00fcr\u0259tli saxlama v\u0259 m\u0259lumat \u00f6t\u00fcr\u00fclm\u0259si<\/li>\n<\/ul>","protected":false},"excerpt":{"rendered":"<p>M\u0259hsul: One Touch SSD 2TB Kateqoriya: Portable SSD Marka: (m\u0259s\u0259l\u0259n)  [&#8230;]<\/p>","protected":false},"featured_media":11325,"comment_status":"open","ping_status":"closed","template":"","meta":[],"product_brand":[],"product_cat":[62],"product_tag":[],"class_list":{"0":"post-11324","1":"product","2":"type-product","3":"status-publish","4":"has-post-thumbnail","6":"product_cat-seagate","7":"pa_mehsul-tipi-external-ssds","9":"first","10":"instock","11":"sold-individually","12":"shipping-taxable","13":"purchasable","14":"product-type-simple"},"_links":{"self":[{"href":"https:\/\/engitech.az\/en\/wp-json\/wp\/v2\/product\/11324","targetHints":{"allow":["GET"]}}],"collection":[{"href":"https:\/\/engitech.az\/en\/wp-json\/wp\/v2\/product"}],"about":[{"href":"https:\/\/engitech.az\/en\/wp-json\/wp\/v2\/types\/product"}],"replies":[{"embeddable":true,"href":"https:\/\/engitech.az\/en\/wp-json\/wp\/v2\/comments?post=11324"}],"wp:featuredmedia":[{"embeddable":true,"href":"https:\/\/engitech.az\/en\/wp-json\/wp\/v2\/media\/11325"}],"wp:attachment":[{"href":"https:\/\/engitech.az\/en\/wp-json\/wp\/v2\/media?parent=11324"}],"wp:term":[{"taxonomy":"product_brand","embeddable":true,"href":"https:\/\/engitech.az\/en\/wp-json\/wp\/v2\/product_brand?post=11324"},{"taxonomy":"product_cat","embeddable":true,"href":"https:\/\/engitech.az\/en\/wp-json\/wp\/v2\/product_cat?post=11324"},{"taxonomy":"product_tag","embeddable":true,"href":"https:\/\/engitech.az\/en\/wp-json\/wp\/v2\/product_tag?post=11324"}],"curies":[{"name":"wp","href":"https:\/\/api.w.org\/{rel}","templated":true}]}}