{"id":11326,"date":"2026-02-18T12:02:14","date_gmt":"2026-02-18T12:02:14","guid":{"rendered":"https:\/\/engitech.az\/?post_type=product&#038;p=11326"},"modified":"2026-02-18T12:02:14","modified_gmt":"2026-02-18T12:02:14","slug":"1big-dock-ssd-pro","status":"publish","type":"product","link":"https:\/\/engitech.az\/en\/product\/1big-dock-ssd-pro\/","title":{"rendered":"1big Dock SSD Pro"},"content":{"rendered":"<ul>\n<li data-start=\"42\" data-end=\"73\"><strong data-start=\"42\" data-end=\"53\">M\u0259hsul:<\/strong> 1big Dock SSD Pro<\/li>\n<li data-start=\"76\" data-end=\"125\"><strong data-start=\"76\" data-end=\"91\">Category:<\/strong> Professional Dock + SSD Storage<\/li>\n<li data-start=\"128\" data-end=\"166\"><strong data-start=\"128\" data-end=\"138\">Marka:<\/strong> (m\u0259s\u0259l\u0259n) LaCie \/ Seagate<\/li>\n<li data-start=\"169\" data-end=\"226\"><strong data-start=\"169\" data-end=\"180\">Tutumu:<\/strong> M\u00fcxt\u0259lif (m\u0259s\u0259l\u0259n 1 TB \/ 2 TB \/ 4 TB v\u0259 s.)<\/li>\n<li data-start=\"229\" data-end=\"321\"><strong data-start=\"229\" data-end=\"242\">Usage:<\/strong> Y\u00fcks\u0259k s\u00fcr\u0259tli professional workflow \u00fc\u00e7\u00fcn SSD saxlama v\u0259 geni\u015fl\u0259ndirici dock<\/li>\n<\/ul>","protected":false},"excerpt":{"rendered":"<p>M\u0259hsul: 1big Dock SSD Pro Kateqoriya: Professional Dock + SSD  [&#8230;]<\/p>","protected":false},"featured_media":11327,"comment_status":"open","ping_status":"closed","template":"","meta":[],"product_brand":[],"product_cat":[62],"product_tag":[],"class_list":{"0":"post-11326","1":"product","2":"type-product","3":"status-publish","4":"has-post-thumbnail","6":"product_cat-seagate","7":"pa_mehsul-tipi-external-ssds","9":"first","10":"instock","11":"sold-individually","12":"shipping-taxable","13":"purchasable","14":"product-type-simple"},"_links":{"self":[{"href":"https:\/\/engitech.az\/en\/wp-json\/wp\/v2\/product\/11326","targetHints":{"allow":["GET"]}}],"collection":[{"href":"https:\/\/engitech.az\/en\/wp-json\/wp\/v2\/product"}],"about":[{"href":"https:\/\/engitech.az\/en\/wp-json\/wp\/v2\/types\/product"}],"replies":[{"embeddable":true,"href":"https:\/\/engitech.az\/en\/wp-json\/wp\/v2\/comments?post=11326"}],"wp:featuredmedia":[{"embeddable":true,"href":"https:\/\/engitech.az\/en\/wp-json\/wp\/v2\/media\/11327"}],"wp:attachment":[{"href":"https:\/\/engitech.az\/en\/wp-json\/wp\/v2\/media?parent=11326"}],"wp:term":[{"taxonomy":"product_brand","embeddable":true,"href":"https:\/\/engitech.az\/en\/wp-json\/wp\/v2\/product_brand?post=11326"},{"taxonomy":"product_cat","embeddable":true,"href":"https:\/\/engitech.az\/en\/wp-json\/wp\/v2\/product_cat?post=11326"},{"taxonomy":"product_tag","embeddable":true,"href":"https:\/\/engitech.az\/en\/wp-json\/wp\/v2\/product_tag?post=11326"}],"curies":[{"name":"wp","href":"https:\/\/api.w.org\/{rel}","templated":true}]}}