{"id":11328,"date":"2026-02-18T12:09:26","date_gmt":"2026-02-18T12:09:26","guid":{"rendered":"https:\/\/engitech.az\/?post_type=product&#038;p=11328"},"modified":"2026-02-18T12:09:27","modified_gmt":"2026-02-18T12:09:27","slug":"nytro-1370-sata-ssd","status":"publish","type":"product","link":"https:\/\/engitech.az\/en\/product\/nytro-1370-sata-ssd\/","title":{"rendered":"Nytro 1370 SATA SSD"},"content":{"rendered":"<ul>\n<li data-start=\"42\" data-end=\"75\"><strong data-start=\"42\" data-end=\"53\">M\u0259hsul:<\/strong> Nytro 1370 SATA SSD<\/li>\n<li data-start=\"78\" data-end=\"124\"><strong data-start=\"78\" data-end=\"93\">Category:<\/strong> SATA Solid State Drive (SSD)<\/li>\n<li data-start=\"127\" data-end=\"177\"><strong data-start=\"127\" data-end=\"137\">Marka:<\/strong> (m\u0259s\u0259l\u0259n) Kioxia \/ X (Nytro seriyas\u0131)<\/li>\n<li data-start=\"180\" data-end=\"254\"><strong data-start=\"180\" data-end=\"191\">Tutumu:<\/strong> M\u00fcxt\u0259lif (m\u0259s\u0259l\u0259n 480 GB \/ 960 GB \/ 1.92 TB \/ 3.84 TB v\u0259 s.)<\/li>\n<li data-start=\"257\" data-end=\"341\"><strong data-start=\"257\" data-end=\"270\">Usage:<\/strong> Serverl\u0259r v\u0259 m\u0259lumat m\u0259rk\u0259zl\u0259ri \u00fc\u00e7\u00fcn y\u00fcks\u0259k performansl\u0131 SSD saxlama<\/li>\n<\/ul>","protected":false},"excerpt":{"rendered":"<p>M\u0259hsul: Nytro 1370 SATA SSD Kateqoriya: SATA Solid State Drive  [&#8230;]<\/p>","protected":false},"featured_media":11334,"comment_status":"open","ping_status":"closed","template":"","meta":[],"product_brand":[],"product_cat":[62],"product_tag":[],"class_list":{"0":"post-11328","1":"product","2":"type-product","3":"status-publish","4":"has-post-thumbnail","6":"product_cat-seagate","7":"pa_mehsul-tipi-internal-ssds","9":"first","10":"instock","11":"sold-individually","12":"shipping-taxable","13":"purchasable","14":"product-type-simple"},"_links":{"self":[{"href":"https:\/\/engitech.az\/en\/wp-json\/wp\/v2\/product\/11328","targetHints":{"allow":["GET"]}}],"collection":[{"href":"https:\/\/engitech.az\/en\/wp-json\/wp\/v2\/product"}],"about":[{"href":"https:\/\/engitech.az\/en\/wp-json\/wp\/v2\/types\/product"}],"replies":[{"embeddable":true,"href":"https:\/\/engitech.az\/en\/wp-json\/wp\/v2\/comments?post=11328"}],"wp:featuredmedia":[{"embeddable":true,"href":"https:\/\/engitech.az\/en\/wp-json\/wp\/v2\/media\/11334"}],"wp:attachment":[{"href":"https:\/\/engitech.az\/en\/wp-json\/wp\/v2\/media?parent=11328"}],"wp:term":[{"taxonomy":"product_brand","embeddable":true,"href":"https:\/\/engitech.az\/en\/wp-json\/wp\/v2\/product_brand?post=11328"},{"taxonomy":"product_cat","embeddable":true,"href":"https:\/\/engitech.az\/en\/wp-json\/wp\/v2\/product_cat?post=11328"},{"taxonomy":"product_tag","embeddable":true,"href":"https:\/\/engitech.az\/en\/wp-json\/wp\/v2\/product_tag?post=11328"}],"curies":[{"name":"wp","href":"https:\/\/api.w.org\/{rel}","templated":true}]}}