{"id":11337,"date":"2026-02-18T12:25:36","date_gmt":"2026-02-18T12:25:36","guid":{"rendered":"https:\/\/engitech.az\/?post_type=product&#038;p=11337"},"modified":"2026-02-18T12:25:37","modified_gmt":"2026-02-18T12:25:37","slug":"barracuda-sata-ssd","status":"publish","type":"product","link":"https:\/\/engitech.az\/en\/product\/barracuda-sata-ssd\/","title":{"rendered":"BarraCuda SATA SSD"},"content":{"rendered":"<ul>\n<li data-start=\"42\" data-end=\"74\"><strong data-start=\"42\" data-end=\"53\">M\u0259hsul:<\/strong> BarraCuda SATA SSD<\/li>\n<li data-start=\"77\" data-end=\"123\"><strong data-start=\"77\" data-end=\"92\">Category:<\/strong> SATA Solid State Drive (SSD)<\/li>\n<li data-start=\"126\" data-end=\"167\"><strong data-start=\"126\" data-end=\"136\">Marka:<\/strong> Seagate (BarraCuda seriyas\u0131)<\/li>\n<li data-start=\"170\" data-end=\"229\"><strong data-start=\"170\" data-end=\"181\">Tutumu:<\/strong> M\u00fcxt\u0259lif (m\u0259s\u0259l\u0259n 500 GB \/ 1 TB \/ 2 TB v\u0259 s.)<\/li>\n<li data-start=\"232\" data-end=\"291\"><strong data-start=\"232\" data-end=\"245\">Usage:<\/strong> PC v\u0259 \u00fcmumi saxlama \u00fc\u00e7\u00fcn y\u00fcks\u0259k s\u00fcr\u0259tli SSD<\/li>\n<\/ul>","protected":false},"excerpt":{"rendered":"<p>M\u0259hsul: BarraCuda SATA SSD Kateqoriya: SATA Solid State Drive (SSD)  [&#8230;]<\/p>","protected":false},"featured_media":11338,"comment_status":"open","ping_status":"closed","template":"","meta":[],"product_brand":[],"product_cat":[62],"product_tag":[],"class_list":{"0":"post-11337","1":"product","2":"type-product","3":"status-publish","4":"has-post-thumbnail","6":"product_cat-seagate","7":"pa_mehsul-tipi-internal-ssds","9":"first","10":"instock","11":"sold-individually","12":"shipping-taxable","13":"purchasable","14":"product-type-simple"},"_links":{"self":[{"href":"https:\/\/engitech.az\/en\/wp-json\/wp\/v2\/product\/11337","targetHints":{"allow":["GET"]}}],"collection":[{"href":"https:\/\/engitech.az\/en\/wp-json\/wp\/v2\/product"}],"about":[{"href":"https:\/\/engitech.az\/en\/wp-json\/wp\/v2\/types\/product"}],"replies":[{"embeddable":true,"href":"https:\/\/engitech.az\/en\/wp-json\/wp\/v2\/comments?post=11337"}],"wp:featuredmedia":[{"embeddable":true,"href":"https:\/\/engitech.az\/en\/wp-json\/wp\/v2\/media\/11338"}],"wp:attachment":[{"href":"https:\/\/engitech.az\/en\/wp-json\/wp\/v2\/media?parent=11337"}],"wp:term":[{"taxonomy":"product_brand","embeddable":true,"href":"https:\/\/engitech.az\/en\/wp-json\/wp\/v2\/product_brand?post=11337"},{"taxonomy":"product_cat","embeddable":true,"href":"https:\/\/engitech.az\/en\/wp-json\/wp\/v2\/product_cat?post=11337"},{"taxonomy":"product_tag","embeddable":true,"href":"https:\/\/engitech.az\/en\/wp-json\/wp\/v2\/product_tag?post=11337"}],"curies":[{"name":"wp","href":"https:\/\/api.w.org\/{rel}","templated":true}]}}