{"id":11339,"date":"2026-02-18T13:11:07","date_gmt":"2026-02-18T13:11:07","guid":{"rendered":"https:\/\/engitech.az\/?post_type=product&#038;p=11339"},"modified":"2026-02-18T13:11:07","modified_gmt":"2026-02-18T13:11:07","slug":"exos-4u74-and-4u100","status":"publish","type":"product","link":"https:\/\/engitech.az\/en\/product\/exos-4u74-and-4u100\/","title":{"rendered":"Exos 4U74 and 4U100"},"content":{"rendered":"<h3 data-start=\"40\" data-end=\"57\"><strong data-start=\"44\" data-end=\"57\">Exos 4U74<\/strong><\/h3>\n<ul>\n<li data-start=\"60\" data-end=\"83\"><strong data-start=\"60\" data-end=\"71\">M\u0259hsul:<\/strong> Exos 4U74<\/li>\n<li data-start=\"86\" data-end=\"131\"><strong data-start=\"86\" data-end=\"101\">Category:<\/strong> Enterprise Hard Drive \/ HDD<\/li>\n<li data-start=\"134\" data-end=\"170\"><strong data-start=\"134\" data-end=\"144\">Marka:<\/strong> Seagate (Exos seriyas\u0131)<\/li>\n<li data-start=\"173\" data-end=\"238\"><strong data-start=\"173\" data-end=\"184\">Tutumu:<\/strong> M\u00fcxt\u0259lif i\u015f\u00e7i h\u0259cml\u0259r \u00fc\u00e7\u00fcn (m\u0259s\u0259l\u0259n 4TB\u201320TB aras\u0131)<\/li>\n<li data-start=\"241\" data-end=\"313\"><strong data-start=\"241\" data-end=\"254\">Usage:<\/strong> Y\u00fcks\u0259k tutumlu server v\u0259 m\u0259lumat m\u0259rk\u0259zi saxlama h\u0259ll\u0259ri<\/li>\n<\/ul>\n<h3 data-start=\"315\" data-end=\"333\"><strong data-start=\"319\" data-end=\"333\">Exos 4U100<\/strong><\/h3>\n<ul>\n<li data-start=\"336\" data-end=\"360\"><strong data-start=\"336\" data-end=\"347\">M\u0259hsul:<\/strong> Exos 4U100<\/li>\n<li data-start=\"363\" data-end=\"408\"><strong data-start=\"363\" data-end=\"378\">Category:<\/strong> Enterprise Hard Drive \/ HDD<\/li>\n<li data-start=\"411\" data-end=\"447\"><strong data-start=\"411\" data-end=\"421\">Marka:<\/strong> Seagate (Exos seriyas\u0131)<\/li>\n<li data-start=\"450\" data-end=\"497\"><strong data-start=\"450\" data-end=\"461\">Tutumu:<\/strong> M\u00fcxt\u0259lif (m\u0259s\u0259l\u0259n 8TB\u201320TB aras\u0131)<\/li>\n<li data-start=\"500\" data-end=\"580\"><strong data-start=\"500\" data-end=\"513\">Usage:<\/strong> Server, m\u0259lumat m\u0259rk\u0259zi v\u0259 b\u00f6y\u00fck h\u0259cmli arxiv saxlama t\u0259tbiql\u0259ri<\/li>\n<\/ul>","protected":false},"excerpt":{"rendered":"<p>Exos 4U74 M\u0259hsul: Exos 4U74 Kateqoriya: Enterprise Hard Drive \/  [&#8230;]<\/p>","protected":false},"featured_media":11346,"comment_status":"open","ping_status":"closed","template":"","meta":[],"product_brand":[],"product_cat":[62],"product_tag":[],"class_list":{"0":"post-11339","1":"product","2":"type-product","3":"status-publish","4":"has-post-thumbnail","6":"product_cat-seagate","7":"pa_mehsul-tipi-enterprise-data-storage-systems","9":"first","10":"instock","11":"sold-individually","12":"shipping-taxable","13":"purchasable","14":"product-type-simple"},"_links":{"self":[{"href":"https:\/\/engitech.az\/en\/wp-json\/wp\/v2\/product\/11339","targetHints":{"allow":["GET"]}}],"collection":[{"href":"https:\/\/engitech.az\/en\/wp-json\/wp\/v2\/product"}],"about":[{"href":"https:\/\/engitech.az\/en\/wp-json\/wp\/v2\/types\/product"}],"replies":[{"embeddable":true,"href":"https:\/\/engitech.az\/en\/wp-json\/wp\/v2\/comments?post=11339"}],"wp:featuredmedia":[{"embeddable":true,"href":"https:\/\/engitech.az\/en\/wp-json\/wp\/v2\/media\/11346"}],"wp:attachment":[{"href":"https:\/\/engitech.az\/en\/wp-json\/wp\/v2\/media?parent=11339"}],"wp:term":[{"taxonomy":"product_brand","embeddable":true,"href":"https:\/\/engitech.az\/en\/wp-json\/wp\/v2\/product_brand?post=11339"},{"taxonomy":"product_cat","embeddable":true,"href":"https:\/\/engitech.az\/en\/wp-json\/wp\/v2\/product_cat?post=11339"},{"taxonomy":"product_tag","embeddable":true,"href":"https:\/\/engitech.az\/en\/wp-json\/wp\/v2\/product_tag?post=11339"}],"curies":[{"name":"wp","href":"https:\/\/api.w.org\/{rel}","templated":true}]}}