{"id":11347,"date":"2026-02-18T13:18:23","date_gmt":"2026-02-18T13:18:23","guid":{"rendered":"https:\/\/engitech.az\/?post_type=product&#038;p=11347"},"modified":"2026-02-18T13:18:24","modified_gmt":"2026-02-18T13:18:24","slug":"exos-x-2u12","status":"publish","type":"product","link":"https:\/\/engitech.az\/en\/product\/exos-x-2u12\/","title":{"rendered":"Exos X 2U12"},"content":{"rendered":"<ul>\n<li data-start=\"42\" data-end=\"67\"><strong data-start=\"42\" data-end=\"53\">M\u0259hsul:<\/strong> Exos X 2U12<\/li>\n<li data-start=\"70\" data-end=\"115\"><strong data-start=\"70\" data-end=\"85\">Category:<\/strong> Enterprise Hard Drive \/ HDD<\/li>\n<li data-start=\"118\" data-end=\"156\"><strong data-start=\"118\" data-end=\"128\">Marka:<\/strong> Seagate (Exos X seriyas\u0131)<\/li>\n<li data-start=\"159\" data-end=\"222\"><strong data-start=\"159\" data-end=\"170\">Tutumu:<\/strong> M\u00fcxt\u0259lif (server v\u0259 m\u0259lumat m\u0259rk\u0259zi h\u0259ll\u0259ri \u00fc\u00e7\u00fcn)<\/li>\n<li data-start=\"225\" data-end=\"314\"><strong data-start=\"225\" data-end=\"238\">Usage:<\/strong> Y\u00fcks\u0259k performans v\u0259 etibarl\u0131l\u0131q t\u0259l\u0259b ed\u0259n korporativ saxlama t\u0259tbiql\u0259ri<\/li>\n<\/ul>","protected":false},"excerpt":{"rendered":"<p>M\u0259hsul: Exos X 2U12 Kateqoriya: Enterprise Hard Drive \/ HDD  [&#8230;]<\/p>","protected":false},"featured_media":11348,"comment_status":"open","ping_status":"closed","template":"","meta":[],"product_brand":[],"product_cat":[62],"product_tag":[],"class_list":{"0":"post-11347","1":"product","2":"type-product","3":"status-publish","4":"has-post-thumbnail","6":"product_cat-seagate","7":"pa_mehsul-tipi-enterprise-data-storage-systems","9":"first","10":"instock","11":"sold-individually","12":"shipping-taxable","13":"purchasable","14":"product-type-simple"},"_links":{"self":[{"href":"https:\/\/engitech.az\/en\/wp-json\/wp\/v2\/product\/11347","targetHints":{"allow":["GET"]}}],"collection":[{"href":"https:\/\/engitech.az\/en\/wp-json\/wp\/v2\/product"}],"about":[{"href":"https:\/\/engitech.az\/en\/wp-json\/wp\/v2\/types\/product"}],"replies":[{"embeddable":true,"href":"https:\/\/engitech.az\/en\/wp-json\/wp\/v2\/comments?post=11347"}],"wp:featuredmedia":[{"embeddable":true,"href":"https:\/\/engitech.az\/en\/wp-json\/wp\/v2\/media\/11348"}],"wp:attachment":[{"href":"https:\/\/engitech.az\/en\/wp-json\/wp\/v2\/media?parent=11347"}],"wp:term":[{"taxonomy":"product_brand","embeddable":true,"href":"https:\/\/engitech.az\/en\/wp-json\/wp\/v2\/product_brand?post=11347"},{"taxonomy":"product_cat","embeddable":true,"href":"https:\/\/engitech.az\/en\/wp-json\/wp\/v2\/product_cat?post=11347"},{"taxonomy":"product_tag","embeddable":true,"href":"https:\/\/engitech.az\/en\/wp-json\/wp\/v2\/product_tag?post=11347"}],"curies":[{"name":"wp","href":"https:\/\/api.w.org\/{rel}","templated":true}]}}