{"id":11377,"date":"2026-02-19T10:50:34","date_gmt":"2026-02-19T10:50:34","guid":{"rendered":"https:\/\/engitech.az\/?post_type=product&#038;p=11377"},"modified":"2026-02-19T11:28:40","modified_gmt":"2026-02-19T11:28:40","slug":"macroscop-nvr-32m2-vmt-5","status":"publish","type":"product","link":"https:\/\/engitech.az\/en\/product\/macroscop-nvr-32m2-vmt-5\/","title":{"rendered":"Macroscop NVR-32M2 VMT-5"},"content":{"rendered":"<ul>\n<li data-start=\"49\" data-end=\"86\"><strong data-start=\"49\" data-end=\"59\">Model:<\/strong> Macroscop NVR-32M2 VMT-5<\/li>\n<li data-start=\"89\" data-end=\"131\"><strong data-start=\"89\" data-end=\"101\">Appointment:<\/strong> \u015e\u0259b\u0259k\u0259 Video Recorder (NVR)<\/li>\n<li data-start=\"134\" data-end=\"175\"><strong data-start=\"134\" data-end=\"152\">Kanal D\u0259st\u0259yi:<\/strong> 32 IP kamera d\u0259st\u0259yi<\/li>\n<li data-start=\"178\" data-end=\"248\"><strong data-start=\"178\" data-end=\"196\">Video Saxlama:<\/strong> M\u0259rk\u0259zi VMT-5 platformas\u0131 \u00fc\u00e7\u00fcn optimalla\u015fd\u0131r\u0131lm\u0131\u015f<\/li>\n<li data-start=\"251\" data-end=\"279\"><strong data-start=\"251\" data-end=\"262\">Network:<\/strong> Ethernet (LAN)<\/li>\n<li data-start=\"282\" data-end=\"334\"><strong data-start=\"282\" data-end=\"293\">Assembly:<\/strong> Rack \/ masa\u00fcst\u00fc (konfiqurasiyaya g\u00f6r\u0259)<\/li>\n<li data-start=\"337\" data-end=\"405\"><strong data-start=\"337\" data-end=\"350\">Usage:<\/strong> Video m\u00fc\u015fahid\u0259 sisteml\u0259rinin qeydi v\u0259 idar\u0259 olunmas\u0131<\/li>\n<\/ul>","protected":false},"excerpt":{"rendered":"<p>Model: Macroscop NVR-32M2 VMT-5 T\u0259yinat: \u015e\u0259b\u0259k\u0259 Video Recorder (NVR) Kanal  [&#8230;]<\/p>","protected":false},"featured_media":11384,"comment_status":"open","ping_status":"closed","template":"","meta":[],"product_brand":[],"product_cat":[285],"product_tag":[],"class_list":{"0":"post-11377","1":"product","2":"type-product","3":"status-publish","4":"has-post-thumbnail","6":"product_cat-macroscop","7":"pa_mehsul-tipi-sbk-videoqeydedicilri","9":"first","10":"instock","11":"sold-individually","12":"shipping-taxable","13":"purchasable","14":"product-type-simple"},"_links":{"self":[{"href":"https:\/\/engitech.az\/en\/wp-json\/wp\/v2\/product\/11377","targetHints":{"allow":["GET"]}}],"collection":[{"href":"https:\/\/engitech.az\/en\/wp-json\/wp\/v2\/product"}],"about":[{"href":"https:\/\/engitech.az\/en\/wp-json\/wp\/v2\/types\/product"}],"replies":[{"embeddable":true,"href":"https:\/\/engitech.az\/en\/wp-json\/wp\/v2\/comments?post=11377"}],"wp:featuredmedia":[{"embeddable":true,"href":"https:\/\/engitech.az\/en\/wp-json\/wp\/v2\/media\/11384"}],"wp:attachment":[{"href":"https:\/\/engitech.az\/en\/wp-json\/wp\/v2\/media?parent=11377"}],"wp:term":[{"taxonomy":"product_brand","embeddable":true,"href":"https:\/\/engitech.az\/en\/wp-json\/wp\/v2\/product_brand?post=11377"},{"taxonomy":"product_cat","embeddable":true,"href":"https:\/\/engitech.az\/en\/wp-json\/wp\/v2\/product_cat?post=11377"},{"taxonomy":"product_tag","embeddable":true,"href":"https:\/\/engitech.az\/en\/wp-json\/wp\/v2\/product_tag?post=11377"}],"curies":[{"name":"wp","href":"https:\/\/api.w.org\/{rel}","templated":true}]}}