{"id":11387,"date":"2026-02-19T11:03:26","date_gmt":"2026-02-19T11:03:26","guid":{"rendered":"https:\/\/engitech.az\/?post_type=product&#038;p=11387"},"modified":"2026-02-19T11:27:40","modified_gmt":"2026-02-19T11:27:40","slug":"macroscop-nvr-25l-vmt-5","status":"publish","type":"product","link":"https:\/\/engitech.az\/en\/product\/macroscop-nvr-25l-vmt-5\/","title":{"rendered":"Macroscop NVR-25L VMT-5"},"content":{"rendered":"<ul>\n<li data-start=\"49\" data-end=\"85\"><strong data-start=\"49\" data-end=\"59\">Model:<\/strong> Macroscop NVR-25L VMT-5<\/li>\n<li data-start=\"88\" data-end=\"130\"><strong data-start=\"88\" data-end=\"100\">Appointment:<\/strong> \u015e\u0259b\u0259k\u0259 Video Recorder (NVR)<\/li>\n<li data-start=\"133\" data-end=\"174\"><strong data-start=\"133\" data-end=\"151\">Kanal D\u0259st\u0259yi:<\/strong> 25 IP kamera d\u0259st\u0259yi<\/li>\n<li data-start=\"177\" data-end=\"231\"><strong data-start=\"177\" data-end=\"195\">Video Saxlama:<\/strong> VMT-5 platformas\u0131 il\u0259 inteqrasiya<\/li>\n<li data-start=\"234\" data-end=\"262\"><strong data-start=\"234\" data-end=\"245\">Network:<\/strong> Ethernet (LAN)<\/li>\n<li data-start=\"265\" data-end=\"317\"><strong data-start=\"265\" data-end=\"276\">Assembly:<\/strong> Rack \/ masa\u00fcst\u00fc (konfiqurasiyaya g\u00f6r\u0259)<\/li>\n<li data-start=\"320\" data-end=\"388\"><strong data-start=\"320\" data-end=\"333\">Usage:<\/strong> Video m\u00fc\u015fahid\u0259 sisteml\u0259rinin qeydi v\u0259 idar\u0259 olunmas\u0131<\/li>\n<\/ul>","protected":false},"excerpt":{"rendered":"<p>Model: Macroscop NVR-25L VMT-5 T\u0259yinat: \u015e\u0259b\u0259k\u0259 Video Recorder (NVR) Kanal  [&#8230;]<\/p>","protected":false},"featured_media":11386,"comment_status":"open","ping_status":"closed","template":"","meta":[],"product_brand":[],"product_cat":[285],"product_tag":[],"class_list":{"0":"post-11387","1":"product","2":"type-product","3":"status-publish","4":"has-post-thumbnail","6":"product_cat-macroscop","7":"pa_mehsul-tipi-sbk-videoqeydedicilri","9":"first","10":"instock","11":"sold-individually","12":"shipping-taxable","13":"purchasable","14":"product-type-simple"},"_links":{"self":[{"href":"https:\/\/engitech.az\/en\/wp-json\/wp\/v2\/product\/11387","targetHints":{"allow":["GET"]}}],"collection":[{"href":"https:\/\/engitech.az\/en\/wp-json\/wp\/v2\/product"}],"about":[{"href":"https:\/\/engitech.az\/en\/wp-json\/wp\/v2\/types\/product"}],"replies":[{"embeddable":true,"href":"https:\/\/engitech.az\/en\/wp-json\/wp\/v2\/comments?post=11387"}],"wp:featuredmedia":[{"embeddable":true,"href":"https:\/\/engitech.az\/en\/wp-json\/wp\/v2\/media\/11386"}],"wp:attachment":[{"href":"https:\/\/engitech.az\/en\/wp-json\/wp\/v2\/media?parent=11387"}],"wp:term":[{"taxonomy":"product_brand","embeddable":true,"href":"https:\/\/engitech.az\/en\/wp-json\/wp\/v2\/product_brand?post=11387"},{"taxonomy":"product_cat","embeddable":true,"href":"https:\/\/engitech.az\/en\/wp-json\/wp\/v2\/product_cat?post=11387"},{"taxonomy":"product_tag","embeddable":true,"href":"https:\/\/engitech.az\/en\/wp-json\/wp\/v2\/product_tag?post=11387"}],"curies":[{"name":"wp","href":"https:\/\/api.w.org\/{rel}","templated":true}]}}