{"id":11391,"date":"2026-02-19T11:26:09","date_gmt":"2026-02-19T11:26:09","guid":{"rendered":"https:\/\/engitech.az\/?post_type=product&#038;p=11391"},"modified":"2026-02-19T11:26:09","modified_gmt":"2026-02-19T11:26:09","slug":"macroscop-nvr-50m2-vmt-12","status":"publish","type":"product","link":"https:\/\/engitech.az\/en\/product\/macroscop-nvr-50m2-vmt-12\/","title":{"rendered":"Macroscop NVR-50M2 VMT-12"},"content":{"rendered":"<ul>\n<li data-start=\"49\" data-end=\"87\"><strong data-start=\"49\" data-end=\"59\">Model:<\/strong> Macroscop NVR-50M2 VMT-12<\/li>\n<li data-start=\"90\" data-end=\"132\"><strong data-start=\"90\" data-end=\"102\">Appointment:<\/strong> \u015e\u0259b\u0259k\u0259 Video Recorder (NVR)<\/li>\n<li data-start=\"135\" data-end=\"176\"><strong data-start=\"135\" data-end=\"153\">Kanal D\u0259st\u0259yi:<\/strong> 50 IP kamera d\u0259st\u0259yi<\/li>\n<li data-start=\"179\" data-end=\"234\"><strong data-start=\"179\" data-end=\"197\">Video Saxlama:<\/strong> VMT-12 platformas\u0131 il\u0259 inteqrasiya<\/li>\n<li data-start=\"237\" data-end=\"265\"><strong data-start=\"237\" data-end=\"248\">Network:<\/strong> Ethernet (LAN)<\/li>\n<li data-start=\"268\" data-end=\"320\"><strong data-start=\"268\" data-end=\"279\">Assembly:<\/strong> Rack \/ masa\u00fcst\u00fc (konfiqurasiyaya g\u00f6r\u0259)<\/li>\n<li data-start=\"323\" data-end=\"391\"><strong data-start=\"323\" data-end=\"336\">Usage:<\/strong> Video m\u00fc\u015fahid\u0259 sisteml\u0259rinin qeydi v\u0259 idar\u0259 olunmas\u0131<\/li>\n<\/ul>","protected":false},"excerpt":{"rendered":"<p>Model: Macroscop NVR-50M2 VMT-12 T\u0259yinat: \u015e\u0259b\u0259k\u0259 Video Recorder (NVR) Kanal  [&#8230;]<\/p>","protected":false},"featured_media":11389,"comment_status":"open","ping_status":"closed","template":"","meta":[],"product_brand":[],"product_cat":[285],"product_tag":[],"class_list":{"0":"post-11391","1":"product","2":"type-product","3":"status-publish","4":"has-post-thumbnail","6":"product_cat-macroscop","7":"pa_mehsul-tipi-sbk-videoqeydedicilri","9":"first","10":"instock","11":"sold-individually","12":"shipping-taxable","13":"purchasable","14":"product-type-simple"},"_links":{"self":[{"href":"https:\/\/engitech.az\/en\/wp-json\/wp\/v2\/product\/11391","targetHints":{"allow":["GET"]}}],"collection":[{"href":"https:\/\/engitech.az\/en\/wp-json\/wp\/v2\/product"}],"about":[{"href":"https:\/\/engitech.az\/en\/wp-json\/wp\/v2\/types\/product"}],"replies":[{"embeddable":true,"href":"https:\/\/engitech.az\/en\/wp-json\/wp\/v2\/comments?post=11391"}],"wp:featuredmedia":[{"embeddable":true,"href":"https:\/\/engitech.az\/en\/wp-json\/wp\/v2\/media\/11389"}],"wp:attachment":[{"href":"https:\/\/engitech.az\/en\/wp-json\/wp\/v2\/media?parent=11391"}],"wp:term":[{"taxonomy":"product_brand","embeddable":true,"href":"https:\/\/engitech.az\/en\/wp-json\/wp\/v2\/product_brand?post=11391"},{"taxonomy":"product_cat","embeddable":true,"href":"https:\/\/engitech.az\/en\/wp-json\/wp\/v2\/product_cat?post=11391"},{"taxonomy":"product_tag","embeddable":true,"href":"https:\/\/engitech.az\/en\/wp-json\/wp\/v2\/product_tag?post=11391"}],"curies":[{"name":"wp","href":"https:\/\/api.w.org\/{rel}","templated":true}]}}