{"id":11398,"date":"2026-02-19T11:34:33","date_gmt":"2026-02-19T11:34:33","guid":{"rendered":"https:\/\/engitech.az\/?post_type=product&#038;p=11398"},"modified":"2026-02-19T11:34:34","modified_gmt":"2026-02-19T11:34:34","slug":"macroscop-nvr-spec-3214a4","status":"publish","type":"product","link":"https:\/\/engitech.az\/en\/product\/macroscop-nvr-spec-3214a4\/","title":{"rendered":"Macroscop NVR Spec 3214A4"},"content":{"rendered":"<ul>\n<li data-start=\"49\" data-end=\"87\"><strong data-start=\"49\" data-end=\"59\">Model:<\/strong> Macroscop NVR Spec 3214A4<\/li>\n<li data-start=\"90\" data-end=\"132\"><strong data-start=\"90\" data-end=\"102\">Appointment:<\/strong> \u015e\u0259b\u0259k\u0259 Video Recorder (NVR)<\/li>\n<li data-start=\"135\" data-end=\"176\"><strong data-start=\"135\" data-end=\"153\">Kanal D\u0259st\u0259yi:<\/strong> 32 IP kamera d\u0259st\u0259yi<\/li>\n<li data-start=\"179\" data-end=\"226\"><strong data-start=\"179\" data-end=\"197\">Video Saxlama:<\/strong> 14 bayt (disk) d\u0259st\u0259yi il\u0259<\/li>\n<li data-start=\"229\" data-end=\"257\"><strong data-start=\"229\" data-end=\"240\">Network:<\/strong> Ethernet (LAN)<\/li>\n<li data-start=\"260\" data-end=\"312\"><strong data-start=\"260\" data-end=\"271\">Assembly:<\/strong> Rack \/ masa\u00fcst\u00fc (konfiqurasiyaya g\u00f6r\u0259)<\/li>\n<li data-start=\"315\" data-end=\"383\"><strong data-start=\"315\" data-end=\"328\">Usage:<\/strong> Video m\u00fc\u015fahid\u0259 sisteml\u0259rinin qeydi v\u0259 idar\u0259 olunmas\u0131<\/li>\n<\/ul>","protected":false},"excerpt":{"rendered":"<p>Model: Macroscop NVR Spec 3214A4 T\u0259yinat: \u015e\u0259b\u0259k\u0259 Video Recorder (NVR)  [&#8230;]<\/p>","protected":false},"featured_media":11399,"comment_status":"open","ping_status":"closed","template":"","meta":[],"product_brand":[],"product_cat":[285],"product_tag":[],"class_list":{"0":"post-11398","1":"product","2":"type-product","3":"status-publish","4":"has-post-thumbnail","6":"product_cat-macroscop","7":"pa_mehsul-tipi-sbk-videoqeydedicilri","9":"first","10":"instock","11":"sold-individually","12":"shipping-taxable","13":"purchasable","14":"product-type-simple"},"_links":{"self":[{"href":"https:\/\/engitech.az\/en\/wp-json\/wp\/v2\/product\/11398","targetHints":{"allow":["GET"]}}],"collection":[{"href":"https:\/\/engitech.az\/en\/wp-json\/wp\/v2\/product"}],"about":[{"href":"https:\/\/engitech.az\/en\/wp-json\/wp\/v2\/types\/product"}],"replies":[{"embeddable":true,"href":"https:\/\/engitech.az\/en\/wp-json\/wp\/v2\/comments?post=11398"}],"wp:featuredmedia":[{"embeddable":true,"href":"https:\/\/engitech.az\/en\/wp-json\/wp\/v2\/media\/11399"}],"wp:attachment":[{"href":"https:\/\/engitech.az\/en\/wp-json\/wp\/v2\/media?parent=11398"}],"wp:term":[{"taxonomy":"product_brand","embeddable":true,"href":"https:\/\/engitech.az\/en\/wp-json\/wp\/v2\/product_brand?post=11398"},{"taxonomy":"product_cat","embeddable":true,"href":"https:\/\/engitech.az\/en\/wp-json\/wp\/v2\/product_cat?post=11398"},{"taxonomy":"product_tag","embeddable":true,"href":"https:\/\/engitech.az\/en\/wp-json\/wp\/v2\/product_tag?post=11398"}],"curies":[{"name":"wp","href":"https:\/\/api.w.org\/{rel}","templated":true}]}}