{"id":11406,"date":"2026-02-19T11:43:09","date_gmt":"2026-02-19T11:43:09","guid":{"rendered":"https:\/\/engitech.az\/?post_type=product&#038;p=11406"},"modified":"2026-02-19T11:43:10","modified_gmt":"2026-02-19T11:43:10","slug":"macroscop-nvr-b-series-120","status":"publish","type":"product","link":"https:\/\/engitech.az\/en\/product\/macroscop-nvr-b-series-120\/","title":{"rendered":"Macroscop NVR B-series 120"},"content":{"rendered":"<ul>\n<li data-start=\"49\" data-end=\"88\"><strong data-start=\"49\" data-end=\"59\">Model:<\/strong> Macroscop NVR B-series 120<\/li>\n<li data-start=\"91\" data-end=\"133\"><strong data-start=\"91\" data-end=\"103\">Appointment:<\/strong> \u015e\u0259b\u0259k\u0259 Video Recorder (NVR)<\/li>\n<li data-start=\"136\" data-end=\"178\"><strong data-start=\"136\" data-end=\"154\">Kanal D\u0259st\u0259yi:<\/strong> 120 IP kamera d\u0259st\u0259yi<\/li>\n<li data-start=\"181\" data-end=\"238\"><strong data-start=\"181\" data-end=\"199\">Video Saxlama:<\/strong> B-series platformas\u0131 il\u0259 inteqrasiya<\/li>\n<li data-start=\"241\" data-end=\"269\"><strong data-start=\"241\" data-end=\"252\">Network:<\/strong> Ethernet (LAN)<\/li>\n<li data-start=\"272\" data-end=\"324\"><strong data-start=\"272\" data-end=\"283\">Assembly:<\/strong> Rack \/ masa\u00fcst\u00fc (konfiqurasiyaya g\u00f6r\u0259)<\/li>\n<li data-start=\"327\" data-end=\"395\"><strong data-start=\"327\" data-end=\"340\">Usage:<\/strong> Video m\u00fc\u015fahid\u0259 sisteml\u0259rinin qeydi v\u0259 idar\u0259 olunmas\u0131<\/li>\n<\/ul>","protected":false},"excerpt":{"rendered":"<p>Model: Macroscop NVR B-series 120 T\u0259yinat: \u015e\u0259b\u0259k\u0259 Video Recorder (NVR)  [&#8230;]<\/p>","protected":false},"featured_media":11404,"comment_status":"open","ping_status":"closed","template":"","meta":[],"product_brand":[],"product_cat":[285],"product_tag":[],"class_list":{"0":"post-11406","1":"product","2":"type-product","3":"status-publish","4":"has-post-thumbnail","6":"product_cat-macroscop","7":"pa_mehsul-tipi-sbk-videoqeydedicilri","9":"first","10":"instock","11":"sold-individually","12":"shipping-taxable","13":"purchasable","14":"product-type-simple"},"_links":{"self":[{"href":"https:\/\/engitech.az\/en\/wp-json\/wp\/v2\/product\/11406","targetHints":{"allow":["GET"]}}],"collection":[{"href":"https:\/\/engitech.az\/en\/wp-json\/wp\/v2\/product"}],"about":[{"href":"https:\/\/engitech.az\/en\/wp-json\/wp\/v2\/types\/product"}],"replies":[{"embeddable":true,"href":"https:\/\/engitech.az\/en\/wp-json\/wp\/v2\/comments?post=11406"}],"wp:featuredmedia":[{"embeddable":true,"href":"https:\/\/engitech.az\/en\/wp-json\/wp\/v2\/media\/11404"}],"wp:attachment":[{"href":"https:\/\/engitech.az\/en\/wp-json\/wp\/v2\/media?parent=11406"}],"wp:term":[{"taxonomy":"product_brand","embeddable":true,"href":"https:\/\/engitech.az\/en\/wp-json\/wp\/v2\/product_brand?post=11406"},{"taxonomy":"product_cat","embeddable":true,"href":"https:\/\/engitech.az\/en\/wp-json\/wp\/v2\/product_cat?post=11406"},{"taxonomy":"product_tag","embeddable":true,"href":"https:\/\/engitech.az\/en\/wp-json\/wp\/v2\/product_tag?post=11406"}],"curies":[{"name":"wp","href":"https:\/\/api.w.org\/{rel}","templated":true}]}}