{"id":11416,"date":"2026-02-20T06:52:32","date_gmt":"2026-02-20T06:52:32","guid":{"rendered":"https:\/\/engitech.az\/?post_type=product&#038;p=11416"},"modified":"2026-02-20T06:52:33","modified_gmt":"2026-02-20T06:52:33","slug":"workforce-pro-wf-3823-wireless-all-in-one-printer","status":"publish","type":"product","link":"https:\/\/engitech.az\/en\/product\/workforce-pro-wf-3823-wireless-all-in-one-printer\/","title":{"rendered":"WorkForce Pro WF-3823 Wireless All-in-One Printer"},"content":{"rendered":"<ul>\n<li data-start=\"42\" data-end=\"105\"><strong data-start=\"42\" data-end=\"53\">M\u0259hsul:<\/strong> WorkForce Pro WF-3823 Wireless All-in-One Printer<\/li>\n<li data-start=\"108\" data-end=\"165\"><strong data-start=\"108\" data-end=\"123\">Category:<\/strong> All-in-One Printer (\u00c7ap\/Skanner\/Kopiya)<\/li>\n<li data-start=\"168\" data-end=\"211\"><strong data-start=\"168\" data-end=\"178\">Marka:<\/strong> Epson (WorkForce Pro seriyas\u0131)<\/li>\n<li data-start=\"214\" data-end=\"245\"><strong data-start=\"214\" data-end=\"236\">\u00c7ap Texnologiyas\u0131:<\/strong> Inkjet<\/li>\n<li data-start=\"248\" data-end=\"275\"><strong data-start=\"248\" data-end=\"258\">Contact:<\/strong> Wi-Fi Wireless<\/li>\n<li data-start=\"278\" data-end=\"314\"><strong data-start=\"278\" data-end=\"294\">Functions:<\/strong> \u00c7ap, skan, kopiya<\/li>\n<li data-start=\"317\" data-end=\"370\"><strong data-start=\"317\" data-end=\"330\">Usage:<\/strong> Ev v\u0259 ofis \u00fc\u00e7\u00fcn \u00e7oxfunksiyal\u0131 printer<\/li>\n<\/ul>","protected":false},"excerpt":{"rendered":"<p>M\u0259hsul: WorkForce Pro WF-3823 Wireless All-in-One Printer Kateqoriya: All-in-One Printer  [&#8230;]<\/p>","protected":false},"featured_media":11426,"comment_status":"open","ping_status":"closed","template":"","meta":[],"product_brand":[],"product_cat":[239],"product_tag":[],"class_list":{"0":"post-11416","1":"product","2":"type-product","3":"status-publish","4":"has-post-thumbnail","6":"product_cat-epson","7":"pa_mehsul-tipi-printers","9":"first","10":"instock","11":"sold-individually","12":"shipping-taxable","13":"purchasable","14":"product-type-simple"},"_links":{"self":[{"href":"https:\/\/engitech.az\/en\/wp-json\/wp\/v2\/product\/11416","targetHints":{"allow":["GET"]}}],"collection":[{"href":"https:\/\/engitech.az\/en\/wp-json\/wp\/v2\/product"}],"about":[{"href":"https:\/\/engitech.az\/en\/wp-json\/wp\/v2\/types\/product"}],"replies":[{"embeddable":true,"href":"https:\/\/engitech.az\/en\/wp-json\/wp\/v2\/comments?post=11416"}],"wp:featuredmedia":[{"embeddable":true,"href":"https:\/\/engitech.az\/en\/wp-json\/wp\/v2\/media\/11426"}],"wp:attachment":[{"href":"https:\/\/engitech.az\/en\/wp-json\/wp\/v2\/media?parent=11416"}],"wp:term":[{"taxonomy":"product_brand","embeddable":true,"href":"https:\/\/engitech.az\/en\/wp-json\/wp\/v2\/product_brand?post=11416"},{"taxonomy":"product_cat","embeddable":true,"href":"https:\/\/engitech.az\/en\/wp-json\/wp\/v2\/product_cat?post=11416"},{"taxonomy":"product_tag","embeddable":true,"href":"https:\/\/engitech.az\/en\/wp-json\/wp\/v2\/product_tag?post=11416"}],"curies":[{"name":"wp","href":"https:\/\/api.w.org\/{rel}","templated":true}]}}