{"id":11427,"date":"2026-02-20T06:56:31","date_gmt":"2026-02-20T06:56:31","guid":{"rendered":"https:\/\/engitech.az\/?post_type=product&#038;p=11427"},"modified":"2026-02-20T06:56:31","modified_gmt":"2026-02-20T06:56:31","slug":"ecotank-et-4800-wireless-all-in-one-cartridge-free-supertank-printer","status":"publish","type":"product","link":"https:\/\/engitech.az\/en\/product\/ecotank-et-4800-wireless-all-in-one-cartridge-free-supertank-printer\/","title":{"rendered":"EcoTank ET-4800 Wireless All-in-One Cartridge-Free Supertank Printer"},"content":{"rendered":"<ul>\n<li data-start=\"42\" data-end=\"124\"><strong data-start=\"42\" data-end=\"53\">M\u0259hsul:<\/strong> EcoTank ET-4800 Wireless All-in-One Cartridge-Free Supertank Printer<\/li>\n<li data-start=\"127\" data-end=\"184\"><strong data-start=\"127\" data-end=\"142\">Category:<\/strong> All-in-One Printer (\u00c7ap\/Skanner\/Kopiya)<\/li>\n<li data-start=\"187\" data-end=\"224\"><strong data-start=\"187\" data-end=\"197\">Marka:<\/strong> Epson (EcoTank seriyas\u0131)<\/li>\n<li data-start=\"227\" data-end=\"278\"><strong data-start=\"227\" data-end=\"249\">\u00c7ap Texnologiyas\u0131:<\/strong> Supertank (Cartridge-Free)<\/li>\n<li data-start=\"281\" data-end=\"308\"><strong data-start=\"281\" data-end=\"291\">Contact:<\/strong> Wi-Fi Wireless<\/li>\n<li data-start=\"311\" data-end=\"347\"><strong data-start=\"311\" data-end=\"327\">Functions:<\/strong> \u00c7ap, skan, kopiya<\/li>\n<li data-start=\"350\" data-end=\"412\"><strong data-start=\"350\" data-end=\"363\">Usage:<\/strong> Ev v\u0259 ofis \u00fc\u00e7\u00fcn q\u0259na\u0259tcil v\u0259 y\u00fcks\u0259k h\u0259cmli \u00e7ap<\/li>\n<\/ul>","protected":false},"excerpt":{"rendered":"<p>M\u0259hsul: EcoTank ET-4800 Wireless All-in-One Cartridge-Free Supertank Printer Kateqoriya: All-in-One  [&#8230;]<\/p>","protected":false},"featured_media":11428,"comment_status":"open","ping_status":"closed","template":"","meta":[],"product_brand":[],"product_cat":[239],"product_tag":[],"class_list":{"0":"post-11427","1":"product","2":"type-product","3":"status-publish","4":"has-post-thumbnail","6":"product_cat-epson","7":"pa_mehsul-tipi-printers","9":"first","10":"instock","11":"sold-individually","12":"shipping-taxable","13":"purchasable","14":"product-type-simple"},"_links":{"self":[{"href":"https:\/\/engitech.az\/en\/wp-json\/wp\/v2\/product\/11427","targetHints":{"allow":["GET"]}}],"collection":[{"href":"https:\/\/engitech.az\/en\/wp-json\/wp\/v2\/product"}],"about":[{"href":"https:\/\/engitech.az\/en\/wp-json\/wp\/v2\/types\/product"}],"replies":[{"embeddable":true,"href":"https:\/\/engitech.az\/en\/wp-json\/wp\/v2\/comments?post=11427"}],"wp:featuredmedia":[{"embeddable":true,"href":"https:\/\/engitech.az\/en\/wp-json\/wp\/v2\/media\/11428"}],"wp:attachment":[{"href":"https:\/\/engitech.az\/en\/wp-json\/wp\/v2\/media?parent=11427"}],"wp:term":[{"taxonomy":"product_brand","embeddable":true,"href":"https:\/\/engitech.az\/en\/wp-json\/wp\/v2\/product_brand?post=11427"},{"taxonomy":"product_cat","embeddable":true,"href":"https:\/\/engitech.az\/en\/wp-json\/wp\/v2\/product_cat?post=11427"},{"taxonomy":"product_tag","embeddable":true,"href":"https:\/\/engitech.az\/en\/wp-json\/wp\/v2\/product_tag?post=11427"}],"curies":[{"name":"wp","href":"https:\/\/api.w.org\/{rel}","templated":true}]}}