{"id":11429,"date":"2026-02-20T06:58:28","date_gmt":"2026-02-20T06:58:28","guid":{"rendered":"https:\/\/engitech.az\/?post_type=product&#038;p=11429"},"modified":"2026-02-20T06:58:29","modified_gmt":"2026-02-20T06:58:29","slug":"ecotank-et-2980-wireless-all-in-one-color-supertank-printer","status":"publish","type":"product","link":"https:\/\/engitech.az\/en\/product\/ecotank-et-2980-wireless-all-in-one-color-supertank-printer\/","title":{"rendered":"EcoTank ET-2980 Wireless All-in-One Color Supertank Printer"},"content":{"rendered":"<ul>\n<li data-start=\"42\" data-end=\"115\"><strong data-start=\"42\" data-end=\"53\">M\u0259hsul:<\/strong> EcoTank ET-2980 Wireless All-in-One Color Supertank Printer<\/li>\n<li data-start=\"118\" data-end=\"175\"><strong data-start=\"118\" data-end=\"133\">Category:<\/strong> All-in-One Printer (\u00c7ap\/Skanner\/Kopiya)<\/li>\n<li data-start=\"178\" data-end=\"215\"><strong data-start=\"178\" data-end=\"188\">Marka:<\/strong> Epson (EcoTank seriyas\u0131)<\/li>\n<li data-start=\"218\" data-end=\"269\"><strong data-start=\"218\" data-end=\"240\">\u00c7ap Texnologiyas\u0131:<\/strong> Supertank (Cartridge-Free)<\/li>\n<li data-start=\"272\" data-end=\"299\"><strong data-start=\"272\" data-end=\"282\">Contact:<\/strong> Wi-Fi Wireless<\/li>\n<li data-start=\"302\" data-end=\"338\"><strong data-start=\"302\" data-end=\"318\">Functions:<\/strong> \u00c7ap, skan, kopiya<\/li>\n<li data-start=\"341\" data-end=\"396\"><strong data-start=\"341\" data-end=\"354\">Usage:<\/strong> Ev v\u0259 ofis \u00fc\u00e7\u00fcn q\u0259na\u0259tcil v\u0259 r\u0259ngli \u00e7ap<\/li>\n<\/ul>","protected":false},"excerpt":{"rendered":"<p>M\u0259hsul: EcoTank ET-2980 Wireless All-in-One Color Supertank Printer Kateqoriya: All-in-One  [&#8230;]<\/p>","protected":false},"featured_media":11430,"comment_status":"open","ping_status":"closed","template":"","meta":[],"product_brand":[],"product_cat":[239],"product_tag":[],"class_list":{"0":"post-11429","1":"product","2":"type-product","3":"status-publish","4":"has-post-thumbnail","6":"product_cat-epson","7":"pa_mehsul-tipi-printers","9":"first","10":"instock","11":"sold-individually","12":"shipping-taxable","13":"purchasable","14":"product-type-simple"},"_links":{"self":[{"href":"https:\/\/engitech.az\/en\/wp-json\/wp\/v2\/product\/11429","targetHints":{"allow":["GET"]}}],"collection":[{"href":"https:\/\/engitech.az\/en\/wp-json\/wp\/v2\/product"}],"about":[{"href":"https:\/\/engitech.az\/en\/wp-json\/wp\/v2\/types\/product"}],"replies":[{"embeddable":true,"href":"https:\/\/engitech.az\/en\/wp-json\/wp\/v2\/comments?post=11429"}],"wp:featuredmedia":[{"embeddable":true,"href":"https:\/\/engitech.az\/en\/wp-json\/wp\/v2\/media\/11430"}],"wp:attachment":[{"href":"https:\/\/engitech.az\/en\/wp-json\/wp\/v2\/media?parent=11429"}],"wp:term":[{"taxonomy":"product_brand","embeddable":true,"href":"https:\/\/engitech.az\/en\/wp-json\/wp\/v2\/product_brand?post=11429"},{"taxonomy":"product_cat","embeddable":true,"href":"https:\/\/engitech.az\/en\/wp-json\/wp\/v2\/product_cat?post=11429"},{"taxonomy":"product_tag","embeddable":true,"href":"https:\/\/engitech.az\/en\/wp-json\/wp\/v2\/product_tag?post=11429"}],"curies":[{"name":"wp","href":"https:\/\/api.w.org\/{rel}","templated":true}]}}