{"id":11431,"date":"2026-02-20T07:00:34","date_gmt":"2026-02-20T07:00:34","guid":{"rendered":"https:\/\/engitech.az\/?post_type=product&#038;p=11431"},"modified":"2026-02-20T07:00:34","modified_gmt":"2026-02-20T07:00:34","slug":"ecotank-photo-et-8500-wireless-color-all-in-one-supertank-printer","status":"publish","type":"product","link":"https:\/\/engitech.az\/en\/product\/ecotank-photo-et-8500-wireless-color-all-in-one-supertank-printer\/","title":{"rendered":"EcoTank Photo ET-8500 Wireless Color All-in-One Supertank Printer"},"content":{"rendered":"<ul>\n<li data-start=\"42\" data-end=\"121\"><strong data-start=\"42\" data-end=\"53\">M\u0259hsul:<\/strong> EcoTank Photo ET-8500 Wireless Color All-in-One Supertank Printer<\/li>\n<li data-start=\"124\" data-end=\"181\"><strong data-start=\"124\" data-end=\"139\">Category:<\/strong> All-in-One Printer (\u00c7ap\/Skanner\/Kopiya)<\/li>\n<li data-start=\"184\" data-end=\"221\"><strong data-start=\"184\" data-end=\"194\">Marka:<\/strong> Epson (EcoTank seriyas\u0131)<\/li>\n<li data-start=\"224\" data-end=\"275\"><strong data-start=\"224\" data-end=\"246\">\u00c7ap Texnologiyas\u0131:<\/strong> Supertank (Cartridge-Free)<\/li>\n<li data-start=\"278\" data-end=\"305\"><strong data-start=\"278\" data-end=\"288\">Contact:<\/strong> Wi-Fi Wireless<\/li>\n<li data-start=\"308\" data-end=\"344\"><strong data-start=\"308\" data-end=\"324\">Functions:<\/strong> \u00c7ap, skan, kopiya<\/li>\n<li data-start=\"347\" data-end=\"423\"><strong data-start=\"347\" data-end=\"360\">Usage:<\/strong> Ev v\u0259 foto \u00e7ap\u0131 \u00fc\u00e7\u00fcn y\u00fcks\u0259k keyfiyy\u0259tli v\u0259 q\u0259na\u0259tcil printer<\/li>\n<\/ul>","protected":false},"excerpt":{"rendered":"<p>M\u0259hsul: EcoTank Photo ET-8500 Wireless Color All-in-One Supertank Printer Kateqoriya:  [&#8230;]<\/p>","protected":false},"featured_media":11432,"comment_status":"open","ping_status":"closed","template":"","meta":[],"product_brand":[],"product_cat":[239],"product_tag":[],"class_list":{"0":"post-11431","1":"product","2":"type-product","3":"status-publish","4":"has-post-thumbnail","6":"product_cat-epson","7":"pa_mehsul-tipi-printers","9":"first","10":"instock","11":"sold-individually","12":"shipping-taxable","13":"purchasable","14":"product-type-simple"},"_links":{"self":[{"href":"https:\/\/engitech.az\/en\/wp-json\/wp\/v2\/product\/11431","targetHints":{"allow":["GET"]}}],"collection":[{"href":"https:\/\/engitech.az\/en\/wp-json\/wp\/v2\/product"}],"about":[{"href":"https:\/\/engitech.az\/en\/wp-json\/wp\/v2\/types\/product"}],"replies":[{"embeddable":true,"href":"https:\/\/engitech.az\/en\/wp-json\/wp\/v2\/comments?post=11431"}],"wp:featuredmedia":[{"embeddable":true,"href":"https:\/\/engitech.az\/en\/wp-json\/wp\/v2\/media\/11432"}],"wp:attachment":[{"href":"https:\/\/engitech.az\/en\/wp-json\/wp\/v2\/media?parent=11431"}],"wp:term":[{"taxonomy":"product_brand","embeddable":true,"href":"https:\/\/engitech.az\/en\/wp-json\/wp\/v2\/product_brand?post=11431"},{"taxonomy":"product_cat","embeddable":true,"href":"https:\/\/engitech.az\/en\/wp-json\/wp\/v2\/product_cat?post=11431"},{"taxonomy":"product_tag","embeddable":true,"href":"https:\/\/engitech.az\/en\/wp-json\/wp\/v2\/product_tag?post=11431"}],"curies":[{"name":"wp","href":"https:\/\/api.w.org\/{rel}","templated":true}]}}