{"id":11433,"date":"2026-02-20T07:03:21","date_gmt":"2026-02-20T07:03:21","guid":{"rendered":"https:\/\/engitech.az\/?post_type=product&#038;p=11433"},"modified":"2026-02-20T07:03:21","modified_gmt":"2026-02-20T07:03:21","slug":"expression-home-xp-4205-wireless-color-inkjet-all-in-one-printer","status":"publish","type":"product","link":"https:\/\/engitech.az\/en\/product\/expression-home-xp-4205-wireless-color-inkjet-all-in-one-printer\/","title":{"rendered":"Expression Home XP-4205 Wireless Color Inkjet All-in-One Printer"},"content":{"rendered":"<ul>\n<li data-start=\"42\" data-end=\"120\"><strong data-start=\"42\" data-end=\"53\">M\u0259hsul:<\/strong> Expression Home XP-4205 Wireless Color Inkjet All-in-One Printer<\/li>\n<li data-start=\"123\" data-end=\"180\"><strong data-start=\"123\" data-end=\"138\">Category:<\/strong> All-in-One Printer (\u00c7ap\/Skanner\/Kopiya)<\/li>\n<li data-start=\"183\" data-end=\"228\"><strong data-start=\"183\" data-end=\"193\">Marka:<\/strong> Epson (Expression Home seriyas\u0131)<\/li>\n<li data-start=\"231\" data-end=\"262\"><strong data-start=\"231\" data-end=\"253\">\u00c7ap Texnologiyas\u0131:<\/strong> Inkjet<\/li>\n<li data-start=\"265\" data-end=\"292\"><strong data-start=\"265\" data-end=\"275\">Contact:<\/strong> Wi-Fi Wireless<\/li>\n<li data-start=\"295\" data-end=\"331\"><strong data-start=\"295\" data-end=\"311\">Functions:<\/strong> \u00c7ap, skan, kopiya<\/li>\n<li data-start=\"334\" data-end=\"380\"><strong data-start=\"334\" data-end=\"347\">Usage:<\/strong> Ev v\u0259 g\u00fcnd\u0259lik \u00e7ap i\u015fl\u0259ri \u00fc\u00e7\u00fcn<\/li>\n<\/ul>","protected":false},"excerpt":{"rendered":"<p>M\u0259hsul: Expression Home XP-4205 Wireless Color Inkjet All-in-One Printer Kateqoriya:  [&#8230;]<\/p>","protected":false},"featured_media":11434,"comment_status":"open","ping_status":"closed","template":"","meta":[],"product_brand":[],"product_cat":[239],"product_tag":[],"class_list":{"0":"post-11433","1":"product","2":"type-product","3":"status-publish","4":"has-post-thumbnail","6":"product_cat-epson","7":"pa_mehsul-tipi-printers","9":"first","10":"instock","11":"sold-individually","12":"shipping-taxable","13":"purchasable","14":"product-type-simple"},"_links":{"self":[{"href":"https:\/\/engitech.az\/en\/wp-json\/wp\/v2\/product\/11433","targetHints":{"allow":["GET"]}}],"collection":[{"href":"https:\/\/engitech.az\/en\/wp-json\/wp\/v2\/product"}],"about":[{"href":"https:\/\/engitech.az\/en\/wp-json\/wp\/v2\/types\/product"}],"replies":[{"embeddable":true,"href":"https:\/\/engitech.az\/en\/wp-json\/wp\/v2\/comments?post=11433"}],"wp:featuredmedia":[{"embeddable":true,"href":"https:\/\/engitech.az\/en\/wp-json\/wp\/v2\/media\/11434"}],"wp:attachment":[{"href":"https:\/\/engitech.az\/en\/wp-json\/wp\/v2\/media?parent=11433"}],"wp:term":[{"taxonomy":"product_brand","embeddable":true,"href":"https:\/\/engitech.az\/en\/wp-json\/wp\/v2\/product_brand?post=11433"},{"taxonomy":"product_cat","embeddable":true,"href":"https:\/\/engitech.az\/en\/wp-json\/wp\/v2\/product_cat?post=11433"},{"taxonomy":"product_tag","embeddable":true,"href":"https:\/\/engitech.az\/en\/wp-json\/wp\/v2\/product_tag?post=11433"}],"curies":[{"name":"wp","href":"https:\/\/api.w.org\/{rel}","templated":true}]}}