{"id":11435,"date":"2026-02-20T07:06:30","date_gmt":"2026-02-20T07:06:30","guid":{"rendered":"https:\/\/engitech.az\/?post_type=product&#038;p=11435"},"modified":"2026-02-20T07:06:30","modified_gmt":"2026-02-20T07:06:30","slug":"workforce-wf-2950-wireless-all-in-one-color-inkjet-printer","status":"publish","type":"product","link":"https:\/\/engitech.az\/en\/product\/workforce-wf-2950-wireless-all-in-one-color-inkjet-printer\/","title":{"rendered":"WorkForce WF-2950 Wireless All-in-One Color Inkjet Printer"},"content":{"rendered":"<ul>\n<li data-start=\"42\" data-end=\"114\"><strong data-start=\"42\" data-end=\"53\">M\u0259hsul:<\/strong> WorkForce WF-2950 Wireless All-in-One Color Inkjet Printer<\/li>\n<li data-start=\"117\" data-end=\"174\"><strong data-start=\"117\" data-end=\"132\">Category:<\/strong> All-in-One Printer (\u00c7ap\/Skanner\/Kopiya)<\/li>\n<li data-start=\"177\" data-end=\"216\"><strong data-start=\"177\" data-end=\"187\">Marka:<\/strong> Epson (WorkForce seriyas\u0131)<\/li>\n<li data-start=\"219\" data-end=\"250\"><strong data-start=\"219\" data-end=\"241\">\u00c7ap Texnologiyas\u0131:<\/strong> Inkjet<\/li>\n<li data-start=\"253\" data-end=\"280\"><strong data-start=\"253\" data-end=\"263\">Contact:<\/strong> Wi-Fi Wireless<\/li>\n<li data-start=\"283\" data-end=\"319\"><strong data-start=\"283\" data-end=\"299\">Functions:<\/strong> \u00c7ap, skan, kopiya<\/li>\n<li data-start=\"322\" data-end=\"364\"><strong data-start=\"322\" data-end=\"335\">Usage:<\/strong> Ev v\u0259 ofis \u00fc\u00e7\u00fcn r\u0259ngli \u00e7ap<\/li>\n<\/ul>","protected":false},"excerpt":{"rendered":"<p>M\u0259hsul: WorkForce WF-2950 Wireless All-in-One Color Inkjet Printer Kateqoriya: All-in-One  [&#8230;]<\/p>","protected":false},"featured_media":11436,"comment_status":"open","ping_status":"closed","template":"","meta":[],"product_brand":[],"product_cat":[239],"product_tag":[],"class_list":{"0":"post-11435","1":"product","2":"type-product","3":"status-publish","4":"has-post-thumbnail","6":"product_cat-epson","7":"pa_mehsul-tipi-printers","9":"first","10":"instock","11":"sold-individually","12":"shipping-taxable","13":"purchasable","14":"product-type-simple"},"_links":{"self":[{"href":"https:\/\/engitech.az\/en\/wp-json\/wp\/v2\/product\/11435","targetHints":{"allow":["GET"]}}],"collection":[{"href":"https:\/\/engitech.az\/en\/wp-json\/wp\/v2\/product"}],"about":[{"href":"https:\/\/engitech.az\/en\/wp-json\/wp\/v2\/types\/product"}],"replies":[{"embeddable":true,"href":"https:\/\/engitech.az\/en\/wp-json\/wp\/v2\/comments?post=11435"}],"wp:featuredmedia":[{"embeddable":true,"href":"https:\/\/engitech.az\/en\/wp-json\/wp\/v2\/media\/11436"}],"wp:attachment":[{"href":"https:\/\/engitech.az\/en\/wp-json\/wp\/v2\/media?parent=11435"}],"wp:term":[{"taxonomy":"product_brand","embeddable":true,"href":"https:\/\/engitech.az\/en\/wp-json\/wp\/v2\/product_brand?post=11435"},{"taxonomy":"product_cat","embeddable":true,"href":"https:\/\/engitech.az\/en\/wp-json\/wp\/v2\/product_cat?post=11435"},{"taxonomy":"product_tag","embeddable":true,"href":"https:\/\/engitech.az\/en\/wp-json\/wp\/v2\/product_tag?post=11435"}],"curies":[{"name":"wp","href":"https:\/\/api.w.org\/{rel}","templated":true}]}}