{"id":11437,"date":"2026-02-20T07:15:28","date_gmt":"2026-02-20T07:15:28","guid":{"rendered":"https:\/\/engitech.az\/?post_type=product&#038;p=11437"},"modified":"2026-02-20T07:15:28","modified_gmt":"2026-02-20T07:15:28","slug":"workforce-pro-wf-c4310-color-printer","status":"publish","type":"product","link":"https:\/\/engitech.az\/en\/product\/workforce-pro-wf-c4310-color-printer\/","title":{"rendered":"WorkForce Pro WF-C4310 Color Printer"},"content":{"rendered":"<ul>\n<li data-start=\"42\" data-end=\"92\"><strong data-start=\"42\" data-end=\"53\">M\u0259hsul:<\/strong> WorkForce Pro WF-C4310 Color Printer<\/li>\n<li data-start=\"95\" data-end=\"139\"><strong data-start=\"95\" data-end=\"110\">Category:<\/strong> All-in-One \/ Color Printer<\/li>\n<li data-start=\"142\" data-end=\"185\"><strong data-start=\"142\" data-end=\"152\">Marka:<\/strong> Epson (WorkForce Pro seriyas\u0131)<\/li>\n<li data-start=\"188\" data-end=\"246\"><strong data-start=\"188\" data-end=\"210\">\u00c7ap Texnologiyas\u0131:<\/strong> Inkjet (A\u015fa\u011f\u0131 davaml\u0131 m\u00fcr\u0259kk\u0259bli)<\/li>\n<li data-start=\"249\" data-end=\"273\"><strong data-start=\"249\" data-end=\"259\">Contact:<\/strong> Wi-Fi \/ USB<\/li>\n<li data-start=\"276\" data-end=\"355\"><strong data-start=\"276\" data-end=\"292\">Functions:<\/strong> \u00c7ap, skan, kopiya (\u0259g\u0259r model bu funksiyalar\u0131 d\u0259st\u0259kl\u0259yirs\u0259)<\/li>\n<li data-start=\"358\" data-end=\"408\"><strong data-start=\"358\" data-end=\"371\">Usage:<\/strong> Ev v\u0259 ofis \u00fc\u00e7\u00fcn pe\u015f\u0259kar r\u0259ngli \u00e7ap<\/li>\n<\/ul>","protected":false},"excerpt":{"rendered":"<p>M\u0259hsul: WorkForce Pro WF-C4310 Color Printer Kateqoriya: All-in-One \/ Color  [&#8230;]<\/p>","protected":false},"featured_media":11438,"comment_status":"open","ping_status":"closed","template":"","meta":[],"product_brand":[],"product_cat":[239],"product_tag":[],"class_list":{"0":"post-11437","1":"product","2":"type-product","3":"status-publish","4":"has-post-thumbnail","6":"product_cat-epson","7":"pa_mehsul-tipi-printers","9":"first","10":"instock","11":"sold-individually","12":"shipping-taxable","13":"purchasable","14":"product-type-simple"},"_links":{"self":[{"href":"https:\/\/engitech.az\/en\/wp-json\/wp\/v2\/product\/11437","targetHints":{"allow":["GET"]}}],"collection":[{"href":"https:\/\/engitech.az\/en\/wp-json\/wp\/v2\/product"}],"about":[{"href":"https:\/\/engitech.az\/en\/wp-json\/wp\/v2\/types\/product"}],"replies":[{"embeddable":true,"href":"https:\/\/engitech.az\/en\/wp-json\/wp\/v2\/comments?post=11437"}],"wp:featuredmedia":[{"embeddable":true,"href":"https:\/\/engitech.az\/en\/wp-json\/wp\/v2\/media\/11438"}],"wp:attachment":[{"href":"https:\/\/engitech.az\/en\/wp-json\/wp\/v2\/media?parent=11437"}],"wp:term":[{"taxonomy":"product_brand","embeddable":true,"href":"https:\/\/engitech.az\/en\/wp-json\/wp\/v2\/product_brand?post=11437"},{"taxonomy":"product_cat","embeddable":true,"href":"https:\/\/engitech.az\/en\/wp-json\/wp\/v2\/product_cat?post=11437"},{"taxonomy":"product_tag","embeddable":true,"href":"https:\/\/engitech.az\/en\/wp-json\/wp\/v2\/product_tag?post=11437"}],"curies":[{"name":"wp","href":"https:\/\/api.w.org\/{rel}","templated":true}]}}