{"id":11439,"date":"2026-02-20T07:26:15","date_gmt":"2026-02-20T07:26:15","guid":{"rendered":"https:\/\/engitech.az\/?post_type=product&#038;p=11439"},"modified":"2026-02-20T07:26:16","modified_gmt":"2026-02-20T07:26:16","slug":"ecotank-et-m1170-wireless-monochrome-supertank-printer","status":"publish","type":"product","link":"https:\/\/engitech.az\/en\/product\/ecotank-et-m1170-wireless-monochrome-supertank-printer\/","title":{"rendered":"EcoTank ET-M1170 Wireless Monochrome Supertank Printer"},"content":{"rendered":"<ul>\n<li data-start=\"42\" data-end=\"110\"><strong data-start=\"42\" data-end=\"53\">M\u0259hsul:<\/strong> EcoTank ET-M1170 Wireless Monochrome Supertank Printer<\/li>\n<li data-start=\"113\" data-end=\"159\"><strong data-start=\"113\" data-end=\"128\">Category:<\/strong> Monochrome (Qara-A\u011f) Printer<\/li>\n<li data-start=\"162\" data-end=\"199\"><strong data-start=\"162\" data-end=\"172\">Marka:<\/strong> Epson (EcoTank seriyas\u0131)<\/li>\n<li data-start=\"202\" data-end=\"253\"><strong data-start=\"202\" data-end=\"224\">\u00c7ap Texnologiyas\u0131:<\/strong> Supertank (Cartridge-Free)<\/li>\n<li data-start=\"256\" data-end=\"283\"><strong data-start=\"256\" data-end=\"266\">Contact:<\/strong> Wi-Fi Wireless<\/li>\n<li data-start=\"286\" data-end=\"308\"><strong data-start=\"286\" data-end=\"302\">Functions:<\/strong> \u00c7ap<\/li>\n<li data-start=\"311\" data-end=\"364\"><strong data-start=\"311\" data-end=\"324\">Usage:<\/strong> Ev v\u0259 ofis \u00fc\u00e7\u00fcn q\u0259na\u0259tcil qara-a\u011f \u00e7ap<\/li>\n<\/ul>","protected":false},"excerpt":{"rendered":"<p>M\u0259hsul: EcoTank ET-M1170 Wireless Monochrome Supertank Printer Kateqoriya: Monochrome (Qara-A\u011f)  [&#8230;]<\/p>","protected":false},"featured_media":11440,"comment_status":"open","ping_status":"closed","template":"","meta":[],"product_brand":[],"product_cat":[239],"product_tag":[],"class_list":{"0":"post-11439","1":"product","2":"type-product","3":"status-publish","4":"has-post-thumbnail","6":"product_cat-epson","7":"pa_mehsul-tipi-printers","9":"first","10":"instock","11":"sold-individually","12":"shipping-taxable","13":"purchasable","14":"product-type-simple"},"_links":{"self":[{"href":"https:\/\/engitech.az\/en\/wp-json\/wp\/v2\/product\/11439","targetHints":{"allow":["GET"]}}],"collection":[{"href":"https:\/\/engitech.az\/en\/wp-json\/wp\/v2\/product"}],"about":[{"href":"https:\/\/engitech.az\/en\/wp-json\/wp\/v2\/types\/product"}],"replies":[{"embeddable":true,"href":"https:\/\/engitech.az\/en\/wp-json\/wp\/v2\/comments?post=11439"}],"wp:featuredmedia":[{"embeddable":true,"href":"https:\/\/engitech.az\/en\/wp-json\/wp\/v2\/media\/11440"}],"wp:attachment":[{"href":"https:\/\/engitech.az\/en\/wp-json\/wp\/v2\/media?parent=11439"}],"wp:term":[{"taxonomy":"product_brand","embeddable":true,"href":"https:\/\/engitech.az\/en\/wp-json\/wp\/v2\/product_brand?post=11439"},{"taxonomy":"product_cat","embeddable":true,"href":"https:\/\/engitech.az\/en\/wp-json\/wp\/v2\/product_cat?post=11439"},{"taxonomy":"product_tag","embeddable":true,"href":"https:\/\/engitech.az\/en\/wp-json\/wp\/v2\/product_tag?post=11439"}],"curies":[{"name":"wp","href":"https:\/\/api.w.org\/{rel}","templated":true}]}}