{"id":11441,"date":"2026-02-20T07:28:54","date_gmt":"2026-02-20T07:28:54","guid":{"rendered":"https:\/\/engitech.az\/?post_type=product&#038;p=11441"},"modified":"2026-02-20T07:28:54","modified_gmt":"2026-02-20T07:28:54","slug":"workforce-ec-c7000-color-multifunction-printer-up-to-13-x-19-inches","status":"publish","type":"product","link":"https:\/\/engitech.az\/en\/product\/workforce-ec-c7000-color-multifunction-printer-up-to-13-x-19-inches\/","title":{"rendered":"WorkForce EC-C7000 Color Multifunction Printer Up to 13 x 19 Inches"},"content":{"rendered":"<ul>\n<li data-start=\"42\" data-end=\"125\"><strong data-start=\"42\" data-end=\"53\">M\u0259hsul:<\/strong> WorkForce EC-C7000 Color Multifunction Printer (Up to 13 x 19 Inches)<\/li>\n<li data-start=\"128\" data-end=\"188\"><strong data-start=\"128\" data-end=\"143\">Category:<\/strong> Multifunction Printer (\u00c7ap\/Skanner\/Kopiya)<\/li>\n<li data-start=\"191\" data-end=\"230\"><strong data-start=\"191\" data-end=\"201\">Marka:<\/strong> Epson (WorkForce seriyas\u0131)<\/li>\n<li data-start=\"233\" data-end=\"283\"><strong data-start=\"233\" data-end=\"249\">\u00c7ap Format\u0131:<\/strong> R\u0259ngli, <strong data-start=\"258\" data-end=\"273\">13 x 19 in\u00e7<\/strong>-\u0259 q\u0259d\u0259r<\/li>\n<li data-start=\"286\" data-end=\"317\"><strong data-start=\"286\" data-end=\"308\">\u00c7ap Texnologiyas\u0131:<\/strong> Inkjet<\/li>\n<li data-start=\"320\" data-end=\"355\"><strong data-start=\"320\" data-end=\"330\">Contact:<\/strong> Wi-Fi \/ USB \/ Ethernet<\/li>\n<li data-start=\"358\" data-end=\"394\"><strong data-start=\"358\" data-end=\"374\">Functions:<\/strong> \u00c7ap, skan, kopiya<\/li>\n<li data-start=\"397\" data-end=\"447\"><strong data-start=\"397\" data-end=\"410\">Usage:<\/strong> Ev v\u0259 ofis \u00fc\u00e7\u00fcn b\u00f6y\u00fck formatl\u0131 \u00e7ap<\/li>\n<\/ul>","protected":false},"excerpt":{"rendered":"<p>M\u0259hsul: WorkForce EC-C7000 Color Multifunction Printer (Up to 13 x  [&#8230;]<\/p>","protected":false},"featured_media":11442,"comment_status":"open","ping_status":"closed","template":"","meta":[],"product_brand":[],"product_cat":[239],"product_tag":[],"class_list":{"0":"post-11441","1":"product","2":"type-product","3":"status-publish","4":"has-post-thumbnail","6":"product_cat-epson","7":"pa_mehsul-tipi-printers","9":"first","10":"instock","11":"sold-individually","12":"shipping-taxable","13":"purchasable","14":"product-type-simple"},"_links":{"self":[{"href":"https:\/\/engitech.az\/en\/wp-json\/wp\/v2\/product\/11441","targetHints":{"allow":["GET"]}}],"collection":[{"href":"https:\/\/engitech.az\/en\/wp-json\/wp\/v2\/product"}],"about":[{"href":"https:\/\/engitech.az\/en\/wp-json\/wp\/v2\/types\/product"}],"replies":[{"embeddable":true,"href":"https:\/\/engitech.az\/en\/wp-json\/wp\/v2\/comments?post=11441"}],"wp:featuredmedia":[{"embeddable":true,"href":"https:\/\/engitech.az\/en\/wp-json\/wp\/v2\/media\/11442"}],"wp:attachment":[{"href":"https:\/\/engitech.az\/en\/wp-json\/wp\/v2\/media?parent=11441"}],"wp:term":[{"taxonomy":"product_brand","embeddable":true,"href":"https:\/\/engitech.az\/en\/wp-json\/wp\/v2\/product_brand?post=11441"},{"taxonomy":"product_cat","embeddable":true,"href":"https:\/\/engitech.az\/en\/wp-json\/wp\/v2\/product_cat?post=11441"},{"taxonomy":"product_tag","embeddable":true,"href":"https:\/\/engitech.az\/en\/wp-json\/wp\/v2\/product_tag?post=11441"}],"curies":[{"name":"wp","href":"https:\/\/api.w.org\/{rel}","templated":true}]}}