{"id":11443,"date":"2026-02-20T07:31:20","date_gmt":"2026-02-20T07:31:20","guid":{"rendered":"https:\/\/engitech.az\/?post_type=product&#038;p=11443"},"modified":"2026-02-20T07:31:20","modified_gmt":"2026-02-20T07:31:20","slug":"workforce-st-c2100-supertank-color-mfp","status":"publish","type":"product","link":"https:\/\/engitech.az\/en\/product\/workforce-st-c2100-supertank-color-mfp\/","title":{"rendered":"WorkForce ST-C2100 Supertank Color MFP"},"content":{"rendered":"<ul>\n<li data-start=\"42\" data-end=\"94\"><strong data-start=\"42\" data-end=\"53\">M\u0259hsul:<\/strong> WorkForce ST-C2100 Supertank Color MFP<\/li>\n<li data-start=\"97\" data-end=\"167\"><strong data-start=\"97\" data-end=\"112\">Category:<\/strong> Supertank Multifunction Printer (\u00c7ap\/Skanner\/Kopiya)<\/li>\n<li data-start=\"170\" data-end=\"209\"><strong data-start=\"170\" data-end=\"180\">Marka:<\/strong> Epson (WorkForce seriyas\u0131)<\/li>\n<li data-start=\"212\" data-end=\"263\"><strong data-start=\"212\" data-end=\"234\">\u00c7ap Texnologiyas\u0131:<\/strong> Supertank (Cartridge-Free)<\/li>\n<li data-start=\"266\" data-end=\"290\"><strong data-start=\"266\" data-end=\"276\">Contact:<\/strong> Wi-Fi \/ USB<\/li>\n<li data-start=\"293\" data-end=\"329\"><strong data-start=\"293\" data-end=\"309\">Functions:<\/strong> \u00c7ap, skan, kopiya<\/li>\n<li data-start=\"332\" data-end=\"394\"><strong data-start=\"332\" data-end=\"345\">Usage:<\/strong> Ev v\u0259 ofis \u00fc\u00e7\u00fcn r\u0259ngli \u00e7ap v\u0259 \u00e7oxfunksiyal\u0131 i\u015f<\/li>\n<\/ul>","protected":false},"excerpt":{"rendered":"<p>M\u0259hsul: WorkForce ST-C2100 Supertank Color MFP Kateqoriya: Supertank Multifunction Printer  [&#8230;]<\/p>","protected":false},"featured_media":11444,"comment_status":"open","ping_status":"closed","template":"","meta":[],"product_brand":[],"product_cat":[239],"product_tag":[],"class_list":{"0":"post-11443","1":"product","2":"type-product","3":"status-publish","4":"has-post-thumbnail","6":"product_cat-epson","7":"pa_mehsul-tipi-printers","9":"first","10":"instock","11":"sold-individually","12":"shipping-taxable","13":"purchasable","14":"product-type-simple"},"_links":{"self":[{"href":"https:\/\/engitech.az\/en\/wp-json\/wp\/v2\/product\/11443","targetHints":{"allow":["GET"]}}],"collection":[{"href":"https:\/\/engitech.az\/en\/wp-json\/wp\/v2\/product"}],"about":[{"href":"https:\/\/engitech.az\/en\/wp-json\/wp\/v2\/types\/product"}],"replies":[{"embeddable":true,"href":"https:\/\/engitech.az\/en\/wp-json\/wp\/v2\/comments?post=11443"}],"wp:featuredmedia":[{"embeddable":true,"href":"https:\/\/engitech.az\/en\/wp-json\/wp\/v2\/media\/11444"}],"wp:attachment":[{"href":"https:\/\/engitech.az\/en\/wp-json\/wp\/v2\/media?parent=11443"}],"wp:term":[{"taxonomy":"product_brand","embeddable":true,"href":"https:\/\/engitech.az\/en\/wp-json\/wp\/v2\/product_brand?post=11443"},{"taxonomy":"product_cat","embeddable":true,"href":"https:\/\/engitech.az\/en\/wp-json\/wp\/v2\/product_cat?post=11443"},{"taxonomy":"product_tag","embeddable":true,"href":"https:\/\/engitech.az\/en\/wp-json\/wp\/v2\/product_tag?post=11443"}],"curies":[{"name":"wp","href":"https:\/\/api.w.org\/{rel}","templated":true}]}}