{"id":11445,"date":"2026-02-20T07:34:35","date_gmt":"2026-02-20T07:34:35","guid":{"rendered":"https:\/\/engitech.az\/?post_type=product&#038;p=11445"},"modified":"2026-02-20T07:34:35","modified_gmt":"2026-02-20T07:34:35","slug":"ecotank-pro-et-5170-wireless-all-in-one-supertank-printer","status":"publish","type":"product","link":"https:\/\/engitech.az\/en\/product\/ecotank-pro-et-5170-wireless-all-in-one-supertank-printer\/","title":{"rendered":"EcoTank Pro ET-5170 Wireless All-in-One Supertank Printer"},"content":{"rendered":"<ul>\n<li data-start=\"42\" data-end=\"113\"><strong data-start=\"42\" data-end=\"53\">M\u0259hsul:<\/strong> EcoTank Pro ET-5170 Wireless All-in-One Supertank Printer<\/li>\n<li data-start=\"116\" data-end=\"173\"><strong data-start=\"116\" data-end=\"131\">Category:<\/strong> All-in-One Printer (\u00c7ap\/Skanner\/Kopiya)<\/li>\n<li data-start=\"176\" data-end=\"217\"><strong data-start=\"176\" data-end=\"186\">Marka:<\/strong> Epson (EcoTank Pro seriyas\u0131)<\/li>\n<li data-start=\"220\" data-end=\"271\"><strong data-start=\"220\" data-end=\"242\">\u00c7ap Texnologiyas\u0131:<\/strong> Supertank (Cartridge-Free)<\/li>\n<li data-start=\"274\" data-end=\"309\"><strong data-start=\"274\" data-end=\"284\">Contact:<\/strong> Wi-Fi \/ USB \/ Ethernet<\/li>\n<li data-start=\"312\" data-end=\"348\"><strong data-start=\"312\" data-end=\"328\">Functions:<\/strong> \u00c7ap, skan, kopiya<\/li>\n<li data-start=\"351\" data-end=\"425\"><strong data-start=\"351\" data-end=\"364\">Usage:<\/strong> Ofis v\u0259 pe\u015f\u0259kar i\u015fl\u0259r \u00fc\u00e7\u00fcn q\u0259na\u0259tcil \u00e7oxfunksiyal\u0131 printer<\/li>\n<\/ul>","protected":false},"excerpt":{"rendered":"<p>M\u0259hsul: EcoTank Pro ET-5170 Wireless All-in-One Supertank Printer Kateqoriya: All-in-One  [&#8230;]<\/p>","protected":false},"featured_media":11446,"comment_status":"open","ping_status":"closed","template":"","meta":[],"product_brand":[],"product_cat":[239],"product_tag":[],"class_list":{"0":"post-11445","1":"product","2":"type-product","3":"status-publish","4":"has-post-thumbnail","6":"product_cat-epson","7":"pa_mehsul-tipi-printers","9":"first","10":"instock","11":"sold-individually","12":"shipping-taxable","13":"purchasable","14":"product-type-simple"},"_links":{"self":[{"href":"https:\/\/engitech.az\/en\/wp-json\/wp\/v2\/product\/11445","targetHints":{"allow":["GET"]}}],"collection":[{"href":"https:\/\/engitech.az\/en\/wp-json\/wp\/v2\/product"}],"about":[{"href":"https:\/\/engitech.az\/en\/wp-json\/wp\/v2\/types\/product"}],"replies":[{"embeddable":true,"href":"https:\/\/engitech.az\/en\/wp-json\/wp\/v2\/comments?post=11445"}],"wp:featuredmedia":[{"embeddable":true,"href":"https:\/\/engitech.az\/en\/wp-json\/wp\/v2\/media\/11446"}],"wp:attachment":[{"href":"https:\/\/engitech.az\/en\/wp-json\/wp\/v2\/media?parent=11445"}],"wp:term":[{"taxonomy":"product_brand","embeddable":true,"href":"https:\/\/engitech.az\/en\/wp-json\/wp\/v2\/product_brand?post=11445"},{"taxonomy":"product_cat","embeddable":true,"href":"https:\/\/engitech.az\/en\/wp-json\/wp\/v2\/product_cat?post=11445"},{"taxonomy":"product_tag","embeddable":true,"href":"https:\/\/engitech.az\/en\/wp-json\/wp\/v2\/product_tag?post=11445"}],"curies":[{"name":"wp","href":"https:\/\/api.w.org\/{rel}","templated":true}]}}