{"id":11447,"date":"2026-02-20T07:38:34","date_gmt":"2026-02-20T07:38:34","guid":{"rendered":"https:\/\/engitech.az\/?post_type=product&#038;p=11447"},"modified":"2026-02-20T07:38:34","modified_gmt":"2026-02-20T07:38:34","slug":"surecolor-t2170-24-inch-wireless-printer","status":"publish","type":"product","link":"https:\/\/engitech.az\/en\/product\/surecolor-t2170-24-inch-wireless-printer\/","title":{"rendered":"SureColor T2170 24-Inch Wireless Printer"},"content":{"rendered":"<ul>\n<li data-start=\"42\" data-end=\"96\"><strong data-start=\"42\" data-end=\"53\">M\u0259hsul:<\/strong> SureColor T2170 24-Inch Wireless Printer<\/li>\n<li data-start=\"99\" data-end=\"146\"><strong data-start=\"99\" data-end=\"114\">Category:<\/strong> Wide-Format Printer (24-inch)<\/li>\n<li data-start=\"149\" data-end=\"188\"><strong data-start=\"149\" data-end=\"159\">Marka:<\/strong> Epson (SureColor seriyas\u0131)<\/li>\n<li data-start=\"191\" data-end=\"252\"><strong data-start=\"191\" data-end=\"213\">\u00c7ap Texnologiyas\u0131:<\/strong> Inkjet (Professional \/ Large-Format)<\/li>\n<li data-start=\"255\" data-end=\"288\"><strong data-start=\"255\" data-end=\"265\">Contact:<\/strong> Wi-Fi Wireless \/ USB<\/li>\n<li data-start=\"291\" data-end=\"320\"><strong data-start=\"291\" data-end=\"307\">Functions:<\/strong> R\u0259ngli \u00e7ap<\/li>\n<li data-start=\"323\" data-end=\"394\"><strong data-start=\"323\" data-end=\"336\">Usage:<\/strong> Fotoqrafiya, dizayn v\u0259 b\u00f6y\u00fck formatl\u0131 r\u0259ngli \u00e7ap i\u015fl\u0259ri<\/li>\n<\/ul>","protected":false},"excerpt":{"rendered":"<p>M\u0259hsul: SureColor T2170 24-Inch Wireless Printer Kateqoriya: Wide-Format Printer (24-inch)  [&#8230;]<\/p>","protected":false},"featured_media":11448,"comment_status":"open","ping_status":"closed","template":"","meta":[],"product_brand":[],"product_cat":[239],"product_tag":[],"class_list":{"0":"post-11447","1":"product","2":"type-product","3":"status-publish","4":"has-post-thumbnail","6":"product_cat-epson","7":"pa_mehsul-tipi-printers","9":"first","10":"instock","11":"sold-individually","12":"shipping-taxable","13":"purchasable","14":"product-type-simple"},"_links":{"self":[{"href":"https:\/\/engitech.az\/en\/wp-json\/wp\/v2\/product\/11447","targetHints":{"allow":["GET"]}}],"collection":[{"href":"https:\/\/engitech.az\/en\/wp-json\/wp\/v2\/product"}],"about":[{"href":"https:\/\/engitech.az\/en\/wp-json\/wp\/v2\/types\/product"}],"replies":[{"embeddable":true,"href":"https:\/\/engitech.az\/en\/wp-json\/wp\/v2\/comments?post=11447"}],"wp:featuredmedia":[{"embeddable":true,"href":"https:\/\/engitech.az\/en\/wp-json\/wp\/v2\/media\/11448"}],"wp:attachment":[{"href":"https:\/\/engitech.az\/en\/wp-json\/wp\/v2\/media?parent=11447"}],"wp:term":[{"taxonomy":"product_brand","embeddable":true,"href":"https:\/\/engitech.az\/en\/wp-json\/wp\/v2\/product_brand?post=11447"},{"taxonomy":"product_cat","embeddable":true,"href":"https:\/\/engitech.az\/en\/wp-json\/wp\/v2\/product_cat?post=11447"},{"taxonomy":"product_tag","embeddable":true,"href":"https:\/\/engitech.az\/en\/wp-json\/wp\/v2\/product_tag?post=11447"}],"curies":[{"name":"wp","href":"https:\/\/api.w.org\/{rel}","templated":true}]}}