{"id":11449,"date":"2026-02-20T07:41:45","date_gmt":"2026-02-20T07:41:45","guid":{"rendered":"https:\/\/engitech.az\/?post_type=product&#038;p=11449"},"modified":"2026-02-20T07:41:46","modified_gmt":"2026-02-20T07:41:46","slug":"lq-2090ii-n-network-impact-dot-matrix-printer","status":"publish","type":"product","link":"https:\/\/engitech.az\/en\/product\/lq-2090ii-n-network-impact-dot-matrix-printer\/","title":{"rendered":"LQ-2090II N Network Impact Dot Matrix Printer"},"content":{"rendered":"<ul>\n<li data-start=\"42\" data-end=\"101\"><strong data-start=\"42\" data-end=\"53\">M\u0259hsul:<\/strong> LQ-2090II N Network Impact Dot Matrix Printer<\/li>\n<li data-start=\"104\" data-end=\"147\"><strong data-start=\"104\" data-end=\"119\">Category:<\/strong> Impact Dot Matrix Printer<\/li>\n<li data-start=\"150\" data-end=\"182\"><strong data-start=\"150\" data-end=\"160\">Marka:<\/strong> Epson (LQ seriyas\u0131)<\/li>\n<li data-start=\"185\" data-end=\"220\"><strong data-start=\"185\" data-end=\"195\">Contact:<\/strong> \u015e\u0259b\u0259k\u0259 (Network) \/ USB<\/li>\n<li data-start=\"223\" data-end=\"283\"><strong data-start=\"223\" data-end=\"245\">\u00c7ap Texnologiyas\u0131:<\/strong> Dot Matrix (n\u00f6qt\u0259 prinsipi il\u0259 \u00e7ap)<\/li>\n<li data-start=\"286\" data-end=\"308\"><strong data-start=\"286\" data-end=\"302\">Functions:<\/strong> \u00c7ap<\/li>\n<li data-start=\"311\" data-end=\"362\"><strong data-start=\"311\" data-end=\"324\">Usage:<\/strong> Ofis v\u0259 s\u0259n\u0259d\/kupon \u00e7ap i\u015fl\u0259ri \u00fc\u00e7\u00fcn<\/li>\n<\/ul>","protected":false},"excerpt":{"rendered":"<p>M\u0259hsul: LQ-2090II N Network Impact Dot Matrix Printer Kateqoriya: Impact  [&#8230;]<\/p>","protected":false},"featured_media":11450,"comment_status":"open","ping_status":"closed","template":"","meta":[],"product_brand":[],"product_cat":[239],"product_tag":[],"class_list":{"0":"post-11449","1":"product","2":"type-product","3":"status-publish","4":"has-post-thumbnail","6":"product_cat-epson","7":"pa_mehsul-tipi-printers","9":"first","10":"instock","11":"sold-individually","12":"shipping-taxable","13":"purchasable","14":"product-type-simple"},"_links":{"self":[{"href":"https:\/\/engitech.az\/en\/wp-json\/wp\/v2\/product\/11449","targetHints":{"allow":["GET"]}}],"collection":[{"href":"https:\/\/engitech.az\/en\/wp-json\/wp\/v2\/product"}],"about":[{"href":"https:\/\/engitech.az\/en\/wp-json\/wp\/v2\/types\/product"}],"replies":[{"embeddable":true,"href":"https:\/\/engitech.az\/en\/wp-json\/wp\/v2\/comments?post=11449"}],"wp:featuredmedia":[{"embeddable":true,"href":"https:\/\/engitech.az\/en\/wp-json\/wp\/v2\/media\/11450"}],"wp:attachment":[{"href":"https:\/\/engitech.az\/en\/wp-json\/wp\/v2\/media?parent=11449"}],"wp:term":[{"taxonomy":"product_brand","embeddable":true,"href":"https:\/\/engitech.az\/en\/wp-json\/wp\/v2\/product_brand?post=11449"},{"taxonomy":"product_cat","embeddable":true,"href":"https:\/\/engitech.az\/en\/wp-json\/wp\/v2\/product_cat?post=11449"},{"taxonomy":"product_tag","embeddable":true,"href":"https:\/\/engitech.az\/en\/wp-json\/wp\/v2\/product_tag?post=11449"}],"curies":[{"name":"wp","href":"https:\/\/api.w.org\/{rel}","templated":true}]}}