{"id":11451,"date":"2026-02-20T07:50:45","date_gmt":"2026-02-20T07:50:45","guid":{"rendered":"https:\/\/engitech.az\/?post_type=product&#038;p=11451"},"modified":"2026-02-20T07:50:45","modified_gmt":"2026-02-20T07:50:45","slug":"ex3290-wxga-3lcd-projector","status":"publish","type":"product","link":"https:\/\/engitech.az\/en\/product\/ex3290-wxga-3lcd-projector\/","title":{"rendered":"EX3290 WXGA 3LCD Projector"},"content":{"rendered":"<ul>\n<li data-start=\"42\" data-end=\"82\"><strong data-start=\"42\" data-end=\"53\">M\u0259hsul:<\/strong> EX3290 WXGA 3LCD Projector<\/li>\n<li data-start=\"85\" data-end=\"116\"><strong data-start=\"85\" data-end=\"100\">Category:<\/strong> LCD Proyektor<\/li>\n<li data-start=\"119\" data-end=\"137\"><strong data-start=\"119\" data-end=\"129\">Marka:<\/strong> Epson<\/li>\n<li data-start=\"140\" data-end=\"176\"><strong data-start=\"140\" data-end=\"158\">\u00c7\u0131x\u0131\u015f Q\u0259tnam\u0259:<\/strong> WXGA (1280\u00d7800)<\/li>\n<li data-start=\"179\" data-end=\"202\"><strong data-start=\"179\" data-end=\"195\">Texnologiya:<\/strong> 3LCD<\/li>\n<li data-start=\"205\" data-end=\"267\"><strong data-start=\"205\" data-end=\"218\">Usage:<\/strong> T\u0259qdimat, auditoriya v\u0259 t\u0259hsil \u00fc\u00e7\u00fcn proyeksiya<\/li>\n<li data-start=\"270\" data-end=\"313\"><strong data-start=\"270\" data-end=\"280\">Contact:<\/strong> HDMI \/ VGA \/ USB (model\u0259 g\u00f6r\u0259)<\/li>\n<li data-start=\"316\" data-end=\"392\"><strong data-start=\"316\" data-end=\"334\">Features:<\/strong> Parlaq g\u00f6r\u00fcnt\u00fc v\u0259 t\u0259bii r\u0259ngl\u0259r \u00fc\u00e7\u00fcn 3LCD texnologiyas\u0131<\/li>\n<\/ul>","protected":false},"excerpt":{"rendered":"<p>M\u0259hsul: EX3290 WXGA 3LCD Projector Kateqoriya: LCD Proyektor Marka: Epson  [&#8230;]<\/p>","protected":false},"featured_media":11458,"comment_status":"open","ping_status":"closed","template":"","meta":[],"product_brand":[],"product_cat":[239],"product_tag":[],"class_list":{"0":"post-11451","1":"product","2":"type-product","3":"status-publish","4":"has-post-thumbnail","6":"product_cat-epson","7":"pa_mehsul-tipi-projectors","9":"first","10":"instock","11":"sold-individually","12":"shipping-taxable","13":"purchasable","14":"product-type-simple"},"_links":{"self":[{"href":"https:\/\/engitech.az\/en\/wp-json\/wp\/v2\/product\/11451","targetHints":{"allow":["GET"]}}],"collection":[{"href":"https:\/\/engitech.az\/en\/wp-json\/wp\/v2\/product"}],"about":[{"href":"https:\/\/engitech.az\/en\/wp-json\/wp\/v2\/types\/product"}],"replies":[{"embeddable":true,"href":"https:\/\/engitech.az\/en\/wp-json\/wp\/v2\/comments?post=11451"}],"wp:featuredmedia":[{"embeddable":true,"href":"https:\/\/engitech.az\/en\/wp-json\/wp\/v2\/media\/11458"}],"wp:attachment":[{"href":"https:\/\/engitech.az\/en\/wp-json\/wp\/v2\/media?parent=11451"}],"wp:term":[{"taxonomy":"product_brand","embeddable":true,"href":"https:\/\/engitech.az\/en\/wp-json\/wp\/v2\/product_brand?post=11451"},{"taxonomy":"product_cat","embeddable":true,"href":"https:\/\/engitech.az\/en\/wp-json\/wp\/v2\/product_cat?post=11451"},{"taxonomy":"product_tag","embeddable":true,"href":"https:\/\/engitech.az\/en\/wp-json\/wp\/v2\/product_tag?post=11451"}],"curies":[{"name":"wp","href":"https:\/\/api.w.org\/{rel}","templated":true}]}}