{"id":11459,"date":"2026-02-20T07:54:14","date_gmt":"2026-02-20T07:54:14","guid":{"rendered":"https:\/\/engitech.az\/?post_type=product&#038;p=11459"},"modified":"2026-02-20T07:54:14","modified_gmt":"2026-02-20T07:54:14","slug":"home-cinema-3800-4k-pro-uhd-3-chip-projector-with-hdr","status":"publish","type":"product","link":"https:\/\/engitech.az\/en\/product\/home-cinema-3800-4k-pro-uhd-3-chip-projector-with-hdr\/","title":{"rendered":"Home Cinema 3800 4K PRO-UHD 3-Chip Projector with HDR"},"content":{"rendered":"<ul>\n<li data-start=\"42\" data-end=\"109\"><strong data-start=\"42\" data-end=\"53\">M\u0259hsul:<\/strong> Home Cinema 3800 4K PRO-UHD 3-Chip Projector with HDR<\/li>\n<li data-start=\"112\" data-end=\"150\"><strong data-start=\"112\" data-end=\"127\">Category:<\/strong> 4K PRO-UHD Proyektor<\/li>\n<li data-start=\"153\" data-end=\"171\"><strong data-start=\"153\" data-end=\"163\">Marka:<\/strong> Epson<\/li>\n<li data-start=\"174\" data-end=\"217\"><strong data-start=\"174\" data-end=\"192\">\u00c7\u0131x\u0131\u015f Q\u0259tnam\u0259:<\/strong> 4K PRO-UHD (3840\u00d72160)<\/li>\n<li data-start=\"220\" data-end=\"250\"><strong data-start=\"220\" data-end=\"236\">Texnologiya:<\/strong> 3-Chip 3LCD<\/li>\n<li data-start=\"253\" data-end=\"277\"><strong data-start=\"253\" data-end=\"261\">HDR:<\/strong> HDR10 d\u0259st\u0259yi<\/li>\n<li data-start=\"280\" data-end=\"341\"><strong data-start=\"280\" data-end=\"293\">Usage:<\/strong> Ev kinoteatr\u0131 \u00fc\u00e7\u00fcn y\u00fcks\u0259k keyfiyy\u0259tli g\u00f6r\u00fcnt\u00fc<\/li>\n<li data-start=\"344\" data-end=\"389\"><strong data-start=\"344\" data-end=\"354\">Contact:<\/strong> HDMI \/ USB \/ Wi-Fi (model\u0259 g\u00f6r\u0259)<\/li>\n<\/ul>","protected":false},"excerpt":{"rendered":"<p>M\u0259hsul: Home Cinema 3800 4K PRO-UHD 3-Chip Projector with HDR  [&#8230;]<\/p>","protected":false},"featured_media":11460,"comment_status":"open","ping_status":"closed","template":"","meta":[],"product_brand":[],"product_cat":[239],"product_tag":[],"class_list":{"0":"post-11459","1":"product","2":"type-product","3":"status-publish","4":"has-post-thumbnail","6":"product_cat-epson","7":"pa_mehsul-tipi-projectors","9":"first","10":"instock","11":"sold-individually","12":"shipping-taxable","13":"purchasable","14":"product-type-simple"},"_links":{"self":[{"href":"https:\/\/engitech.az\/en\/wp-json\/wp\/v2\/product\/11459","targetHints":{"allow":["GET"]}}],"collection":[{"href":"https:\/\/engitech.az\/en\/wp-json\/wp\/v2\/product"}],"about":[{"href":"https:\/\/engitech.az\/en\/wp-json\/wp\/v2\/types\/product"}],"replies":[{"embeddable":true,"href":"https:\/\/engitech.az\/en\/wp-json\/wp\/v2\/comments?post=11459"}],"wp:featuredmedia":[{"embeddable":true,"href":"https:\/\/engitech.az\/en\/wp-json\/wp\/v2\/media\/11460"}],"wp:attachment":[{"href":"https:\/\/engitech.az\/en\/wp-json\/wp\/v2\/media?parent=11459"}],"wp:term":[{"taxonomy":"product_brand","embeddable":true,"href":"https:\/\/engitech.az\/en\/wp-json\/wp\/v2\/product_brand?post=11459"},{"taxonomy":"product_cat","embeddable":true,"href":"https:\/\/engitech.az\/en\/wp-json\/wp\/v2\/product_cat?post=11459"},{"taxonomy":"product_tag","embeddable":true,"href":"https:\/\/engitech.az\/en\/wp-json\/wp\/v2\/product_tag?post=11459"}],"curies":[{"name":"wp","href":"https:\/\/api.w.org\/{rel}","templated":true}]}}